{"id":1002,"date":"2022-03-21T19:37:19","date_gmt":"2022-03-21T19:37:19","guid":{"rendered":"https:\/\/goya-tec.com\/?page_id=1002"},"modified":"2025-01-09T12:57:21","modified_gmt":"2025-01-09T12:57:21","slug":"gyr3300","status":"publish","type":"page","link":"https:\/\/goya-tec.com\/en_us\/gyr3300\/","title":{"rendered":"GYR3300"},"content":{"rendered":"<div data-elementor-type=\"wp-page\" data-elementor-id=\"1002\" class=\"elementor elementor-1002\">\n\t\t\t\t\t\t<section class=\"elementor-section elementor-top-section elementor-element elementor-element-44d5b5c7 elementor-section-boxed elementor-section-height-default elementor-section-height-default\" data-id=\"44d5b5c7\" data-element_type=\"section\" data-settings=\"{&quot;jet_parallax_layout_list&quot;:[{&quot;jet_parallax_layout_image&quot;:{&quot;url&quot;:&quot;&quot;,&quot;id&quot;:&quot;&quot;,&quot;size&quot;:&quot;&quot;},&quot;_id&quot;:&quot;a5bf734&quot;,&quot;jet_parallax_layout_image_tablet&quot;:{&quot;url&quot;:&quot;&quot;,&quot;id&quot;:&quot;&quot;,&quot;size&quot;:&quot;&quot;},&quot;jet_parallax_layout_image_mobile&quot;:{&quot;url&quot;:&quot;&quot;,&quot;id&quot;:&quot;&quot;,&quot;size&quot;:&quot;&quot;},&quot;jet_parallax_layout_speed&quot;:{&quot;unit&quot;:&quot;%&quot;,&quot;size&quot;:50,&quot;sizes&quot;:[]},&quot;jet_parallax_layout_type&quot;:&quot;scroll&quot;,&quot;jet_parallax_layout_direction&quot;:null,&quot;jet_parallax_layout_fx_direction&quot;:null,&quot;jet_parallax_layout_z_index&quot;:&quot;&quot;,&quot;jet_parallax_layout_bg_x&quot;:50,&quot;jet_parallax_layout_bg_x_tablet&quot;:&quot;&quot;,&quot;jet_parallax_layout_bg_x_mobile&quot;:&quot;&quot;,&quot;jet_parallax_layout_bg_y&quot;:50,&quot;jet_parallax_layout_bg_y_tablet&quot;:&quot;&quot;,&quot;jet_parallax_layout_bg_y_mobile&quot;:&quot;&quot;,&quot;jet_parallax_layout_bg_size&quot;:&quot;auto&quot;,&quot;jet_parallax_layout_bg_size_tablet&quot;:&quot;&quot;,&quot;jet_parallax_layout_bg_size_mobile&quot;:&quot;&quot;,&quot;jet_parallax_layout_animation_prop&quot;:&quot;transform&quot;,&quot;jet_parallax_layout_on&quot;:[&quot;desktop&quot;,&quot;tablet&quot;]}]}\">\n\t\t\t\t\t\t<div class=\"elementor-container elementor-column-gap-default\">\n\t\t\t\t\t<div class=\"elementor-column elementor-col-100 elementor-top-column elementor-element elementor-element-4bb2d4da\" data-id=\"4bb2d4da\" data-element_type=\"column\">\n\t\t\t<div class=\"elementor-widget-wrap elementor-element-populated\">\n\t\t\t\t\t\t<div class=\"elementor-element elementor-element-525f20e5 elementor-widget elementor-widget-text-editor\" data-id=\"525f20e5\" data-element_type=\"widget\" data-widget_type=\"text-editor.default\">\n\t\t\t\t<div class=\"elementor-widget-container\">\n\t\t\t\t\t\t\t\t\t<div class=\"boldgrid-section\">\r\n<div class=\"container\">\r\n<div class=\"row\">\r\n<div class=\"col-md-12 col-xs-12 col-sm-12\">\r\n\r\n&nbsp;\r\n\r\n<\/div>\r\n<\/div>\r\n<\/div>\r\n<\/div>\t\t\t\t\t\t\t\t<\/div>\n\t\t\t\t<\/div>\n\t\t\t\t\t<\/div>\n\t\t<\/div>\n\t\t\t\t\t<\/div>\n\t\t<\/section>\n\t\t\t\t<section class=\"elementor-section elementor-top-section elementor-element elementor-element-14d8f23 elementor-section-content-middle elementor-section-boxed elementor-section-height-default elementor-section-height-default\" data-id=\"14d8f23\" data-element_type=\"section\" data-settings=\"{&quot;background_background&quot;:&quot;classic&quot;,&quot;jet_parallax_layout_list&quot;:[{&quot;_id&quot;:&quot;9986675&quot;,&quot;jet_parallax_layout_image&quot;:{&quot;url&quot;:&quot;&quot;,&quot;id&quot;:&quot;&quot;,&quot;size&quot;:&quot;&quot;},&quot;jet_parallax_layout_image_tablet&quot;:{&quot;url&quot;:&quot;&quot;,&quot;id&quot;:&quot;&quot;,&quot;size&quot;:&quot;&quot;},&quot;jet_parallax_layout_image_mobile&quot;:{&quot;url&quot;:&quot;&quot;,&quot;id&quot;:&quot;&quot;,&quot;size&quot;:&quot;&quot;},&quot;jet_parallax_layout_speed&quot;:{&quot;unit&quot;:&quot;%&quot;,&quot;size&quot;:50,&quot;sizes&quot;:[]},&quot;jet_parallax_layout_type&quot;:&quot;scroll&quot;,&quot;jet_parallax_layout_direction&quot;:null,&quot;jet_parallax_layout_fx_direction&quot;:null,&quot;jet_parallax_layout_z_index&quot;:&quot;&quot;,&quot;jet_parallax_layout_bg_x&quot;:50,&quot;jet_parallax_layout_bg_x_tablet&quot;:&quot;&quot;,&quot;jet_parallax_layout_bg_x_mobile&quot;:&quot;&quot;,&quot;jet_parallax_layout_bg_y&quot;:50,&quot;jet_parallax_layout_bg_y_tablet&quot;:&quot;&quot;,&quot;jet_parallax_layout_bg_y_mobile&quot;:&quot;&quot;,&quot;jet_parallax_layout_bg_size&quot;:&quot;auto&quot;,&quot;jet_parallax_layout_bg_size_tablet&quot;:&quot;&quot;,&quot;jet_parallax_layout_bg_size_mobile&quot;:&quot;&quot;,&quot;jet_parallax_layout_animation_prop&quot;:&quot;transform&quot;,&quot;jet_parallax_layout_on&quot;:[&quot;desktop&quot;,&quot;tablet&quot;]}]}\">\n\t\t\t\t\t\t<div class=\"elementor-container elementor-column-gap-no\">\n\t\t\t\t\t<div class=\"elementor-column elementor-col-50 elementor-top-column elementor-element elementor-element-27711b3\" data-id=\"27711b3\" data-element_type=\"column\">\n\t\t\t<div class=\"elementor-widget-wrap elementor-element-populated\">\n\t\t\t\t\t\t<div class=\"elementor-element elementor-element-8dc1d57 elementor-widget elementor-widget-image\" data-id=\"8dc1d57\" data-element_type=\"widget\" data-widget_type=\"image.default\">\n\t\t\t\t<div class=\"elementor-widget-container\">\n\t\t\t\t\t\t\t\t\t\t\t\t\t\t\t<img fetchpriority=\"high\" decoding=\"async\" width=\"1200\" height=\"1200\" src=\"https:\/\/goya-tec.com\/wp-content\/uploads\/2022\/03\/Quad-Return-Path.png\" class=\"attachment-full size-full wp-image-926\" alt=\"\" srcset=\"https:\/\/goya-tec.com\/wp-content\/uploads\/2022\/03\/Quad-Return-Path.png 1200w, https:\/\/goya-tec.com\/wp-content\/uploads\/2022\/03\/Quad-Return-Path-300x300.png 300w, https:\/\/goya-tec.com\/wp-content\/uploads\/2022\/03\/Quad-Return-Path-100x100.png 100w, https:\/\/goya-tec.com\/wp-content\/uploads\/2022\/03\/Quad-Return-Path-600x600.png 600w, https:\/\/goya-tec.com\/wp-content\/uploads\/2022\/03\/Quad-Return-Path-1024x1024.png 1024w, https:\/\/goya-tec.com\/wp-content\/uploads\/2022\/03\/Quad-Return-Path-150x150.png 150w, https:\/\/goya-tec.com\/wp-content\/uploads\/2022\/03\/Quad-Return-Path-768x768.png 768w, https:\/\/goya-tec.com\/wp-content\/uploads\/2022\/03\/Quad-Return-Path-230x230.png 230w, https:\/\/goya-tec.com\/wp-content\/uploads\/2022\/03\/Quad-Return-Path-400x400.png 400w, https:\/\/goya-tec.com\/wp-content\/uploads\/2022\/03\/Quad-Return-Path-640x640.png 640w, https:\/\/goya-tec.com\/wp-content\/uploads\/2022\/03\/Quad-Return-Path-48x48.png 48w, https:\/\/goya-tec.com\/wp-content\/uploads\/2022\/03\/Quad-Return-Path-250x250.png 250w, https:\/\/goya-tec.com\/wp-content\/uploads\/2022\/03\/Quad-Return-Path-550x550.png 550w, https:\/\/goya-tec.com\/wp-content\/uploads\/2022\/03\/Quad-Return-Path-800x800.png 800w, https:\/\/goya-tec.com\/wp-content\/uploads\/2022\/03\/Quad-Return-Path-180x180.png 180w, https:\/\/goya-tec.com\/wp-content\/uploads\/2022\/03\/Quad-Return-Path-500x500.png 500w\" sizes=\"(max-width: 1200px) 100vw, 1200px\" \/>\t\t\t\t\t\t\t\t\t\t\t\t\t\t\t<\/div>\n\t\t\t\t<\/div>\n\t\t\t\t\t<\/div>\n\t\t<\/div>\n\t\t\t\t<div class=\"elementor-column elementor-col-50 elementor-top-column elementor-element elementor-element-28b9110\" data-id=\"28b9110\" data-element_type=\"column\">\n\t\t\t<div class=\"elementor-widget-wrap elementor-element-populated\">\n\t\t\t\t\t\t<div class=\"elementor-element elementor-element-cad528d elementor-widget elementor-widget-heading\" data-id=\"cad528d\" data-element_type=\"widget\" data-widget_type=\"heading.default\">\n\t\t\t\t<div class=\"elementor-widget-container\">\n\t\t\t\t\t<h4 class=\"elementor-heading-title elementor-size-default\">GYR3300 Return Path Optical Receiver<\/h4>\t\t\t\t<\/div>\n\t\t\t\t<\/div>\n\t\t\t\t<div class=\"elementor-element elementor-element-ede66e1 elementor-widget__width-initial elementor-widget elementor-widget-text-editor\" data-id=\"ede66e1\" data-element_type=\"widget\" data-widget_type=\"text-editor.default\">\n\t\t\t\t<div class=\"elementor-widget-container\">\n\t\t\t\t\t\t\t\t\t<p><strong>Receptor de Retorno Rack Mount GYR3300 para CATV<\/strong><\/p><p>El <em>GYR3300<\/em> es un receptor de retorno montado en rack, dise\u00f1ado espec\u00edficamente para la recepci\u00f3n de se\u00f1ales de retorno en sistemas CATV interiores. En un rack est\u00e1ndar de 19&#8243; y 1U, el <em>GYR3300<\/em> puede albergar hasta 4 receptores \u00f3pticos de retorno independientes, lo que lo convierte en una soluci\u00f3n flexible y escalable para aplicaciones de telecomunicaciones.<\/p><p>Equipado con un fotodiodo de alto rendimiento y un amplificador h\u00edbrido, el <em>GYR3300<\/em> asegura una banda de retorno limpia, ideal para las se\u00f1ales de subida de <em>Cable Modem<\/em> (upstream). Adem\u00e1s, cuenta con un indicador de potencia \u00f3ptica y un puerto de prueba RF en el panel frontal, que permiten monitorear el estado del receptor y asegurar un rendimiento \u00f3ptimo durante su operaci\u00f3n.<\/p><p>Este dispositivo es una excelente opci\u00f3n para operadores de CATV que requieren una soluci\u00f3n eficiente, confiable y de f\u00e1cil monitoreo para la gesti\u00f3n de se\u00f1ales de retorno en sus redes de distribuci\u00f3n de televisi\u00f3n por cable.<\/p>\t\t\t\t\t\t\t\t<\/div>\n\t\t\t\t<\/div>\n\t\t\t\t<div class=\"elementor-element elementor-element-4c9758d elementor-widget elementor-widget-button\" data-id=\"4c9758d\" data-element_type=\"widget\" data-widget_type=\"button.default\">\n\t\t\t\t<div class=\"elementor-widget-container\">\n\t\t\t\t\t\t\t\t\t<div class=\"elementor-button-wrapper\">\n\t\t\t\t\t<a class=\"elementor-button elementor-button-link elementor-size-sm\" href=\"https:\/\/goya-tec.com\/wp-content\/uploads\/2022\/03\/GYR3300-Quad-Return-Path-Optical-Receiver.doc\" download=\"GYR3300\">\n\t\t\t\t\t\t<span class=\"elementor-button-content-wrapper\">\n\t\t\t\t\t\t\t\t\t<span class=\"elementor-button-text\">Descargar Ficha<\/span>\n\t\t\t\t\t<\/span>\n\t\t\t\t\t<\/a>\n\t\t\t\t<\/div>\n\t\t\t\t\t\t\t\t<\/div>\n\t\t\t\t<\/div>\n\t\t\t\t\t<\/div>\n\t\t<\/div>\n\t\t\t\t\t<\/div>\n\t\t<\/section>\n\t\t\t\t<\/div>","protected":false},"excerpt":{"rendered":"<p>&nbsp; GYR3300 Return Path Optical Receiver Receptor de Retorno Rack Mount GYR3300 para CATV El GYR3300 es un receptor de retorno montado en rack, dise\u00f1ado espec\u00edficamente para la recepci\u00f3n de se\u00f1ales de retorno en sistemas CATV interiores. En un rack est\u00e1ndar de 19&#8243; y 1U, el GYR3300 puede albergar hasta 4 receptores \u00f3pticos de retorno [&#8230;]","protected":false},"author":3,"featured_media":0,"parent":0,"menu_order":0,"comment_status":"closed","ping_status":"closed","template":"template\/page\/fullwidth.php","meta":{"bgseo_title":"","bgseo_description":"","bgseo_robots_index":"index","bgseo_robots_follow":"follow","om_disable_all_campaigns":false,"_monsterinsights_skip_tracking":false,"_monsterinsights_sitenote_active":false,"_monsterinsights_sitenote_note":"","_monsterinsights_sitenote_category":0,"footnotes":""},"class_list":["post-1002","page","type-page","status-publish","hentry"],"yoast_head":"<!-- This site is optimized with the Yoast SEO plugin v24.5 - https:\/\/yoast.com\/wordpress\/plugins\/seo\/ -->\n<title>GYR3300 | Goya-Tec<\/title>\n<meta name=\"robots\" content=\"index, follow, max-snippet:-1, max-image-preview:large, max-video-preview:-1\" \/>\n<link rel=\"canonical\" href=\"https:\/\/goya-tec.com\/en_us\/gyr3300\/\" \/>\n<meta property=\"og:locale\" content=\"en_US\" \/>\n<meta property=\"og:type\" content=\"article\" \/>\n<meta property=\"og:title\" content=\"GYR3300 - Goya-Tec\" \/>\n<meta property=\"og:description\" content=\"&nbsp; GYR3300 Return Path Optical Receiver Receptor de Retorno Rack Mount GYR3300 para CATV El GYR3300 es un receptor de retorno montado en rack, dise\u00f1ado espec\u00edficamente para la recepci\u00f3n de se\u00f1ales de retorno en sistemas CATV interiores. En un rack est\u00e1ndar de 19&#8243; y 1U, el GYR3300 puede albergar hasta 4 receptores \u00f3pticos de retorno [...]\" \/>\n<meta property=\"og:url\" content=\"https:\/\/goya-tec.com\/en_us\/gyr3300\/\" \/>\n<meta property=\"og:site_name\" content=\"Goya-Tec\" \/>\n<meta property=\"article:modified_time\" content=\"2025-01-09T12:57:21+00:00\" \/>\n<meta property=\"og:image\" content=\"https:\/\/goya-tec.com\/wp-content\/uploads\/2022\/03\/Quad-Return-Path.png\" \/>\n\t<meta property=\"og:image:width\" content=\"1200\" \/>\n\t<meta property=\"og:image:height\" content=\"1200\" \/>\n\t<meta property=\"og:image:type\" content=\"image\/png\" \/>\n<meta name=\"twitter:card\" content=\"summary_large_image\" \/>\n<meta name=\"twitter:label1\" content=\"Est. reading time\" \/>\n\t<meta name=\"twitter:data1\" content=\"1 minute\" \/>\n<script type=\"application\/ld+json\" class=\"yoast-schema-graph\">{\"@context\":\"https:\/\/schema.org\",\"@graph\":[{\"@type\":\"WebPage\",\"@id\":\"https:\/\/goya-tec.com\/gyr3300\/\",\"url\":\"https:\/\/goya-tec.com\/gyr3300\/\",\"name\":\"GYR3300 - Goya-Tec\",\"isPartOf\":{\"@id\":\"https:\/\/goya-tec.com\/#website\"},\"primaryImageOfPage\":{\"@id\":\"https:\/\/goya-tec.com\/gyr3300\/#primaryimage\"},\"image\":{\"@id\":\"https:\/\/goya-tec.com\/gyr3300\/#primaryimage\"},\"thumbnailUrl\":\"https:\/\/goya-tec.com\/wp-content\/uploads\/2022\/03\/Quad-Return-Path.png\",\"datePublished\":\"2022-03-21T19:37:19+00:00\",\"dateModified\":\"2025-01-09T12:57:21+00:00\",\"breadcrumb\":{\"@id\":\"https:\/\/goya-tec.com\/gyr3300\/#breadcrumb\"},\"inLanguage\":\"en-US\",\"potentialAction\":[{\"@type\":\"ReadAction\",\"target\":[\"https:\/\/goya-tec.com\/gyr3300\/\"]}]},{\"@type\":\"ImageObject\",\"inLanguage\":\"en-US\",\"@id\":\"https:\/\/goya-tec.com\/gyr3300\/#primaryimage\",\"url\":\"https:\/\/goya-tec.com\/wp-content\/uploads\/2022\/03\/Quad-Return-Path.png\",\"contentUrl\":\"https:\/\/goya-tec.com\/wp-content\/uploads\/2022\/03\/Quad-Return-Path.png\"},{\"@type\":\"BreadcrumbList\",\"@id\":\"https:\/\/goya-tec.com\/gyr3300\/#breadcrumb\",\"itemListElement\":[{\"@type\":\"ListItem\",\"position\":1,\"name\":\"Home\",\"item\":\"https:\/\/goya-tec.com\/\"},{\"@type\":\"ListItem\",\"position\":2,\"name\":\"GYR3300\"}]},{\"@type\":\"WebSite\",\"@id\":\"https:\/\/goya-tec.com\/#website\",\"url\":\"https:\/\/goya-tec.com\/\",\"name\":\"Goya-Tec\",\"description\":\"leaders of dth equipment\",\"potentialAction\":[{\"@type\":\"SearchAction\",\"target\":{\"@type\":\"EntryPoint\",\"urlTemplate\":\"https:\/\/goya-tec.com\/?s={search_term_string}\"},\"query-input\":{\"@type\":\"PropertyValueSpecification\",\"valueRequired\":true,\"valueName\":\"search_term_string\"}}],\"inLanguage\":\"en-US\"}]}<\/script>\n<!-- \/ Yoast SEO plugin. -->","yoast_head_json":{"title":"GYR3300 | Goya-Tec","robots":{"index":"index","follow":"follow","max-snippet":"max-snippet:-1","max-image-preview":"max-image-preview:large","max-video-preview":"max-video-preview:-1"},"canonical":"https:\/\/goya-tec.com\/en_us\/gyr3300\/","og_locale":"en_US","og_type":"article","og_title":"GYR3300 - Goya-Tec","og_description":"&nbsp; GYR3300 Return Path Optical Receiver Receptor de Retorno Rack Mount GYR3300 para CATV El GYR3300 es un receptor de retorno montado en rack, dise\u00f1ado espec\u00edficamente para la recepci\u00f3n de se\u00f1ales de retorno en sistemas CATV interiores. En un rack est\u00e1ndar de 19&#8243; y 1U, el GYR3300 puede albergar hasta 4 receptores \u00f3pticos de retorno [...]","og_url":"https:\/\/goya-tec.com\/en_us\/gyr3300\/","og_site_name":"Goya-Tec","article_modified_time":"2025-01-09T12:57:21+00:00","og_image":[{"width":1200,"height":1200,"url":"https:\/\/goya-tec.com\/wp-content\/uploads\/2022\/03\/Quad-Return-Path.png","type":"image\/png"}],"twitter_card":"summary_large_image","twitter_misc":{"Est. reading time":"1 minute"},"schema":{"@context":"https:\/\/schema.org","@graph":[{"@type":"WebPage","@id":"https:\/\/goya-tec.com\/gyr3300\/","url":"https:\/\/goya-tec.com\/gyr3300\/","name":"GYR3300 - Goya-Tec","isPartOf":{"@id":"https:\/\/goya-tec.com\/#website"},"primaryImageOfPage":{"@id":"https:\/\/goya-tec.com\/gyr3300\/#primaryimage"},"image":{"@id":"https:\/\/goya-tec.com\/gyr3300\/#primaryimage"},"thumbnailUrl":"https:\/\/goya-tec.com\/wp-content\/uploads\/2022\/03\/Quad-Return-Path.png","datePublished":"2022-03-21T19:37:19+00:00","dateModified":"2025-01-09T12:57:21+00:00","breadcrumb":{"@id":"https:\/\/goya-tec.com\/gyr3300\/#breadcrumb"},"inLanguage":"en-US","potentialAction":[{"@type":"ReadAction","target":["https:\/\/goya-tec.com\/gyr3300\/"]}]},{"@type":"ImageObject","inLanguage":"en-US","@id":"https:\/\/goya-tec.com\/gyr3300\/#primaryimage","url":"https:\/\/goya-tec.com\/wp-content\/uploads\/2022\/03\/Quad-Return-Path.png","contentUrl":"https:\/\/goya-tec.com\/wp-content\/uploads\/2022\/03\/Quad-Return-Path.png"},{"@type":"BreadcrumbList","@id":"https:\/\/goya-tec.com\/gyr3300\/#breadcrumb","itemListElement":[{"@type":"ListItem","position":1,"name":"Home","item":"https:\/\/goya-tec.com\/"},{"@type":"ListItem","position":2,"name":"GYR3300"}]},{"@type":"WebSite","@id":"https:\/\/goya-tec.com\/#website","url":"https:\/\/goya-tec.com\/","name":"Goya-Tec","description":"leaders of dth equipment","potentialAction":[{"@type":"SearchAction","target":{"@type":"EntryPoint","urlTemplate":"https:\/\/goya-tec.com\/?s={search_term_string}"},"query-input":{"@type":"PropertyValueSpecification","valueRequired":true,"valueName":"search_term_string"}}],"inLanguage":"en-US"}]}},"_links":{"self":[{"href":"https:\/\/goya-tec.com\/en_us\/wp-json\/wp\/v2\/pages\/1002","targetHints":{"allow":["GET"]}}],"collection":[{"href":"https:\/\/goya-tec.com\/en_us\/wp-json\/wp\/v2\/pages"}],"about":[{"href":"https:\/\/goya-tec.com\/en_us\/wp-json\/wp\/v2\/types\/page"}],"author":[{"embeddable":true,"href":"https:\/\/goya-tec.com\/en_us\/wp-json\/wp\/v2\/users\/3"}],"replies":[{"embeddable":true,"href":"https:\/\/goya-tec.com\/en_us\/wp-json\/wp\/v2\/comments?post=1002"}],"version-history":[{"count":10,"href":"https:\/\/goya-tec.com\/en_us\/wp-json\/wp\/v2\/pages\/1002\/revisions"}],"predecessor-version":[{"id":1514,"href":"https:\/\/goya-tec.com\/en_us\/wp-json\/wp\/v2\/pages\/1002\/revisions\/1514"}],"wp:attachment":[{"href":"https:\/\/goya-tec.com\/en_us\/wp-json\/wp\/v2\/media?parent=1002"}],"curies":[{"name":"wp","href":"https:\/\/api.w.org\/{rel}","templated":true}]}}