{"id":1062,"date":"2022-03-25T19:08:58","date_gmt":"2022-03-25T19:08:58","guid":{"rendered":"https:\/\/goya-tec.com\/?page_id=1062"},"modified":"2025-01-09T12:32:35","modified_gmt":"2025-01-09T12:32:35","slug":"s2002-b","status":"publish","type":"page","link":"https:\/\/goya-tec.com\/en_us\/s2002-b\/","title":{"rendered":"S2002-B"},"content":{"rendered":"<div data-elementor-type=\"wp-page\" data-elementor-id=\"1062\" class=\"elementor elementor-1062\">\n\t\t\t\t\t\t<section class=\"elementor-section elementor-top-section elementor-element elementor-element-8490a47 elementor-section-content-middle elementor-section-boxed elementor-section-height-default elementor-section-height-default\" data-id=\"8490a47\" data-element_type=\"section\" data-settings=\"{&quot;background_background&quot;:&quot;classic&quot;,&quot;jet_parallax_layout_list&quot;:[{&quot;_id&quot;:&quot;9986675&quot;,&quot;jet_parallax_layout_image&quot;:{&quot;url&quot;:&quot;&quot;,&quot;id&quot;:&quot;&quot;,&quot;size&quot;:&quot;&quot;},&quot;jet_parallax_layout_image_tablet&quot;:{&quot;url&quot;:&quot;&quot;,&quot;id&quot;:&quot;&quot;,&quot;size&quot;:&quot;&quot;},&quot;jet_parallax_layout_image_mobile&quot;:{&quot;url&quot;:&quot;&quot;,&quot;id&quot;:&quot;&quot;,&quot;size&quot;:&quot;&quot;},&quot;jet_parallax_layout_speed&quot;:{&quot;unit&quot;:&quot;%&quot;,&quot;size&quot;:50,&quot;sizes&quot;:[]},&quot;jet_parallax_layout_type&quot;:&quot;scroll&quot;,&quot;jet_parallax_layout_direction&quot;:null,&quot;jet_parallax_layout_fx_direction&quot;:null,&quot;jet_parallax_layout_z_index&quot;:&quot;&quot;,&quot;jet_parallax_layout_bg_x&quot;:50,&quot;jet_parallax_layout_bg_x_tablet&quot;:&quot;&quot;,&quot;jet_parallax_layout_bg_x_mobile&quot;:&quot;&quot;,&quot;jet_parallax_layout_bg_y&quot;:50,&quot;jet_parallax_layout_bg_y_tablet&quot;:&quot;&quot;,&quot;jet_parallax_layout_bg_y_mobile&quot;:&quot;&quot;,&quot;jet_parallax_layout_bg_size&quot;:&quot;auto&quot;,&quot;jet_parallax_layout_bg_size_tablet&quot;:&quot;&quot;,&quot;jet_parallax_layout_bg_size_mobile&quot;:&quot;&quot;,&quot;jet_parallax_layout_animation_prop&quot;:&quot;transform&quot;,&quot;jet_parallax_layout_on&quot;:[&quot;desktop&quot;,&quot;tablet&quot;]}]}\">\n\t\t\t\t\t\t<div class=\"elementor-container elementor-column-gap-no\">\n\t\t\t\t\t<div class=\"elementor-column elementor-col-50 elementor-top-column elementor-element elementor-element-ed68fca\" data-id=\"ed68fca\" data-element_type=\"column\">\n\t\t\t<div class=\"elementor-widget-wrap elementor-element-populated\">\n\t\t\t\t\t\t<div class=\"elementor-element elementor-element-ac520d8 elementor-widget elementor-widget-image\" data-id=\"ac520d8\" data-element_type=\"widget\" data-widget_type=\"image.default\">\n\t\t\t\t<div class=\"elementor-widget-container\">\n\t\t\t\t\t\t\t\t\t\t\t\t\t\t\t<img fetchpriority=\"high\" decoding=\"async\" width=\"642\" height=\"642\" src=\"https:\/\/goya-tec.com\/wp-content\/uploads\/2022\/03\/Set-top-box-front.png\" class=\"attachment-full size-full wp-image-1048\" alt=\"\" srcset=\"https:\/\/goya-tec.com\/wp-content\/uploads\/2022\/03\/Set-top-box-front.png 642w, https:\/\/goya-tec.com\/wp-content\/uploads\/2022\/03\/Set-top-box-front-300x300.png 300w, https:\/\/goya-tec.com\/wp-content\/uploads\/2022\/03\/Set-top-box-front-100x100.png 100w, https:\/\/goya-tec.com\/wp-content\/uploads\/2022\/03\/Set-top-box-front-600x600.png 600w, https:\/\/goya-tec.com\/wp-content\/uploads\/2022\/03\/Set-top-box-front-150x150.png 150w, https:\/\/goya-tec.com\/wp-content\/uploads\/2022\/03\/Set-top-box-front-230x230.png 230w, https:\/\/goya-tec.com\/wp-content\/uploads\/2022\/03\/Set-top-box-front-400x400.png 400w, https:\/\/goya-tec.com\/wp-content\/uploads\/2022\/03\/Set-top-box-front-640x640.png 640w, https:\/\/goya-tec.com\/wp-content\/uploads\/2022\/03\/Set-top-box-front-48x48.png 48w, https:\/\/goya-tec.com\/wp-content\/uploads\/2022\/03\/Set-top-box-front-250x250.png 250w, https:\/\/goya-tec.com\/wp-content\/uploads\/2022\/03\/Set-top-box-front-550x550.png 550w, https:\/\/goya-tec.com\/wp-content\/uploads\/2022\/03\/Set-top-box-front-180x180.png 180w, https:\/\/goya-tec.com\/wp-content\/uploads\/2022\/03\/Set-top-box-front-500x500.png 500w\" sizes=\"(max-width: 642px) 100vw, 642px\" \/>\t\t\t\t\t\t\t\t\t\t\t\t\t\t\t<\/div>\n\t\t\t\t<\/div>\n\t\t\t\t\t<\/div>\n\t\t<\/div>\n\t\t\t\t<div class=\"elementor-column elementor-col-50 elementor-top-column elementor-element elementor-element-0c614a9\" data-id=\"0c614a9\" data-element_type=\"column\">\n\t\t\t<div class=\"elementor-widget-wrap elementor-element-populated\">\n\t\t\t\t\t\t<div class=\"elementor-element elementor-element-aa8d061 elementor-widget elementor-widget-heading\" data-id=\"aa8d061\" data-element_type=\"widget\" data-widget_type=\"heading.default\">\n\t\t\t\t<div class=\"elementor-widget-container\">\n\t\t\t\t\t<h4 class=\"elementor-heading-title elementor-size-default\">S2002-B Set Top Box<\/h4>\t\t\t\t<\/div>\n\t\t\t\t<\/div>\n\t\t\t\t<div class=\"elementor-element elementor-element-496181d elementor-widget elementor-widget-text-editor\" data-id=\"496181d\" data-element_type=\"widget\" data-widget_type=\"text-editor.default\">\n\t\t\t\t<div class=\"elementor-widget-container\">\n\t\t\t\t\t\t\t\t\t<p>El <strong>GOYATECH S2002-B HD Set-top Box (STB)<\/strong> transforma la experiencia de ver televisi\u00f3n satelital, ofreciendo a los suscriptores las \u00faltimas mejoras tecnol\u00f3gicas en entretenimiento. Este STB est\u00e1 dise\u00f1ado para brindar una experiencia visual rica y fluida, con caracter\u00edsticas innovadoras que permiten personalizar la navegaci\u00f3n y explorar una amplia gama de aplicaciones. Entre sus funciones destacadas se incluyen la gu\u00eda electr\u00f3nica de programas (EPG) de 7 d\u00edas, navegadores por g\u00e9neros y una variedad de servicios adicionales de utilidad, pensados para mejorar cada momento frente al televisor.<\/p>\t\t\t\t\t\t\t\t<\/div>\n\t\t\t\t<\/div>\n\t\t\t\t<div class=\"elementor-element elementor-element-a88a029 elementor-widget elementor-widget-button\" data-id=\"a88a029\" data-element_type=\"widget\" data-widget_type=\"button.default\">\n\t\t\t\t<div class=\"elementor-widget-container\">\n\t\t\t\t\t\t\t\t\t<div class=\"elementor-button-wrapper\">\n\t\t\t\t\t<a class=\"elementor-button elementor-button-link elementor-size-sm\" href=\"https:\/\/goya-tec.com\/wp-content\/uploads\/2022\/03\/S2002-B-GX6616-Spec.docx\" download=\"S2002-B\">\n\t\t\t\t\t\t<span class=\"elementor-button-content-wrapper\">\n\t\t\t\t\t\t\t\t\t<span class=\"elementor-button-text\">Descargar Ficha<\/span>\n\t\t\t\t\t<\/span>\n\t\t\t\t\t<\/a>\n\t\t\t\t<\/div>\n\t\t\t\t\t\t\t\t<\/div>\n\t\t\t\t<\/div>\n\t\t\t\t\t<\/div>\n\t\t<\/div>\n\t\t\t\t\t<\/div>\n\t\t<\/section>\n\t\t\t\t<\/div>","protected":false},"excerpt":{"rendered":"<p>S2002-B Set Top Box El GOYATECH S2002-B HD Set-top Box (STB) transforma la experiencia de ver televisi\u00f3n satelital, ofreciendo a los suscriptores las \u00faltimas mejoras tecnol\u00f3gicas en entretenimiento. Este STB est\u00e1 dise\u00f1ado para brindar una experiencia visual rica y fluida, con caracter\u00edsticas innovadoras que permiten personalizar la navegaci\u00f3n y explorar una amplia gama de aplicaciones. [&#8230;]","protected":false},"author":3,"featured_media":0,"parent":0,"menu_order":0,"comment_status":"closed","ping_status":"closed","template":"","meta":{"bgseo_title":"","bgseo_description":"","bgseo_robots_index":"index","bgseo_robots_follow":"follow","om_disable_all_campaigns":false,"_monsterinsights_skip_tracking":false,"_monsterinsights_sitenote_active":false,"_monsterinsights_sitenote_note":"","_monsterinsights_sitenote_category":0,"footnotes":""},"class_list":["post-1062","page","type-page","status-publish","hentry"],"yoast_head":"<!-- This site is optimized with the Yoast SEO plugin v24.5 - https:\/\/yoast.com\/wordpress\/plugins\/seo\/ -->\n<title>S2002-B | Goya-Tec<\/title>\n<meta name=\"robots\" content=\"index, follow, max-snippet:-1, max-image-preview:large, max-video-preview:-1\" \/>\n<link rel=\"canonical\" href=\"https:\/\/goya-tec.com\/en_us\/s2002-b\/\" \/>\n<meta property=\"og:locale\" content=\"en_US\" \/>\n<meta property=\"og:type\" content=\"article\" \/>\n<meta property=\"og:title\" content=\"S2002-B - Goya-Tec\" \/>\n<meta property=\"og:description\" content=\"S2002-B Set Top Box El GOYATECH S2002-B HD Set-top Box (STB) transforma la experiencia de ver televisi\u00f3n satelital, ofreciendo a los suscriptores las \u00faltimas mejoras tecnol\u00f3gicas en entretenimiento. Este STB est\u00e1 dise\u00f1ado para brindar una experiencia visual rica y fluida, con caracter\u00edsticas innovadoras que permiten personalizar la navegaci\u00f3n y explorar una amplia gama de aplicaciones. [...]\" \/>\n<meta property=\"og:url\" content=\"https:\/\/goya-tec.com\/en_us\/s2002-b\/\" \/>\n<meta property=\"og:site_name\" content=\"Goya-Tec\" \/>\n<meta property=\"article:modified_time\" content=\"2025-01-09T12:32:35+00:00\" \/>\n<meta property=\"og:image\" content=\"https:\/\/goya-tec.com\/wp-content\/uploads\/2022\/03\/Set-top-box-front.png\" \/>\n\t<meta property=\"og:image:width\" content=\"642\" \/>\n\t<meta property=\"og:image:height\" content=\"642\" \/>\n\t<meta property=\"og:image:type\" content=\"image\/png\" \/>\n<meta name=\"twitter:card\" content=\"summary_large_image\" \/>\n<meta name=\"twitter:label1\" content=\"Est. reading time\" \/>\n\t<meta name=\"twitter:data1\" content=\"1 minute\" \/>\n<script type=\"application\/ld+json\" class=\"yoast-schema-graph\">{\"@context\":\"https:\/\/schema.org\",\"@graph\":[{\"@type\":\"WebPage\",\"@id\":\"https:\/\/goya-tec.com\/s2002-b\/\",\"url\":\"https:\/\/goya-tec.com\/s2002-b\/\",\"name\":\"S2002-B - Goya-Tec\",\"isPartOf\":{\"@id\":\"https:\/\/goya-tec.com\/#website\"},\"primaryImageOfPage\":{\"@id\":\"https:\/\/goya-tec.com\/s2002-b\/#primaryimage\"},\"image\":{\"@id\":\"https:\/\/goya-tec.com\/s2002-b\/#primaryimage\"},\"thumbnailUrl\":\"https:\/\/goya-tec.com\/wp-content\/uploads\/2022\/03\/Set-top-box-front.png\",\"datePublished\":\"2022-03-25T19:08:58+00:00\",\"dateModified\":\"2025-01-09T12:32:35+00:00\",\"breadcrumb\":{\"@id\":\"https:\/\/goya-tec.com\/s2002-b\/#breadcrumb\"},\"inLanguage\":\"en-US\",\"potentialAction\":[{\"@type\":\"ReadAction\",\"target\":[\"https:\/\/goya-tec.com\/s2002-b\/\"]}]},{\"@type\":\"ImageObject\",\"inLanguage\":\"en-US\",\"@id\":\"https:\/\/goya-tec.com\/s2002-b\/#primaryimage\",\"url\":\"https:\/\/goya-tec.com\/wp-content\/uploads\/2022\/03\/Set-top-box-front.png\",\"contentUrl\":\"https:\/\/goya-tec.com\/wp-content\/uploads\/2022\/03\/Set-top-box-front.png\"},{\"@type\":\"BreadcrumbList\",\"@id\":\"https:\/\/goya-tec.com\/s2002-b\/#breadcrumb\",\"itemListElement\":[{\"@type\":\"ListItem\",\"position\":1,\"name\":\"Home\",\"item\":\"https:\/\/goya-tec.com\/\"},{\"@type\":\"ListItem\",\"position\":2,\"name\":\"S2002-B\"}]},{\"@type\":\"WebSite\",\"@id\":\"https:\/\/goya-tec.com\/#website\",\"url\":\"https:\/\/goya-tec.com\/\",\"name\":\"Goya-Tec\",\"description\":\"leaders of dth equipment\",\"potentialAction\":[{\"@type\":\"SearchAction\",\"target\":{\"@type\":\"EntryPoint\",\"urlTemplate\":\"https:\/\/goya-tec.com\/?s={search_term_string}\"},\"query-input\":{\"@type\":\"PropertyValueSpecification\",\"valueRequired\":true,\"valueName\":\"search_term_string\"}}],\"inLanguage\":\"en-US\"}]}<\/script>\n<!-- \/ Yoast SEO plugin. -->","yoast_head_json":{"title":"S2002-B | Goya-Tec","robots":{"index":"index","follow":"follow","max-snippet":"max-snippet:-1","max-image-preview":"max-image-preview:large","max-video-preview":"max-video-preview:-1"},"canonical":"https:\/\/goya-tec.com\/en_us\/s2002-b\/","og_locale":"en_US","og_type":"article","og_title":"S2002-B - Goya-Tec","og_description":"S2002-B Set Top Box El GOYATECH S2002-B HD Set-top Box (STB) transforma la experiencia de ver televisi\u00f3n satelital, ofreciendo a los suscriptores las \u00faltimas mejoras tecnol\u00f3gicas en entretenimiento. Este STB est\u00e1 dise\u00f1ado para brindar una experiencia visual rica y fluida, con caracter\u00edsticas innovadoras que permiten personalizar la navegaci\u00f3n y explorar una amplia gama de aplicaciones. [...]","og_url":"https:\/\/goya-tec.com\/en_us\/s2002-b\/","og_site_name":"Goya-Tec","article_modified_time":"2025-01-09T12:32:35+00:00","og_image":[{"width":642,"height":642,"url":"https:\/\/goya-tec.com\/wp-content\/uploads\/2022\/03\/Set-top-box-front.png","type":"image\/png"}],"twitter_card":"summary_large_image","twitter_misc":{"Est. reading time":"1 minute"},"schema":{"@context":"https:\/\/schema.org","@graph":[{"@type":"WebPage","@id":"https:\/\/goya-tec.com\/s2002-b\/","url":"https:\/\/goya-tec.com\/s2002-b\/","name":"S2002-B - Goya-Tec","isPartOf":{"@id":"https:\/\/goya-tec.com\/#website"},"primaryImageOfPage":{"@id":"https:\/\/goya-tec.com\/s2002-b\/#primaryimage"},"image":{"@id":"https:\/\/goya-tec.com\/s2002-b\/#primaryimage"},"thumbnailUrl":"https:\/\/goya-tec.com\/wp-content\/uploads\/2022\/03\/Set-top-box-front.png","datePublished":"2022-03-25T19:08:58+00:00","dateModified":"2025-01-09T12:32:35+00:00","breadcrumb":{"@id":"https:\/\/goya-tec.com\/s2002-b\/#breadcrumb"},"inLanguage":"en-US","potentialAction":[{"@type":"ReadAction","target":["https:\/\/goya-tec.com\/s2002-b\/"]}]},{"@type":"ImageObject","inLanguage":"en-US","@id":"https:\/\/goya-tec.com\/s2002-b\/#primaryimage","url":"https:\/\/goya-tec.com\/wp-content\/uploads\/2022\/03\/Set-top-box-front.png","contentUrl":"https:\/\/goya-tec.com\/wp-content\/uploads\/2022\/03\/Set-top-box-front.png"},{"@type":"BreadcrumbList","@id":"https:\/\/goya-tec.com\/s2002-b\/#breadcrumb","itemListElement":[{"@type":"ListItem","position":1,"name":"Home","item":"https:\/\/goya-tec.com\/"},{"@type":"ListItem","position":2,"name":"S2002-B"}]},{"@type":"WebSite","@id":"https:\/\/goya-tec.com\/#website","url":"https:\/\/goya-tec.com\/","name":"Goya-Tec","description":"leaders of dth equipment","potentialAction":[{"@type":"SearchAction","target":{"@type":"EntryPoint","urlTemplate":"https:\/\/goya-tec.com\/?s={search_term_string}"},"query-input":{"@type":"PropertyValueSpecification","valueRequired":true,"valueName":"search_term_string"}}],"inLanguage":"en-US"}]}},"_links":{"self":[{"href":"https:\/\/goya-tec.com\/en_us\/wp-json\/wp\/v2\/pages\/1062","targetHints":{"allow":["GET"]}}],"collection":[{"href":"https:\/\/goya-tec.com\/en_us\/wp-json\/wp\/v2\/pages"}],"about":[{"href":"https:\/\/goya-tec.com\/en_us\/wp-json\/wp\/v2\/types\/page"}],"author":[{"embeddable":true,"href":"https:\/\/goya-tec.com\/en_us\/wp-json\/wp\/v2\/users\/3"}],"replies":[{"embeddable":true,"href":"https:\/\/goya-tec.com\/en_us\/wp-json\/wp\/v2\/comments?post=1062"}],"version-history":[{"count":10,"href":"https:\/\/goya-tec.com\/en_us\/wp-json\/wp\/v2\/pages\/1062\/revisions"}],"predecessor-version":[{"id":1464,"href":"https:\/\/goya-tec.com\/en_us\/wp-json\/wp\/v2\/pages\/1062\/revisions\/1464"}],"wp:attachment":[{"href":"https:\/\/goya-tec.com\/en_us\/wp-json\/wp\/v2\/media?parent=1062"}],"curies":[{"name":"wp","href":"https:\/\/api.w.org\/{rel}","templated":true}]}}