{"id":1076,"date":"2022-03-25T19:18:28","date_gmt":"2022-03-25T19:18:28","guid":{"rendered":"https:\/\/goya-tec.com\/?page_id=1076"},"modified":"2025-03-20T09:19:49","modified_gmt":"2025-03-20T09:19:49","slug":"gydfe-500","status":"publish","type":"page","link":"https:\/\/goya-tec.com\/en_us\/gydfe-500\/","title":{"rendered":"GYDFE-500"},"content":{"rendered":"<p>&nbsp;<br \/>\n\t\t\t\t\t\t\t\t\t\t\t\t\t<img fetchpriority=\"high\" decoding=\"async\" width=\"848\" height=\"892\" src=\"https:\/\/goya-tec.com\/wp-content\/uploads\/2022\/03\/Group-3.png\" alt=\"\" srcset=\"https:\/\/goya-tec.com\/wp-content\/uploads\/2022\/03\/Group-3.png 848w, https:\/\/goya-tec.com\/wp-content\/uploads\/2022\/03\/Group-3-600x631.png 600w, https:\/\/goya-tec.com\/wp-content\/uploads\/2022\/03\/Group-3-285x300.png 285w, https:\/\/goya-tec.com\/wp-content\/uploads\/2022\/03\/Group-3-768x808.png 768w, https:\/\/goya-tec.com\/wp-content\/uploads\/2022\/03\/Group-3-250x263.png 250w, https:\/\/goya-tec.com\/wp-content\/uploads\/2022\/03\/Group-3-550x579.png 550w, https:\/\/goya-tec.com\/wp-content\/uploads\/2022\/03\/Group-3-800x842.png 800w, https:\/\/goya-tec.com\/wp-content\/uploads\/2022\/03\/Group-3-171x180.png 171w, https:\/\/goya-tec.com\/wp-content\/uploads\/2022\/03\/Group-3-475x500.png 475w\" sizes=\"(max-width: 848px) 100vw, 848px\" \/>\t\t\t\t\t\t\t\t\t\t\t\t\t<\/p>\n<h4>GYDFE-500 SmaTV RF Fiber Link<\/h4>\n<p><strong>Sistema SMATV con Amplificador \u00d3ptico GY3530: Soluci\u00f3n Eficiente para la Distribuci\u00f3n de Se\u00f1ales Satelitales<\/strong><\/p>\n<p>El <em>Direct Broadcasting Satellite (DBS)<\/em> y <em>Direct to Home (DTH)<\/em> son las formas m\u00e1s populares de disfrutar televisi\u00f3n satelital en todo el mundo. Para ello, se requieren varios componentes como antena satelital, cable coaxial, divisor o multiswitch y receptor satelital. Sin embargo, la instalaci\u00f3n de antenas satelitales puede resultar un desaf\u00edo para los suscriptores que viven en apartamentos o edificios.<\/p>\n<p>El sistema <em>SMATV<\/em> (Satellite Master Antenna TV) ofrece una soluci\u00f3n ideal para quienes residen en edificios o comunidades. A trav\u00e9s de cables de fibra \u00f3ptica, el sistema SMATV permite que la se\u00f1al RF satelital sea distribuida hasta 30 km de distancia o se distribuya directamente a 32 apartamentos. Para instalaciones de mayor escala, el amplificador de fibra \u00f3ptica <em>GY3530<\/em> permite extender la se\u00f1al de manera eficiente a 320, 3200 o incluso 32,000 apartamentos, asegurando una distribuci\u00f3n de se\u00f1ales confiable y de alta calidad a gran distancia.<\/p>\n<p>Esta soluci\u00f3n es perfecta para edificios multifamiliares o comunidades que desean ofrecer televisi\u00f3n satelital de alta calidad sin las complicaciones de la instalaci\u00f3n individual de antenas.<\/p>\n<p>\t\t\t\t\t<a href=\"https:\/\/goya-tec.com\/wp-content\/uploads\/2022\/03\/GYDFE-500-L-Band-Single-RF-Modular-Transmitter.doc\" download=\"GYDFE-500\"><br \/>\n\t\t\t\t\t\t\t\t\tDescargar Ficha<br \/>\n\t\t\t\t\t<\/a><\/p>","protected":false},"excerpt":{"rendered":"<p>&nbsp; GYDFE-500 SmaTV RF Fiber Link Sistema SMATV con Amplificador \u00d3ptico GY3530: Soluci\u00f3n Eficiente para la Distribuci\u00f3n de Se\u00f1ales Satelitales El Direct Broadcasting Satellite (DBS) y Direct to Home (DTH) son las formas m\u00e1s populares de disfrutar televisi\u00f3n satelital en todo el mundo. Para ello, se requieren varios componentes como antena satelital, cable coaxial, divisor [&#8230;]","protected":false},"author":3,"featured_media":0,"parent":0,"menu_order":0,"comment_status":"closed","ping_status":"closed","template":"template\/page\/fullwidth.php","meta":{"bgseo_title":"","bgseo_description":"","bgseo_robots_index":"index","bgseo_robots_follow":"follow","om_disable_all_campaigns":false,"_monsterinsights_skip_tracking":false,"_monsterinsights_sitenote_active":false,"_monsterinsights_sitenote_note":"","_monsterinsights_sitenote_category":0,"footnotes":""},"class_list":["post-1076","page","type-page","status-publish","hentry"],"yoast_head":"<!-- This site is optimized with the Yoast SEO plugin v24.5 - https:\/\/yoast.com\/wordpress\/plugins\/seo\/ -->\n<title>GYDFE-500 | Goya-Tec<\/title>\n<meta name=\"description\" content=\"Sistema SMATV con amplificador \u00f3ptico GY3530 para distribuci\u00f3n satelital en edificios hasta 30 km, ideal para hasta 32,000 apartamentos.\" \/>\n<meta name=\"robots\" content=\"index, follow, max-snippet:-1, max-image-preview:large, max-video-preview:-1\" \/>\n<link rel=\"canonical\" href=\"https:\/\/goya-tec.com\/en_us\/gydfe-500\/\" \/>\n<meta property=\"og:locale\" content=\"en_US\" \/>\n<meta property=\"og:type\" content=\"article\" \/>\n<meta property=\"og:title\" content=\"GYDFE-500 - Goya-Tec\" \/>\n<meta property=\"og:description\" content=\"Sistema SMATV con amplificador \u00f3ptico GY3530 para distribuci\u00f3n satelital en edificios hasta 30 km, ideal para hasta 32,000 apartamentos.\" \/>\n<meta property=\"og:url\" content=\"https:\/\/goya-tec.com\/en_us\/gydfe-500\/\" \/>\n<meta property=\"og:site_name\" content=\"Goya-Tec\" \/>\n<meta property=\"article:modified_time\" content=\"2025-03-20T09:19:49+00:00\" \/>\n<meta property=\"og:image\" content=\"https:\/\/goya-tec.com\/wp-content\/uploads\/2022\/03\/Group-3.png\" \/>\n<meta name=\"twitter:card\" content=\"summary_large_image\" \/>\n<meta name=\"twitter:label1\" content=\"Est. reading time\" \/>\n\t<meta name=\"twitter:data1\" content=\"2 minutes\" \/>\n<script type=\"application\/ld+json\" class=\"yoast-schema-graph\">{\"@context\":\"https:\/\/schema.org\",\"@graph\":[{\"@type\":\"WebPage\",\"@id\":\"https:\/\/goya-tec.com\/gydfe-500\/\",\"url\":\"https:\/\/goya-tec.com\/gydfe-500\/\",\"name\":\"GYDFE-500 - Goya-Tec\",\"isPartOf\":{\"@id\":\"https:\/\/goya-tec.com\/#website\"},\"primaryImageOfPage\":{\"@id\":\"https:\/\/goya-tec.com\/gydfe-500\/#primaryimage\"},\"image\":{\"@id\":\"https:\/\/goya-tec.com\/gydfe-500\/#primaryimage\"},\"thumbnailUrl\":\"https:\/\/goya-tec.com\/wp-content\/uploads\/2022\/03\/Group-3.png\",\"datePublished\":\"2022-03-25T19:18:28+00:00\",\"dateModified\":\"2025-03-20T09:19:49+00:00\",\"description\":\"Sistema SMATV con amplificador \u00f3ptico GY3530 para distribuci\u00f3n satelital en edificios hasta 30 km, ideal para hasta 32,000 apartamentos.\",\"breadcrumb\":{\"@id\":\"https:\/\/goya-tec.com\/gydfe-500\/#breadcrumb\"},\"inLanguage\":\"en-US\",\"potentialAction\":[{\"@type\":\"ReadAction\",\"target\":[\"https:\/\/goya-tec.com\/gydfe-500\/\"]}]},{\"@type\":\"ImageObject\",\"inLanguage\":\"en-US\",\"@id\":\"https:\/\/goya-tec.com\/gydfe-500\/#primaryimage\",\"url\":\"https:\/\/goya-tec.com\/wp-content\/uploads\/2022\/03\/Group-3.png\",\"contentUrl\":\"https:\/\/goya-tec.com\/wp-content\/uploads\/2022\/03\/Group-3.png\"},{\"@type\":\"BreadcrumbList\",\"@id\":\"https:\/\/goya-tec.com\/gydfe-500\/#breadcrumb\",\"itemListElement\":[{\"@type\":\"ListItem\",\"position\":1,\"name\":\"Home\",\"item\":\"https:\/\/goya-tec.com\/\"},{\"@type\":\"ListItem\",\"position\":2,\"name\":\"GYDFE-500\"}]},{\"@type\":\"WebSite\",\"@id\":\"https:\/\/goya-tec.com\/#website\",\"url\":\"https:\/\/goya-tec.com\/\",\"name\":\"Goya-Tec\",\"description\":\"leaders of dth equipment\",\"potentialAction\":[{\"@type\":\"SearchAction\",\"target\":{\"@type\":\"EntryPoint\",\"urlTemplate\":\"https:\/\/goya-tec.com\/?s={search_term_string}\"},\"query-input\":{\"@type\":\"PropertyValueSpecification\",\"valueRequired\":true,\"valueName\":\"search_term_string\"}}],\"inLanguage\":\"en-US\"}]}<\/script>\n<!-- \/ Yoast SEO plugin. -->","yoast_head_json":{"title":"GYDFE-500 | Goya-Tec","description":"Sistema SMATV con amplificador \u00f3ptico GY3530 para distribuci\u00f3n satelital en edificios hasta 30 km, ideal para hasta 32,000 apartamentos.","robots":{"index":"index","follow":"follow","max-snippet":"max-snippet:-1","max-image-preview":"max-image-preview:large","max-video-preview":"max-video-preview:-1"},"canonical":"https:\/\/goya-tec.com\/en_us\/gydfe-500\/","og_locale":"en_US","og_type":"article","og_title":"GYDFE-500 - Goya-Tec","og_description":"Sistema SMATV con amplificador \u00f3ptico GY3530 para distribuci\u00f3n satelital en edificios hasta 30 km, ideal para hasta 32,000 apartamentos.","og_url":"https:\/\/goya-tec.com\/en_us\/gydfe-500\/","og_site_name":"Goya-Tec","article_modified_time":"2025-03-20T09:19:49+00:00","og_image":[{"url":"https:\/\/goya-tec.com\/wp-content\/uploads\/2022\/03\/Group-3.png","type":"","width":"","height":""}],"twitter_card":"summary_large_image","twitter_misc":{"Est. reading time":"2 minutes"},"schema":{"@context":"https:\/\/schema.org","@graph":[{"@type":"WebPage","@id":"https:\/\/goya-tec.com\/gydfe-500\/","url":"https:\/\/goya-tec.com\/gydfe-500\/","name":"GYDFE-500 - Goya-Tec","isPartOf":{"@id":"https:\/\/goya-tec.com\/#website"},"primaryImageOfPage":{"@id":"https:\/\/goya-tec.com\/gydfe-500\/#primaryimage"},"image":{"@id":"https:\/\/goya-tec.com\/gydfe-500\/#primaryimage"},"thumbnailUrl":"https:\/\/goya-tec.com\/wp-content\/uploads\/2022\/03\/Group-3.png","datePublished":"2022-03-25T19:18:28+00:00","dateModified":"2025-03-20T09:19:49+00:00","description":"Sistema SMATV con amplificador \u00f3ptico GY3530 para distribuci\u00f3n satelital en edificios hasta 30 km, ideal para hasta 32,000 apartamentos.","breadcrumb":{"@id":"https:\/\/goya-tec.com\/gydfe-500\/#breadcrumb"},"inLanguage":"en-US","potentialAction":[{"@type":"ReadAction","target":["https:\/\/goya-tec.com\/gydfe-500\/"]}]},{"@type":"ImageObject","inLanguage":"en-US","@id":"https:\/\/goya-tec.com\/gydfe-500\/#primaryimage","url":"https:\/\/goya-tec.com\/wp-content\/uploads\/2022\/03\/Group-3.png","contentUrl":"https:\/\/goya-tec.com\/wp-content\/uploads\/2022\/03\/Group-3.png"},{"@type":"BreadcrumbList","@id":"https:\/\/goya-tec.com\/gydfe-500\/#breadcrumb","itemListElement":[{"@type":"ListItem","position":1,"name":"Home","item":"https:\/\/goya-tec.com\/"},{"@type":"ListItem","position":2,"name":"GYDFE-500"}]},{"@type":"WebSite","@id":"https:\/\/goya-tec.com\/#website","url":"https:\/\/goya-tec.com\/","name":"Goya-Tec","description":"leaders of dth equipment","potentialAction":[{"@type":"SearchAction","target":{"@type":"EntryPoint","urlTemplate":"https:\/\/goya-tec.com\/?s={search_term_string}"},"query-input":{"@type":"PropertyValueSpecification","valueRequired":true,"valueName":"search_term_string"}}],"inLanguage":"en-US"}]}},"_links":{"self":[{"href":"https:\/\/goya-tec.com\/en_us\/wp-json\/wp\/v2\/pages\/1076","targetHints":{"allow":["GET"]}}],"collection":[{"href":"https:\/\/goya-tec.com\/en_us\/wp-json\/wp\/v2\/pages"}],"about":[{"href":"https:\/\/goya-tec.com\/en_us\/wp-json\/wp\/v2\/types\/page"}],"author":[{"embeddable":true,"href":"https:\/\/goya-tec.com\/en_us\/wp-json\/wp\/v2\/users\/3"}],"replies":[{"embeddable":true,"href":"https:\/\/goya-tec.com\/en_us\/wp-json\/wp\/v2\/comments?post=1076"}],"version-history":[{"count":10,"href":"https:\/\/goya-tec.com\/en_us\/wp-json\/wp\/v2\/pages\/1076\/revisions"}],"predecessor-version":[{"id":1499,"href":"https:\/\/goya-tec.com\/en_us\/wp-json\/wp\/v2\/pages\/1076\/revisions\/1499"}],"wp:attachment":[{"href":"https:\/\/goya-tec.com\/en_us\/wp-json\/wp\/v2\/media?parent=1076"}],"curies":[{"name":"wp","href":"https:\/\/api.w.org\/{rel}","templated":true}]}}