{"id":1086,"date":"2022-03-25T19:28:21","date_gmt":"2022-03-25T19:28:21","guid":{"rendered":"https:\/\/goya-tec.com\/?page_id=1086"},"modified":"2025-03-20T09:10:04","modified_gmt":"2025-03-20T09:10:04","slug":"gydfh-100","status":"publish","type":"page","link":"https:\/\/goya-tec.com\/en_us\/gydfh-100\/","title":{"rendered":"GYDFH-100"},"content":{"rendered":"<ul class=\"sidebar-wrapper ul-reset\"><\/ul>\r\n\r\n\t<section class=\"section\" id=\"section_1383164056\">\n\t\t<div class=\"bg section-bg fill bg-fill  bg-loaded\" >\n\n\t\t\t\n\t\t\t\n\t\t\t\n\n\t\t<\/div>\n\n\t\t\n\n\t\t<div class=\"section-content relative\">\n\t\t\t\r\n\r\n\t<div id=\"gap-2098453061\" class=\"gap-element clearfix\" style=\"display:block; height:auto;\">\n\t\t\n<style>\n#gap-2098453061 {\n  padding-top: 30px;\n}\n<\/style>\n\t<\/div>\n\t\r\n\r\n<div class=\"row align-middle\"  id=\"row-1270389398\">\r\n\r\n\n\t<div id=\"col-1627136171\" class=\"col medium-12 small-12 large-6\"  >\n\t\t\t\t<div class=\"col-inner\"  >\n\t\t\t\n\t\t\t\r\n\r\n\n  <div class=\"banner has-hover\" id=\"banner-319925485\">\n          <div class=\"banner-inner fill\">\n        <div class=\"banner-bg fill\" >\n            <div class=\"bg fill bg-fill\"><\/div>\n                                    \n                    <\/div>\n\t\t\n        <div class=\"banner-layers container\">\n            <div class=\"fill banner-link\"><\/div>            \r\n\r\n   <div id=\"text-box-1288079805\" class=\"text-box banner-layer x50 md-x50 lg-x50 y50 md-y50 lg-y50 res-text\">\n                                <div class=\"text-box-content text dark\">\n              \n              <div class=\"text-inner text-center\">\n                  \r\n\r\n\r\n              <\/div>\n           <\/div>\n                            \n<style>\n#text-box-1288079805 {\n  width: 60%;\n}\n#text-box-1288079805 .text-box-content {\n  font-size: 100%;\n}\n<\/style>\n    <\/div>\n \r\n\r\n        <\/div>\n      <\/div>\n\n            \n<style>\n#banner-319925485 {\n  padding-top: 99.99%;\n  background-color: rgb(255, 255, 255);\n}\n#banner-319925485 .bg.bg-loaded {\n  background-image: url(https:\/\/goya-tec.com\/wp-content\/uploads\/2022\/03\/Optical-LNB-1.png);\n}\n#banner-319925485 .bg {\n  background-position: 35% 56%;\n}\n@media (min-width:550px) {\n  #banner-319925485 {\n    padding-top: 75%;\n  }\n}\n@media (min-width:850px) {\n  #banner-319925485 {\n    padding-top: 99.99%;\n  }\n}\n<\/style>\n  <\/div>\n\n\r\n\r\n\t\t<\/div>\n\t\t\t\t\t<\/div>\n\n\t\r\n\n\t<div id=\"col-1567004732\" class=\"col medium-12 small-12 large-6\"  >\n\t\t\t\t<div class=\"col-inner\"  >\n\t\t\t\n\t\t\t\r\n\r\n\t<div id=\"gap-1382264555\" class=\"gap-element clearfix\" style=\"display:block; height:auto;\">\n\t\t\n<style>\n#gap-1382264555 {\n  padding-top: 10px;\n}\n@media (min-width:850px) {\n  #gap-1382264555 {\n    padding-top: 30px;\n  }\n}\n<\/style>\n\t<\/div>\n\t\r\n\r\n\t<div id=\"text-3878325782\" class=\"text\">\n\t\t\r\n\r\n<h2><strong>Receptor \u00d3ptico FTTH GYDFH-100 para TV Satelital 1550nm<\/strong><\/h2>\r\n\t\t\n<style>\n#text-3878325782 {\n  font-size: 1.5rem;\n}\n<\/style>\n\t<\/div>\n\t\r\n<p>\u00a0<\/p>\r\n<p>El <em>GYDFH-100<\/em> es un receptor \u00f3ptico FTTH de 1550 nm dise\u00f1ado para la recepci\u00f3n de se\u00f1ales de televisi\u00f3n terrestre y satelital RF en redes de <em>Passive Optical Network<\/em> (PON). Con soporte para <em>GPON WDM<\/em> en 1310 nm\/1490 nm (actualizable a 1270 nm\/1577 nm para soportar <em>XGPON ONU<\/em>), este receptor permite la recepci\u00f3n de se\u00f1ales \u00f3pticas de TV satelital y terrestre a 1550 nm mientras permite el paso de se\u00f1ales digitales 1310 nm\/1490 nm o 1270 nm\/1577 nm hacia el dispositivo ONU.<\/p>\r\n<p>Trabajando en conjunto con los transmisores \u00f3pticos de sat\u00e9lite <em>dCSS<\/em> de GOYATECH o transmisores \u00f3pticos de fibra 1550 nm, el <em>GYDFH-100<\/em> ofrece una salida de se\u00f1al de TV terrestre y satelital RF de alta calidad, garantizando una experiencia de visualizaci\u00f3n superior. Su dise\u00f1o flexible y escalable lo convierte en la soluci\u00f3n perfecta para implementaciones FTTH que requieren distribuci\u00f3n eficiente de se\u00f1ales de TV satelital y terrestre, manteniendo la integridad y calidad de la se\u00f1al a lo largo de la red \u00f3ptica.<\/p>\r\n<p><a href=\"https:\/\/goya-tec.com\/wp-content\/uploads\/2022\/03\/GYDFH-100-OPTICAL-RECEIVER-GOYATECH.doc\" download=\"GYDFH-100\" data-wplink-edit=\"true\"><br \/><br \/><\/a><\/p>\r\n<a href=\"https:\/\/goya-tec.com\/wp-content\/uploads\/2022\/03\/GYDFH-100-OPTICAL-RECEIVER-GOYATECH.doc\" target=\"_self\" class=\"button primary is-link\"  style=\"padding:0 0px 0px 0px;\">\n    <span>Descargar Ficha<\/span>\n  <i class=\"icon-angle-right\" aria-hidden=\"true\" ><\/i><\/a>\n\r\n\r\n\r\n\t\t<\/div>\n\t\t\t\t\n<style>\n#col-1567004732 > .col-inner {\n  padding: 0px 0px 0px 0;\n}\n@media (min-width:850px) {\n  #col-1567004732 > .col-inner {\n    padding: 0px 0px 0px 10%;\n  }\n}\n<\/style>\n\t<\/div>\n\n\t\r\n\r\n<\/div>\r\n\r\n\t\t<\/div>\n\n\t\t\n<style>\n#section_1383164056 {\n  padding-top: 40px;\n  padding-bottom: 40px;\n}\n@media (min-width:850px) {\n  #section_1383164056 {\n    padding-top: 70px;\n    padding-bottom: 70px;\n  }\n}\n<\/style>\n\t<\/section>","protected":false},"excerpt":{"rendered":"","protected":false},"author":3,"featured_media":0,"parent":0,"menu_order":0,"comment_status":"closed","ping_status":"closed","template":"","meta":{"bgseo_title":"","bgseo_description":"","bgseo_robots_index":"index","bgseo_robots_follow":"follow","om_disable_all_campaigns":false,"_monsterinsights_skip_tracking":false,"_monsterinsights_sitenote_active":false,"_monsterinsights_sitenote_note":"","_monsterinsights_sitenote_category":0,"footnotes":""},"class_list":["post-1086","page","type-page","status-publish","hentry"],"yoast_head":"<!-- This site is optimized with the Yoast SEO plugin v24.5 - https:\/\/yoast.com\/wordpress\/plugins\/seo\/ -->\n<title>GYDFH-100 | Goya-Tec<\/title>\n<meta name=\"description\" content=\"Receptor \u00f3ptico FTTH GYDFH-100 1550 nm para se\u00f1ales TV terrestre y satelital RF en redes PON, con soporte GPON WDM y alta calidad de se\u00f1al.\" \/>\n<meta name=\"robots\" content=\"index, follow, max-snippet:-1, max-image-preview:large, max-video-preview:-1\" \/>\n<link rel=\"canonical\" href=\"https:\/\/goya-tec.com\/en_us\/gydfh-100\/\" \/>\n<meta property=\"og:locale\" content=\"en_US\" \/>\n<meta property=\"og:type\" content=\"article\" \/>\n<meta property=\"og:title\" content=\"GYDFH-100 - Goya-Tec\" \/>\n<meta property=\"og:description\" content=\"Receptor \u00f3ptico FTTH GYDFH-100 1550 nm para se\u00f1ales TV terrestre y satelital RF en redes PON, con soporte GPON WDM y alta calidad de se\u00f1al.\" \/>\n<meta property=\"og:url\" content=\"https:\/\/goya-tec.com\/en_us\/gydfh-100\/\" \/>\n<meta property=\"og:site_name\" content=\"Goya-Tec\" \/>\n<meta property=\"article:modified_time\" content=\"2025-03-20T09:10:04+00:00\" \/>\n<meta name=\"twitter:card\" content=\"summary_large_image\" \/>\n<meta name=\"twitter:label1\" content=\"Est. reading time\" \/>\n\t<meta name=\"twitter:data1\" content=\"2 minutes\" \/>\n<script type=\"application\/ld+json\" class=\"yoast-schema-graph\">{\"@context\":\"https:\/\/schema.org\",\"@graph\":[{\"@type\":\"WebPage\",\"@id\":\"https:\/\/goya-tec.com\/gydfh-100\/\",\"url\":\"https:\/\/goya-tec.com\/gydfh-100\/\",\"name\":\"GYDFH-100 - Goya-Tec\",\"isPartOf\":{\"@id\":\"https:\/\/goya-tec.com\/#website\"},\"datePublished\":\"2022-03-25T19:28:21+00:00\",\"dateModified\":\"2025-03-20T09:10:04+00:00\",\"description\":\"Receptor \u00f3ptico FTTH GYDFH-100 1550 nm para se\u00f1ales TV terrestre y satelital RF en redes PON, con soporte GPON WDM y alta calidad de se\u00f1al.\",\"breadcrumb\":{\"@id\":\"https:\/\/goya-tec.com\/gydfh-100\/#breadcrumb\"},\"inLanguage\":\"en-US\",\"potentialAction\":[{\"@type\":\"ReadAction\",\"target\":[\"https:\/\/goya-tec.com\/gydfh-100\/\"]}]},{\"@type\":\"BreadcrumbList\",\"@id\":\"https:\/\/goya-tec.com\/gydfh-100\/#breadcrumb\",\"itemListElement\":[{\"@type\":\"ListItem\",\"position\":1,\"name\":\"Home\",\"item\":\"https:\/\/goya-tec.com\/\"},{\"@type\":\"ListItem\",\"position\":2,\"name\":\"GYDFH-100\"}]},{\"@type\":\"WebSite\",\"@id\":\"https:\/\/goya-tec.com\/#website\",\"url\":\"https:\/\/goya-tec.com\/\",\"name\":\"Goya-Tec\",\"description\":\"leaders of dth equipment\",\"potentialAction\":[{\"@type\":\"SearchAction\",\"target\":{\"@type\":\"EntryPoint\",\"urlTemplate\":\"https:\/\/goya-tec.com\/?s={search_term_string}\"},\"query-input\":{\"@type\":\"PropertyValueSpecification\",\"valueRequired\":true,\"valueName\":\"search_term_string\"}}],\"inLanguage\":\"en-US\"}]}<\/script>\n<!-- \/ Yoast SEO plugin. -->","yoast_head_json":{"title":"GYDFH-100 | Goya-Tec","description":"Receptor \u00f3ptico FTTH GYDFH-100 1550 nm para se\u00f1ales TV terrestre y satelital RF en redes PON, con soporte GPON WDM y alta calidad de se\u00f1al.","robots":{"index":"index","follow":"follow","max-snippet":"max-snippet:-1","max-image-preview":"max-image-preview:large","max-video-preview":"max-video-preview:-1"},"canonical":"https:\/\/goya-tec.com\/en_us\/gydfh-100\/","og_locale":"en_US","og_type":"article","og_title":"GYDFH-100 - Goya-Tec","og_description":"Receptor \u00f3ptico FTTH GYDFH-100 1550 nm para se\u00f1ales TV terrestre y satelital RF en redes PON, con soporte GPON WDM y alta calidad de se\u00f1al.","og_url":"https:\/\/goya-tec.com\/en_us\/gydfh-100\/","og_site_name":"Goya-Tec","article_modified_time":"2025-03-20T09:10:04+00:00","twitter_card":"summary_large_image","twitter_misc":{"Est. reading time":"2 minutes"},"schema":{"@context":"https:\/\/schema.org","@graph":[{"@type":"WebPage","@id":"https:\/\/goya-tec.com\/gydfh-100\/","url":"https:\/\/goya-tec.com\/gydfh-100\/","name":"GYDFH-100 - Goya-Tec","isPartOf":{"@id":"https:\/\/goya-tec.com\/#website"},"datePublished":"2022-03-25T19:28:21+00:00","dateModified":"2025-03-20T09:10:04+00:00","description":"Receptor \u00f3ptico FTTH GYDFH-100 1550 nm para se\u00f1ales TV terrestre y satelital RF en redes PON, con soporte GPON WDM y alta calidad de se\u00f1al.","breadcrumb":{"@id":"https:\/\/goya-tec.com\/gydfh-100\/#breadcrumb"},"inLanguage":"en-US","potentialAction":[{"@type":"ReadAction","target":["https:\/\/goya-tec.com\/gydfh-100\/"]}]},{"@type":"BreadcrumbList","@id":"https:\/\/goya-tec.com\/gydfh-100\/#breadcrumb","itemListElement":[{"@type":"ListItem","position":1,"name":"Home","item":"https:\/\/goya-tec.com\/"},{"@type":"ListItem","position":2,"name":"GYDFH-100"}]},{"@type":"WebSite","@id":"https:\/\/goya-tec.com\/#website","url":"https:\/\/goya-tec.com\/","name":"Goya-Tec","description":"leaders of dth equipment","potentialAction":[{"@type":"SearchAction","target":{"@type":"EntryPoint","urlTemplate":"https:\/\/goya-tec.com\/?s={search_term_string}"},"query-input":{"@type":"PropertyValueSpecification","valueRequired":true,"valueName":"search_term_string"}}],"inLanguage":"en-US"}]}},"_links":{"self":[{"href":"https:\/\/goya-tec.com\/en_us\/wp-json\/wp\/v2\/pages\/1086","targetHints":{"allow":["GET"]}}],"collection":[{"href":"https:\/\/goya-tec.com\/en_us\/wp-json\/wp\/v2\/pages"}],"about":[{"href":"https:\/\/goya-tec.com\/en_us\/wp-json\/wp\/v2\/types\/page"}],"author":[{"embeddable":true,"href":"https:\/\/goya-tec.com\/en_us\/wp-json\/wp\/v2\/users\/3"}],"replies":[{"embeddable":true,"href":"https:\/\/goya-tec.com\/en_us\/wp-json\/wp\/v2\/comments?post=1086"}],"version-history":[{"count":10,"href":"https:\/\/goya-tec.com\/en_us\/wp-json\/wp\/v2\/pages\/1086\/revisions"}],"predecessor-version":[{"id":1582,"href":"https:\/\/goya-tec.com\/en_us\/wp-json\/wp\/v2\/pages\/1086\/revisions\/1582"}],"wp:attachment":[{"href":"https:\/\/goya-tec.com\/en_us\/wp-json\/wp\/v2\/media?parent=1086"}],"curies":[{"name":"wp","href":"https:\/\/api.w.org\/{rel}","templated":true}]}}