{"id":1098,"date":"2022-03-25T19:45:34","date_gmt":"2022-03-25T19:45:34","guid":{"rendered":"https:\/\/goya-tec.com\/?page_id=1098"},"modified":"2025-03-20T09:09:47","modified_gmt":"2025-03-20T09:09:47","slug":"gyt350s","status":"publish","type":"page","link":"https:\/\/goya-tec.com\/en_us\/gyt350s\/","title":{"rendered":"GYT350S"},"content":{"rendered":"<p><img fetchpriority=\"high\" decoding=\"async\" width=\"642\" height=\"642\" src=\"https:\/\/goya-tec.com\/wp-content\/uploads\/2022\/03\/CATVSAT-Fiber-Optic-Transmitter.png\" alt=\"\" srcset=\"https:\/\/goya-tec.com\/wp-content\/uploads\/2022\/03\/CATVSAT-Fiber-Optic-Transmitter.png 642w, https:\/\/goya-tec.com\/wp-content\/uploads\/2022\/03\/CATVSAT-Fiber-Optic-Transmitter-300x300.png 300w, https:\/\/goya-tec.com\/wp-content\/uploads\/2022\/03\/CATVSAT-Fiber-Optic-Transmitter-100x100.png 100w, https:\/\/goya-tec.com\/wp-content\/uploads\/2022\/03\/CATVSAT-Fiber-Optic-Transmitter-600x600.png 600w, https:\/\/goya-tec.com\/wp-content\/uploads\/2022\/03\/CATVSAT-Fiber-Optic-Transmitter-150x150.png 150w, https:\/\/goya-tec.com\/wp-content\/uploads\/2022\/03\/CATVSAT-Fiber-Optic-Transmitter-230x230.png 230w, https:\/\/goya-tec.com\/wp-content\/uploads\/2022\/03\/CATVSAT-Fiber-Optic-Transmitter-400x400.png 400w, https:\/\/goya-tec.com\/wp-content\/uploads\/2022\/03\/CATVSAT-Fiber-Optic-Transmitter-640x640.png 640w, https:\/\/goya-tec.com\/wp-content\/uploads\/2022\/03\/CATVSAT-Fiber-Optic-Transmitter-48x48.png 48w, https:\/\/goya-tec.com\/wp-content\/uploads\/2022\/03\/CATVSAT-Fiber-Optic-Transmitter-250x250.png 250w, https:\/\/goya-tec.com\/wp-content\/uploads\/2022\/03\/CATVSAT-Fiber-Optic-Transmitter-550x550.png 550w, https:\/\/goya-tec.com\/wp-content\/uploads\/2022\/03\/CATVSAT-Fiber-Optic-Transmitter-180x180.png 180w, https:\/\/goya-tec.com\/wp-content\/uploads\/2022\/03\/CATVSAT-Fiber-Optic-Transmitter-500x500.png 500w\" sizes=\"(max-width: 642px) 100vw, 642px\" \/>\t\t\t\t\t\t\t\t\t\t\t\t\t<\/p>\n<h4>GYT350S CATV+SAT Fiber Optic Transmitter<\/h4>\n<p><strong>Transmisor DFB 1550nm GYT350S para Distribuci\u00f3n de TV Anal\u00f3gica, Digital y Satelital<\/strong><\/p>\n<p>El <em>GYT350S<\/em> es un transmisor DFB (Distributed Feedback) de modulaci\u00f3n directa a 1550 nm, dise\u00f1ado para la distribuci\u00f3n de se\u00f1ales de TV anal\u00f3gica, TV digital y satelital en el rango de frecuencia de 950 ~ 2150 MHz sobre fibra \u00f3ptica densa. Utilizando un l\u00e1ser DFB de alta linealidad y una t\u00e9cnica de procesamiento autom\u00e1tico de potencia RF digital, el <em>GYT350S<\/em> garantiza una transmisi\u00f3n de se\u00f1al de alta calidad con m\u00ednima distorsi\u00f3n.<\/p>\n<p>El transmisor cuenta con un circuito de pre-distorsi\u00f3n RF que optimiza a\u00fan m\u00e1s la calidad de la se\u00f1al. Adem\u00e1s, su microprocesador incorporado supervisa continuamente el estado de funcionamiento del transmisor y asegura autom\u00e1ticamente un rendimiento \u00f3ptimo durante su operaci\u00f3n.<\/p>\n<p>Ideal para aplicaciones de distribuci\u00f3n de TV anal\u00f3gica a trav\u00e9s de fibra en distancias de hasta 20 km, el <em>GYT350S<\/em> ofrece una soluci\u00f3n eficiente y confiable para redes de televisi\u00f3n y telecomunicaciones, proporcionando un rendimiento excepcional y calidad de se\u00f1al en entornos exigentes.<\/p>\n<p>\t\t\t\t\t<a href=\"https:\/\/goya-tec.com\/wp-content\/uploads\/2022\/03\/GYT350S-CATVSAT-Fiber-Optic-Transmitter.pdf\" download=\"GYT350S\"><br \/>\n\t\t\t\t\t\t\t\t\tDescargar Ficha<br \/>\n\t\t\t\t\t<\/a><\/p>","protected":false},"excerpt":{"rendered":"<p>GYT350S CATV+SAT Fiber Optic Transmitter Transmisor DFB 1550nm GYT350S para Distribuci\u00f3n de TV Anal\u00f3gica, Digital y Satelital El GYT350S es un transmisor DFB (Distributed Feedback) de modulaci\u00f3n directa a 1550 nm, dise\u00f1ado para la distribuci\u00f3n de se\u00f1ales de TV anal\u00f3gica, TV digital y satelital en el rango de frecuencia de 950 ~ 2150 MHz sobre [&#8230;]","protected":false},"author":3,"featured_media":0,"parent":0,"menu_order":0,"comment_status":"closed","ping_status":"closed","template":"","meta":{"bgseo_title":"","bgseo_description":"","bgseo_robots_index":"index","bgseo_robots_follow":"follow","om_disable_all_campaigns":false,"_monsterinsights_skip_tracking":false,"_monsterinsights_sitenote_active":false,"_monsterinsights_sitenote_note":"","_monsterinsights_sitenote_category":0,"footnotes":""},"class_list":["post-1098","page","type-page","status-publish","hentry"],"yoast_head":"<!-- This site is optimized with the Yoast SEO plugin v24.5 - https:\/\/yoast.com\/wordpress\/plugins\/seo\/ -->\n<title>GYT350S | Goya-Tec<\/title>\n<meta name=\"description\" content=\"Transmisor DFB 1550nm GYT350S para distribuci\u00f3n de TV anal\u00f3gica, digital y satelital, con alta calidad de se\u00f1al, m\u00ednima distorsi\u00f3n y hasta 20 km de alcance\" \/>\n<meta name=\"robots\" content=\"index, follow, max-snippet:-1, max-image-preview:large, max-video-preview:-1\" \/>\n<link rel=\"canonical\" href=\"https:\/\/goya-tec.com\/en_us\/gyt350s\/\" \/>\n<meta property=\"og:locale\" content=\"en_US\" \/>\n<meta property=\"og:type\" content=\"article\" \/>\n<meta property=\"og:title\" content=\"GYT350S - Goya-Tec\" \/>\n<meta property=\"og:description\" content=\"Transmisor DFB 1550nm GYT350S para distribuci\u00f3n de TV anal\u00f3gica, digital y satelital, con alta calidad de se\u00f1al, m\u00ednima distorsi\u00f3n y hasta 20 km de alcance\" \/>\n<meta property=\"og:url\" content=\"https:\/\/goya-tec.com\/en_us\/gyt350s\/\" \/>\n<meta property=\"og:site_name\" content=\"Goya-Tec\" \/>\n<meta property=\"article:modified_time\" content=\"2025-03-20T09:09:47+00:00\" \/>\n<meta property=\"og:image\" content=\"https:\/\/goya-tec.com\/wp-content\/uploads\/2022\/03\/CATVSAT-Fiber-Optic-Transmitter.png\" \/>\n<meta name=\"twitter:card\" content=\"summary_large_image\" \/>\n<meta name=\"twitter:label1\" content=\"Est. reading time\" \/>\n\t<meta name=\"twitter:data1\" content=\"1 minute\" \/>\n<script type=\"application\/ld+json\" class=\"yoast-schema-graph\">{\"@context\":\"https:\/\/schema.org\",\"@graph\":[{\"@type\":\"WebPage\",\"@id\":\"https:\/\/goya-tec.com\/gyt350s\/\",\"url\":\"https:\/\/goya-tec.com\/gyt350s\/\",\"name\":\"GYT350S - Goya-Tec\",\"isPartOf\":{\"@id\":\"https:\/\/goya-tec.com\/#website\"},\"primaryImageOfPage\":{\"@id\":\"https:\/\/goya-tec.com\/gyt350s\/#primaryimage\"},\"image\":{\"@id\":\"https:\/\/goya-tec.com\/gyt350s\/#primaryimage\"},\"thumbnailUrl\":\"https:\/\/goya-tec.com\/wp-content\/uploads\/2022\/03\/CATVSAT-Fiber-Optic-Transmitter.png\",\"datePublished\":\"2022-03-25T19:45:34+00:00\",\"dateModified\":\"2025-03-20T09:09:47+00:00\",\"description\":\"Transmisor DFB 1550nm GYT350S para distribuci\u00f3n de TV anal\u00f3gica, digital y satelital, con alta calidad de se\u00f1al, m\u00ednima distorsi\u00f3n y hasta 20 km de alcance\",\"breadcrumb\":{\"@id\":\"https:\/\/goya-tec.com\/gyt350s\/#breadcrumb\"},\"inLanguage\":\"en-US\",\"potentialAction\":[{\"@type\":\"ReadAction\",\"target\":[\"https:\/\/goya-tec.com\/gyt350s\/\"]}]},{\"@type\":\"ImageObject\",\"inLanguage\":\"en-US\",\"@id\":\"https:\/\/goya-tec.com\/gyt350s\/#primaryimage\",\"url\":\"https:\/\/goya-tec.com\/wp-content\/uploads\/2022\/03\/CATVSAT-Fiber-Optic-Transmitter.png\",\"contentUrl\":\"https:\/\/goya-tec.com\/wp-content\/uploads\/2022\/03\/CATVSAT-Fiber-Optic-Transmitter.png\"},{\"@type\":\"BreadcrumbList\",\"@id\":\"https:\/\/goya-tec.com\/gyt350s\/#breadcrumb\",\"itemListElement\":[{\"@type\":\"ListItem\",\"position\":1,\"name\":\"Home\",\"item\":\"https:\/\/goya-tec.com\/\"},{\"@type\":\"ListItem\",\"position\":2,\"name\":\"GYT350S\"}]},{\"@type\":\"WebSite\",\"@id\":\"https:\/\/goya-tec.com\/#website\",\"url\":\"https:\/\/goya-tec.com\/\",\"name\":\"Goya-Tec\",\"description\":\"leaders of dth equipment\",\"potentialAction\":[{\"@type\":\"SearchAction\",\"target\":{\"@type\":\"EntryPoint\",\"urlTemplate\":\"https:\/\/goya-tec.com\/?s={search_term_string}\"},\"query-input\":{\"@type\":\"PropertyValueSpecification\",\"valueRequired\":true,\"valueName\":\"search_term_string\"}}],\"inLanguage\":\"en-US\"}]}<\/script>\n<!-- \/ Yoast SEO plugin. -->","yoast_head_json":{"title":"GYT350S | Goya-Tec","description":"Transmisor DFB 1550nm GYT350S para distribuci\u00f3n de TV anal\u00f3gica, digital y satelital, con alta calidad de se\u00f1al, m\u00ednima distorsi\u00f3n y hasta 20 km de alcance","robots":{"index":"index","follow":"follow","max-snippet":"max-snippet:-1","max-image-preview":"max-image-preview:large","max-video-preview":"max-video-preview:-1"},"canonical":"https:\/\/goya-tec.com\/en_us\/gyt350s\/","og_locale":"en_US","og_type":"article","og_title":"GYT350S - Goya-Tec","og_description":"Transmisor DFB 1550nm GYT350S para distribuci\u00f3n de TV anal\u00f3gica, digital y satelital, con alta calidad de se\u00f1al, m\u00ednima distorsi\u00f3n y hasta 20 km de alcance","og_url":"https:\/\/goya-tec.com\/en_us\/gyt350s\/","og_site_name":"Goya-Tec","article_modified_time":"2025-03-20T09:09:47+00:00","og_image":[{"url":"https:\/\/goya-tec.com\/wp-content\/uploads\/2022\/03\/CATVSAT-Fiber-Optic-Transmitter.png","type":"","width":"","height":""}],"twitter_card":"summary_large_image","twitter_misc":{"Est. reading time":"1 minute"},"schema":{"@context":"https:\/\/schema.org","@graph":[{"@type":"WebPage","@id":"https:\/\/goya-tec.com\/gyt350s\/","url":"https:\/\/goya-tec.com\/gyt350s\/","name":"GYT350S - Goya-Tec","isPartOf":{"@id":"https:\/\/goya-tec.com\/#website"},"primaryImageOfPage":{"@id":"https:\/\/goya-tec.com\/gyt350s\/#primaryimage"},"image":{"@id":"https:\/\/goya-tec.com\/gyt350s\/#primaryimage"},"thumbnailUrl":"https:\/\/goya-tec.com\/wp-content\/uploads\/2022\/03\/CATVSAT-Fiber-Optic-Transmitter.png","datePublished":"2022-03-25T19:45:34+00:00","dateModified":"2025-03-20T09:09:47+00:00","description":"Transmisor DFB 1550nm GYT350S para distribuci\u00f3n de TV anal\u00f3gica, digital y satelital, con alta calidad de se\u00f1al, m\u00ednima distorsi\u00f3n y hasta 20 km de alcance","breadcrumb":{"@id":"https:\/\/goya-tec.com\/gyt350s\/#breadcrumb"},"inLanguage":"en-US","potentialAction":[{"@type":"ReadAction","target":["https:\/\/goya-tec.com\/gyt350s\/"]}]},{"@type":"ImageObject","inLanguage":"en-US","@id":"https:\/\/goya-tec.com\/gyt350s\/#primaryimage","url":"https:\/\/goya-tec.com\/wp-content\/uploads\/2022\/03\/CATVSAT-Fiber-Optic-Transmitter.png","contentUrl":"https:\/\/goya-tec.com\/wp-content\/uploads\/2022\/03\/CATVSAT-Fiber-Optic-Transmitter.png"},{"@type":"BreadcrumbList","@id":"https:\/\/goya-tec.com\/gyt350s\/#breadcrumb","itemListElement":[{"@type":"ListItem","position":1,"name":"Home","item":"https:\/\/goya-tec.com\/"},{"@type":"ListItem","position":2,"name":"GYT350S"}]},{"@type":"WebSite","@id":"https:\/\/goya-tec.com\/#website","url":"https:\/\/goya-tec.com\/","name":"Goya-Tec","description":"leaders of dth equipment","potentialAction":[{"@type":"SearchAction","target":{"@type":"EntryPoint","urlTemplate":"https:\/\/goya-tec.com\/?s={search_term_string}"},"query-input":{"@type":"PropertyValueSpecification","valueRequired":true,"valueName":"search_term_string"}}],"inLanguage":"en-US"}]}},"_links":{"self":[{"href":"https:\/\/goya-tec.com\/en_us\/wp-json\/wp\/v2\/pages\/1098","targetHints":{"allow":["GET"]}}],"collection":[{"href":"https:\/\/goya-tec.com\/en_us\/wp-json\/wp\/v2\/pages"}],"about":[{"href":"https:\/\/goya-tec.com\/en_us\/wp-json\/wp\/v2\/types\/page"}],"author":[{"embeddable":true,"href":"https:\/\/goya-tec.com\/en_us\/wp-json\/wp\/v2\/users\/3"}],"replies":[{"embeddable":true,"href":"https:\/\/goya-tec.com\/en_us\/wp-json\/wp\/v2\/comments?post=1098"}],"version-history":[{"count":10,"href":"https:\/\/goya-tec.com\/en_us\/wp-json\/wp\/v2\/pages\/1098\/revisions"}],"predecessor-version":[{"id":1511,"href":"https:\/\/goya-tec.com\/en_us\/wp-json\/wp\/v2\/pages\/1098\/revisions\/1511"}],"wp:attachment":[{"href":"https:\/\/goya-tec.com\/en_us\/wp-json\/wp\/v2\/media?parent=1098"}],"curies":[{"name":"wp","href":"https:\/\/api.w.org\/{rel}","templated":true}]}}