{"id":1531,"date":"2025-01-21T12:14:38","date_gmt":"2025-01-21T12:14:38","guid":{"rendered":"https:\/\/goya-tec.com\/?page_id=1531"},"modified":"2025-01-21T12:14:38","modified_gmt":"2025-01-21T12:14:38","slug":"backup","status":"publish","type":"page","link":"https:\/\/goya-tec.com\/en_us\/backup\/","title":{"rendered":"Backup"},"content":{"rendered":"<div class=\"boldgrid-section\">\n<div class=\"container\">\n<div class=\"row\">\n<div class=\"col-lg-12 col-md-12 col-xs-12 col-sm-12\">\n<p class=\"\"><img decoding=\"async\" src=\"https:\/\/goya-tec.com\/wp-content\/uploads\/2022\/02\/fiber-optic-internet.jpeg\" alt=\"fiber-optic-internet\"><\/p>\n<h1>GOYA-TEC<\/h1>\n<h5>Telecommunications<\/h5>\n<p>PRODUCTOS SOFISTICADOS EN DTH, CABLE OPERADORES Y PROVEEDORES DE FTTH<\/p>\n<h3>dth<\/h3>\n<h3>dth<\/h3>\n<p>Proyectos de Integraci\u00f3n Cas, Set top box a bajo costo, Lnbs optimizados, DTH sobre fibra \u00f3ptica, remote control spare, Fuentes poder, cables , conectores&#8230;<\/p>\n<p><a href=\"https:\/\/goya-tec.com\/en_us\/productos\/productos-dth\/\">PRODUCTS<\/a><\/p>\n<h3>cable operadores<\/h3>\n<h3>cable operadores<\/h3>\n<p>Integraci\u00f3n Cas con Set Top Box DVBC,<br \/>\nDesarrollo STBx a bajo costo,<br \/>\nDocsis Over FTTHH,<br \/>\nCoax Cable,<br \/>\nconectores,<br \/>\nRemote Controls&#8230;<\/p>\n<p><a href=\"https:\/\/goya-tec.com\/en_us\/productos-cable-operadores\/\">PRODUCTS<\/a><\/p>\n<h3>Proveedores de FTTH<\/h3>\n<h3>PROVEEDORES ftth<\/h3>\n<p>Proveedores FTTH,<br \/>\nFibers of 24, 48, and 96<br \/>\nGabinetes de Fibra,<br \/>\nODF, Spliter, Terminal<br \/>\nONU\/OLT,<br \/>\nExcelentes Precios&#8230;<\/p>\n<p><a href=\"https:\/\/goya-tec.com\/en_us\/productos-ftth\/\">PRODUCTS<\/a><\/p>\n<h2>STRENGTHS<\/h2>\n<h3><a href=\"#\">ENTREGA R\u00c1PIDA<\/a><\/h3>\n<p>Fabricaci\u00f3n y entrega m\u00e1s r\u00e1pida que el promedio de las industrias<\/p>\n<h3><a href=\"#\">PA\u00cdSES<\/a><\/h3>\n<p>Great sales and experience in Latin American countries<\/p>\n<h3><a href=\"#\">LOW COST<\/a><\/h3>\n<p>Soluciones con bajo costo de producci\u00f3n y operaci\u00f3n<\/p>\n<h3><a href=\"#\">PRODUCCI\u00d3N<\/a><\/h3>\n<p>Gran capacidad de producci\u00f3n en f\u00e1brica<\/p>\n<h3><a href=\"#\">PROJECTS<\/a><\/h3>\n<p>Gran cantidad de proyectos exitosos<\/p>\n<h3><a href=\"#\">LANGUAGES<\/a><\/h3>\n<p>Hablamos Ingl\u00e9s, Espa\u00f1ol y Chino fluidamente<\/p>\n<h1>Goya TEC HISTORY<\/h1>\n<p style=\"text-align: justify;\">Goya Tec, fundada en Hong Kong, desarrolla soluciones tecnol\u00f3gicas sofisticadas para las industrias de telecomunicaciones, principalmente en Latinoam\u00e9rica.<\/p>\n<p style=\"text-align: justify;\">Te ayudamos a seleccionar tecnolog\u00eda disponible principalmente en China para integrarla en soluciones especializadas dise\u00f1adas espec\u00edficamente para operadores de telecomunicaciones.<\/p>\n<p style=\"text-align: justify;\">Somos especialistas en la industria de DTH, Cable Operadores y Operadores de Servicios de Internet ISP. Adem\u00e1s, contamos con una s\u00f3lida capacidad de producci\u00f3n en nuestra f\u00e1brica.<\/p>\n<p><img fetchpriority=\"high\" decoding=\"async\" src=\"https:\/\/goya-tec.com\/wp-content\/uploads\/2022\/02\/companias-telefonicas-blog-internet-que-es-fibra-optica.jpeg\" sizes=\"(max-width: 1920px) 100vw, 1920px\" srcset=\"https:\/\/goya-tec.com\/wp-content\/uploads\/2022\/02\/companias-telefonicas-blog-internet-que-es-fibra-optica.jpeg 1920w, https:\/\/goya-tec.com\/wp-content\/uploads\/2022\/02\/companias-telefonicas-blog-internet-que-es-fibra-optica-600x338.jpeg 600w, https:\/\/goya-tec.com\/wp-content\/uploads\/2022\/02\/companias-telefonicas-blog-internet-que-es-fibra-optica-300x169.jpeg 300w, https:\/\/goya-tec.com\/wp-content\/uploads\/2022\/02\/companias-telefonicas-blog-internet-que-es-fibra-optica-1024x576.jpeg 1024w, https:\/\/goya-tec.com\/wp-content\/uploads\/2022\/02\/companias-telefonicas-blog-internet-que-es-fibra-optica-768x432.jpeg 768w, https:\/\/goya-tec.com\/wp-content\/uploads\/2022\/02\/companias-telefonicas-blog-internet-que-es-fibra-optica-1536x864.jpeg 1536w, https:\/\/goya-tec.com\/wp-content\/uploads\/2022\/02\/companias-telefonicas-blog-internet-que-es-fibra-optica-150x85.jpeg 150w, https:\/\/goya-tec.com\/wp-content\/uploads\/2022\/02\/companias-telefonicas-blog-internet-que-es-fibra-optica-250x141.jpeg 250w, https:\/\/goya-tec.com\/wp-content\/uploads\/2022\/02\/companias-telefonicas-blog-internet-que-es-fibra-optica-550x309.jpeg 550w, https:\/\/goya-tec.com\/wp-content\/uploads\/2022\/02\/companias-telefonicas-blog-internet-que-es-fibra-optica-800x450.jpeg 800w, https:\/\/goya-tec.com\/wp-content\/uploads\/2022\/02\/companias-telefonicas-blog-internet-que-es-fibra-optica-320x180.jpeg 320w, https:\/\/goya-tec.com\/wp-content\/uploads\/2022\/02\/companias-telefonicas-blog-internet-que-es-fibra-optica-533x300.jpeg 533w, https:\/\/goya-tec.com\/wp-content\/uploads\/2022\/02\/companias-telefonicas-blog-internet-que-es-fibra-optica-889x500.jpeg 889w\" alt=\"\" width=\"1920\" height=\"1080\"><\/p>\n<\/div>\n<\/div>\n<\/div>\n<\/div>","protected":false},"excerpt":{"rendered":"<p>GOYA-TEC TELECOMUNICACIONES PRODUCTOS SOFISTICADOS EN DTH, CABLE OPERADORES Y PROVEEDORES DE FTTH dth dth Proyectos de Integraci\u00f3n Cas, Set top box a bajo costo, Lnbs optimizados, DTH sobre fibra \u00f3ptica, remote control spare, Fuentes poder, cables , conectores&#8230; ver productos cable operadores cable operadores Integraci\u00f3n Cas con Set Top Box DVBC, Desarrollo STBx a bajo [&#8230;]","protected":false},"author":3,"featured_media":0,"parent":0,"menu_order":0,"comment_status":"closed","ping_status":"closed","template":"template\/page\/fullwidth.php","meta":{"bgseo_title":"","bgseo_description":"","bgseo_robots_index":"index","bgseo_robots_follow":"follow","om_disable_all_campaigns":false,"_monsterinsights_skip_tracking":false,"_monsterinsights_sitenote_active":false,"_monsterinsights_sitenote_note":"","_monsterinsights_sitenote_category":0,"footnotes":""},"class_list":["post-1531","page","type-page","status-publish","hentry"],"yoast_head":"<!-- This site is optimized with the Yoast SEO plugin v24.5 - https:\/\/yoast.com\/wordpress\/plugins\/seo\/ -->\n<title>Backup | Goya-Tec<\/title>\n<meta name=\"robots\" content=\"index, follow, max-snippet:-1, max-image-preview:large, max-video-preview:-1\" \/>\n<link rel=\"canonical\" href=\"https:\/\/goya-tec.com\/en_us\/backup\/\" \/>\n<meta property=\"og:locale\" content=\"en_US\" \/>\n<meta property=\"og:type\" content=\"article\" \/>\n<meta property=\"og:title\" content=\"Backup - Goya-Tec\" \/>\n<meta property=\"og:description\" content=\"GOYA-TEC TELECOMUNICACIONES PRODUCTOS SOFISTICADOS EN DTH, CABLE OPERADORES Y PROVEEDORES DE FTTH dth dth Proyectos de Integraci\u00f3n Cas, Set top box a bajo costo, Lnbs optimizados, DTH sobre fibra \u00f3ptica, remote control spare, Fuentes poder, cables , conectores&#8230; ver productos cable operadores cable operadores Integraci\u00f3n Cas con Set Top Box DVBC, Desarrollo STBx a bajo [...]\" \/>\n<meta property=\"og:url\" content=\"https:\/\/goya-tec.com\/en_us\/backup\/\" \/>\n<meta property=\"og:site_name\" content=\"Goya-Tec\" \/>\n<meta property=\"og:image\" content=\"https:\/\/goya-tec.com\/wp-content\/uploads\/2022\/02\/fiber-optic-internet.jpeg\" \/>\n<meta name=\"twitter:card\" content=\"summary_large_image\" \/>\n<script type=\"application\/ld+json\" class=\"yoast-schema-graph\">{\"@context\":\"https:\/\/schema.org\",\"@graph\":[{\"@type\":\"WebPage\",\"@id\":\"https:\/\/goya-tec.com\/backup\/\",\"url\":\"https:\/\/goya-tec.com\/backup\/\",\"name\":\"Backup - Goya-Tec\",\"isPartOf\":{\"@id\":\"https:\/\/goya-tec.com\/#website\"},\"primaryImageOfPage\":{\"@id\":\"https:\/\/goya-tec.com\/backup\/#primaryimage\"},\"image\":{\"@id\":\"https:\/\/goya-tec.com\/backup\/#primaryimage\"},\"thumbnailUrl\":\"https:\/\/goya-tec.com\/wp-content\/uploads\/2022\/02\/fiber-optic-internet.jpeg\",\"datePublished\":\"2025-01-21T12:14:38+00:00\",\"breadcrumb\":{\"@id\":\"https:\/\/goya-tec.com\/backup\/#breadcrumb\"},\"inLanguage\":\"en-US\",\"potentialAction\":[{\"@type\":\"ReadAction\",\"target\":[\"https:\/\/goya-tec.com\/backup\/\"]}]},{\"@type\":\"ImageObject\",\"inLanguage\":\"en-US\",\"@id\":\"https:\/\/goya-tec.com\/backup\/#primaryimage\",\"url\":\"https:\/\/goya-tec.com\/wp-content\/uploads\/2022\/02\/fiber-optic-internet.jpeg\",\"contentUrl\":\"https:\/\/goya-tec.com\/wp-content\/uploads\/2022\/02\/fiber-optic-internet.jpeg\"},{\"@type\":\"BreadcrumbList\",\"@id\":\"https:\/\/goya-tec.com\/backup\/#breadcrumb\",\"itemListElement\":[{\"@type\":\"ListItem\",\"position\":1,\"name\":\"Home\",\"item\":\"https:\/\/goya-tec.com\/\"},{\"@type\":\"ListItem\",\"position\":2,\"name\":\"Backup\"}]},{\"@type\":\"WebSite\",\"@id\":\"https:\/\/goya-tec.com\/#website\",\"url\":\"https:\/\/goya-tec.com\/\",\"name\":\"Goya-Tec\",\"description\":\"leaders of dth equipment\",\"potentialAction\":[{\"@type\":\"SearchAction\",\"target\":{\"@type\":\"EntryPoint\",\"urlTemplate\":\"https:\/\/goya-tec.com\/?s={search_term_string}\"},\"query-input\":{\"@type\":\"PropertyValueSpecification\",\"valueRequired\":true,\"valueName\":\"search_term_string\"}}],\"inLanguage\":\"en-US\"}]}<\/script>\n<!-- \/ Yoast SEO plugin. -->","yoast_head_json":{"title":"Backup | Goya-Tec","robots":{"index":"index","follow":"follow","max-snippet":"max-snippet:-1","max-image-preview":"max-image-preview:large","max-video-preview":"max-video-preview:-1"},"canonical":"https:\/\/goya-tec.com\/en_us\/backup\/","og_locale":"en_US","og_type":"article","og_title":"Backup - Goya-Tec","og_description":"GOYA-TEC TELECOMUNICACIONES PRODUCTOS SOFISTICADOS EN DTH, CABLE OPERADORES Y PROVEEDORES DE FTTH dth dth Proyectos de Integraci\u00f3n Cas, Set top box a bajo costo, Lnbs optimizados, DTH sobre fibra \u00f3ptica, remote control spare, Fuentes poder, cables , conectores&#8230; ver productos cable operadores cable operadores Integraci\u00f3n Cas con Set Top Box DVBC, Desarrollo STBx a bajo [...]","og_url":"https:\/\/goya-tec.com\/en_us\/backup\/","og_site_name":"Goya-Tec","og_image":[{"url":"https:\/\/goya-tec.com\/wp-content\/uploads\/2022\/02\/fiber-optic-internet.jpeg","type":"","width":"","height":""}],"twitter_card":"summary_large_image","schema":{"@context":"https:\/\/schema.org","@graph":[{"@type":"WebPage","@id":"https:\/\/goya-tec.com\/backup\/","url":"https:\/\/goya-tec.com\/backup\/","name":"Backup - Goya-Tec","isPartOf":{"@id":"https:\/\/goya-tec.com\/#website"},"primaryImageOfPage":{"@id":"https:\/\/goya-tec.com\/backup\/#primaryimage"},"image":{"@id":"https:\/\/goya-tec.com\/backup\/#primaryimage"},"thumbnailUrl":"https:\/\/goya-tec.com\/wp-content\/uploads\/2022\/02\/fiber-optic-internet.jpeg","datePublished":"2025-01-21T12:14:38+00:00","breadcrumb":{"@id":"https:\/\/goya-tec.com\/backup\/#breadcrumb"},"inLanguage":"en-US","potentialAction":[{"@type":"ReadAction","target":["https:\/\/goya-tec.com\/backup\/"]}]},{"@type":"ImageObject","inLanguage":"en-US","@id":"https:\/\/goya-tec.com\/backup\/#primaryimage","url":"https:\/\/goya-tec.com\/wp-content\/uploads\/2022\/02\/fiber-optic-internet.jpeg","contentUrl":"https:\/\/goya-tec.com\/wp-content\/uploads\/2022\/02\/fiber-optic-internet.jpeg"},{"@type":"BreadcrumbList","@id":"https:\/\/goya-tec.com\/backup\/#breadcrumb","itemListElement":[{"@type":"ListItem","position":1,"name":"Home","item":"https:\/\/goya-tec.com\/"},{"@type":"ListItem","position":2,"name":"Backup"}]},{"@type":"WebSite","@id":"https:\/\/goya-tec.com\/#website","url":"https:\/\/goya-tec.com\/","name":"Goya-Tec","description":"leaders of dth equipment","potentialAction":[{"@type":"SearchAction","target":{"@type":"EntryPoint","urlTemplate":"https:\/\/goya-tec.com\/?s={search_term_string}"},"query-input":{"@type":"PropertyValueSpecification","valueRequired":true,"valueName":"search_term_string"}}],"inLanguage":"en-US"}]}},"_links":{"self":[{"href":"https:\/\/goya-tec.com\/en_us\/wp-json\/wp\/v2\/pages\/1531","targetHints":{"allow":["GET"]}}],"collection":[{"href":"https:\/\/goya-tec.com\/en_us\/wp-json\/wp\/v2\/pages"}],"about":[{"href":"https:\/\/goya-tec.com\/en_us\/wp-json\/wp\/v2\/types\/page"}],"author":[{"embeddable":true,"href":"https:\/\/goya-tec.com\/en_us\/wp-json\/wp\/v2\/users\/3"}],"replies":[{"embeddable":true,"href":"https:\/\/goya-tec.com\/en_us\/wp-json\/wp\/v2\/comments?post=1531"}],"version-history":[{"count":1,"href":"https:\/\/goya-tec.com\/en_us\/wp-json\/wp\/v2\/pages\/1531\/revisions"}],"predecessor-version":[{"id":1532,"href":"https:\/\/goya-tec.com\/en_us\/wp-json\/wp\/v2\/pages\/1531\/revisions\/1532"}],"wp:attachment":[{"href":"https:\/\/goya-tec.com\/en_us\/wp-json\/wp\/v2\/media?parent=1531"}],"curies":[{"name":"wp","href":"https:\/\/api.w.org\/{rel}","templated":true}]}}