{"id":628,"date":"2022-02-22T17:53:28","date_gmt":"2022-02-22T17:53:28","guid":{"rendered":"https:\/\/goya-tec.com\/?page_id=628"},"modified":"2025-01-09T11:55:22","modified_gmt":"2025-01-09T11:55:22","slug":"productos","status":"publish","type":"page","link":"https:\/\/goya-tec.com\/en_us\/productos\/","title":{"rendered":"Products"},"content":{"rendered":"<div data-elementor-type=\"wp-page\" data-elementor-id=\"628\" class=\"elementor elementor-628\">\n\t\t\t\t\t\t<section class=\"elementor-section elementor-top-section elementor-element elementor-element-1b0e1aa elementor-section-boxed elementor-section-height-default elementor-section-height-default\" data-id=\"1b0e1aa\" data-element_type=\"section\" data-settings=\"{&quot;jet_parallax_layout_list&quot;:[{&quot;jet_parallax_layout_image&quot;:{&quot;url&quot;:&quot;&quot;,&quot;id&quot;:&quot;&quot;,&quot;size&quot;:&quot;&quot;},&quot;_id&quot;:&quot;32083f3&quot;,&quot;jet_parallax_layout_image_tablet&quot;:{&quot;url&quot;:&quot;&quot;,&quot;id&quot;:&quot;&quot;,&quot;size&quot;:&quot;&quot;},&quot;jet_parallax_layout_image_mobile&quot;:{&quot;url&quot;:&quot;&quot;,&quot;id&quot;:&quot;&quot;,&quot;size&quot;:&quot;&quot;},&quot;jet_parallax_layout_speed&quot;:{&quot;unit&quot;:&quot;%&quot;,&quot;size&quot;:50,&quot;sizes&quot;:[]},&quot;jet_parallax_layout_type&quot;:&quot;scroll&quot;,&quot;jet_parallax_layout_direction&quot;:null,&quot;jet_parallax_layout_fx_direction&quot;:null,&quot;jet_parallax_layout_z_index&quot;:&quot;&quot;,&quot;jet_parallax_layout_bg_x&quot;:50,&quot;jet_parallax_layout_bg_x_tablet&quot;:&quot;&quot;,&quot;jet_parallax_layout_bg_x_mobile&quot;:&quot;&quot;,&quot;jet_parallax_layout_bg_y&quot;:50,&quot;jet_parallax_layout_bg_y_tablet&quot;:&quot;&quot;,&quot;jet_parallax_layout_bg_y_mobile&quot;:&quot;&quot;,&quot;jet_parallax_layout_bg_size&quot;:&quot;auto&quot;,&quot;jet_parallax_layout_bg_size_tablet&quot;:&quot;&quot;,&quot;jet_parallax_layout_bg_size_mobile&quot;:&quot;&quot;,&quot;jet_parallax_layout_animation_prop&quot;:&quot;transform&quot;,&quot;jet_parallax_layout_on&quot;:[&quot;desktop&quot;,&quot;tablet&quot;]}]}\">\n\t\t\t\t\t\t<div class=\"elementor-container elementor-column-gap-default\">\n\t\t\t\t\t<div class=\"elementor-column elementor-col-100 elementor-top-column elementor-element elementor-element-b22abd3\" data-id=\"b22abd3\" data-element_type=\"column\">\n\t\t\t<div class=\"elementor-widget-wrap elementor-element-populated\">\n\t\t\t\t\t\t<div class=\"elementor-element elementor-element-7007029 elementor-widget elementor-widget-image\" data-id=\"7007029\" data-element_type=\"widget\" data-widget_type=\"image.default\">\n\t\t\t\t<div class=\"elementor-widget-container\">\n\t\t\t\t\t\t\t\t\t\t\t\t\t\t\t<img fetchpriority=\"high\" decoding=\"async\" width=\"960\" height=\"400\" src=\"https:\/\/goya-tec.com\/wp-content\/uploads\/2022\/02\/Captura-de-Pantalla-2022-02-22-a-las-14.44.00.png\" class=\"attachment-large size-large wp-image-640\" alt=\"\" srcset=\"https:\/\/goya-tec.com\/wp-content\/uploads\/2022\/02\/Captura-de-Pantalla-2022-02-22-a-las-14.44.00.png 960w, https:\/\/goya-tec.com\/wp-content\/uploads\/2022\/02\/Captura-de-Pantalla-2022-02-22-a-las-14.44.00-600x250.png 600w, https:\/\/goya-tec.com\/wp-content\/uploads\/2022\/02\/Captura-de-Pantalla-2022-02-22-a-las-14.44.00-300x125.png 300w, https:\/\/goya-tec.com\/wp-content\/uploads\/2022\/02\/Captura-de-Pantalla-2022-02-22-a-las-14.44.00-768x320.png 768w, https:\/\/goya-tec.com\/wp-content\/uploads\/2022\/02\/Captura-de-Pantalla-2022-02-22-a-las-14.44.00-250x104.png 250w, https:\/\/goya-tec.com\/wp-content\/uploads\/2022\/02\/Captura-de-Pantalla-2022-02-22-a-las-14.44.00-550x229.png 550w, https:\/\/goya-tec.com\/wp-content\/uploads\/2022\/02\/Captura-de-Pantalla-2022-02-22-a-las-14.44.00-800x333.png 800w, https:\/\/goya-tec.com\/wp-content\/uploads\/2022\/02\/Captura-de-Pantalla-2022-02-22-a-las-14.44.00-432x180.png 432w, https:\/\/goya-tec.com\/wp-content\/uploads\/2022\/02\/Captura-de-Pantalla-2022-02-22-a-las-14.44.00-720x300.png 720w\" sizes=\"(max-width: 960px) 100vw, 960px\" \/>\t\t\t\t\t\t\t\t\t\t\t\t\t\t\t<\/div>\n\t\t\t\t<\/div>\n\t\t\t\t\t<\/div>\n\t\t<\/div>\n\t\t\t\t\t<\/div>\n\t\t<\/section>\n\t\t\t\t<section class=\"elementor-section elementor-top-section elementor-element elementor-element-26861a8 elementor-section-boxed elementor-section-height-default elementor-section-height-default\" data-id=\"26861a8\" data-element_type=\"section\" data-settings=\"{&quot;jet_parallax_layout_list&quot;:[{&quot;jet_parallax_layout_image&quot;:{&quot;url&quot;:&quot;&quot;,&quot;id&quot;:&quot;&quot;,&quot;size&quot;:&quot;&quot;},&quot;_id&quot;:&quot;c0e98e7&quot;,&quot;jet_parallax_layout_image_tablet&quot;:{&quot;url&quot;:&quot;&quot;,&quot;id&quot;:&quot;&quot;,&quot;size&quot;:&quot;&quot;},&quot;jet_parallax_layout_image_mobile&quot;:{&quot;url&quot;:&quot;&quot;,&quot;id&quot;:&quot;&quot;,&quot;size&quot;:&quot;&quot;},&quot;jet_parallax_layout_speed&quot;:{&quot;unit&quot;:&quot;%&quot;,&quot;size&quot;:50,&quot;sizes&quot;:[]},&quot;jet_parallax_layout_type&quot;:&quot;scroll&quot;,&quot;jet_parallax_layout_direction&quot;:null,&quot;jet_parallax_layout_fx_direction&quot;:null,&quot;jet_parallax_layout_z_index&quot;:&quot;&quot;,&quot;jet_parallax_layout_bg_x&quot;:50,&quot;jet_parallax_layout_bg_x_tablet&quot;:&quot;&quot;,&quot;jet_parallax_layout_bg_x_mobile&quot;:&quot;&quot;,&quot;jet_parallax_layout_bg_y&quot;:50,&quot;jet_parallax_layout_bg_y_tablet&quot;:&quot;&quot;,&quot;jet_parallax_layout_bg_y_mobile&quot;:&quot;&quot;,&quot;jet_parallax_layout_bg_size&quot;:&quot;auto&quot;,&quot;jet_parallax_layout_bg_size_tablet&quot;:&quot;&quot;,&quot;jet_parallax_layout_bg_size_mobile&quot;:&quot;&quot;,&quot;jet_parallax_layout_animation_prop&quot;:&quot;transform&quot;,&quot;jet_parallax_layout_on&quot;:[&quot;desktop&quot;,&quot;tablet&quot;]}]}\">\n\t\t\t\t\t\t<div class=\"elementor-container elementor-column-gap-default\">\n\t\t\t\t\t<div class=\"elementor-column elementor-col-33 elementor-top-column elementor-element elementor-element-877ecec\" data-id=\"877ecec\" data-element_type=\"column\">\n\t\t\t<div class=\"elementor-widget-wrap elementor-element-populated\">\n\t\t\t\t\t\t<div class=\"elementor-element elementor-element-7821f89 elementor-widget__width-initial elementor-position-top elementor-widget elementor-widget-image-box\" data-id=\"7821f89\" data-element_type=\"widget\" data-widget_type=\"image-box.default\">\n\t\t\t\t<div class=\"elementor-widget-container\">\n\t\t\t\t\t<div class=\"elementor-image-box-wrapper\"><figure class=\"elementor-image-box-img\"><a href=\"https:\/\/goya-tec.com\/en_us\/productos\/productos-dth\/\" tabindex=\"-1\"><img decoding=\"async\" width=\"1000\" height=\"1152\" src=\"https:\/\/goya-tec.com\/wp-content\/uploads\/2022\/02\/Antena-cortada.jpg\" class=\"elementor-animation-grow attachment-full size-full wp-image-570\" alt=\"\" srcset=\"https:\/\/goya-tec.com\/wp-content\/uploads\/2022\/02\/Antena-cortada.jpg 1000w, https:\/\/goya-tec.com\/wp-content\/uploads\/2022\/02\/Antena-cortada-600x691.jpg 600w, https:\/\/goya-tec.com\/wp-content\/uploads\/2022\/02\/Antena-cortada-260x300.jpg 260w, https:\/\/goya-tec.com\/wp-content\/uploads\/2022\/02\/Antena-cortada-889x1024.jpg 889w, https:\/\/goya-tec.com\/wp-content\/uploads\/2022\/02\/Antena-cortada-768x885.jpg 768w, https:\/\/goya-tec.com\/wp-content\/uploads\/2022\/02\/Antena-cortada-250x288.jpg 250w, https:\/\/goya-tec.com\/wp-content\/uploads\/2022\/02\/Antena-cortada-550x634.jpg 550w, https:\/\/goya-tec.com\/wp-content\/uploads\/2022\/02\/Antena-cortada-800x922.jpg 800w, https:\/\/goya-tec.com\/wp-content\/uploads\/2022\/02\/Antena-cortada-156x180.jpg 156w, https:\/\/goya-tec.com\/wp-content\/uploads\/2022\/02\/Antena-cortada-434x500.jpg 434w\" sizes=\"(max-width: 1000px) 100vw, 1000px\" \/><\/a><\/figure><div class=\"elementor-image-box-content\"><h3 class=\"elementor-image-box-title\"><a href=\"https:\/\/goya-tec.com\/en_us\/productos\/productos-dth\/\">DTH<\/a><\/h3><p class=\"elementor-image-box-description\">Proyecto Integraci\u00f3n CAS: Soluciones integrales con decodificadores de bajo costo, LNBs optimizados, DTH sobre fibra \u00f3ptica, controles remotos, fuentes de poder, cables y conectores, para una distribuci\u00f3n eficiente y de alta calidad de se\u00f1ales satelitales y \u00f3pticas.<\/p><\/div><\/div>\t\t\t\t<\/div>\n\t\t\t\t<\/div>\n\t\t\t\t\t<\/div>\n\t\t<\/div>\n\t\t\t\t<div class=\"elementor-column elementor-col-33 elementor-top-column elementor-element elementor-element-d7e8db2\" data-id=\"d7e8db2\" data-element_type=\"column\">\n\t\t\t<div class=\"elementor-widget-wrap elementor-element-populated\">\n\t\t\t\t\t\t<div class=\"elementor-element elementor-element-851d8e1 elementor-position-top elementor-widget elementor-widget-image-box\" data-id=\"851d8e1\" data-element_type=\"widget\" data-widget_type=\"image-box.default\">\n\t\t\t\t<div class=\"elementor-widget-container\">\n\t\t\t\t\t<div class=\"elementor-image-box-wrapper\"><figure class=\"elementor-image-box-img\"><a href=\"https:\/\/goya-tec.com\/en_us\/productos-cable-operadores\/\" tabindex=\"-1\"><img decoding=\"async\" width=\"413\" height=\"474\" src=\"https:\/\/goya-tec.com\/wp-content\/uploads\/2022\/02\/cable-cortado.jpg\" class=\"elementor-animation-grow attachment-full size-full wp-image-577\" alt=\"\" srcset=\"https:\/\/goya-tec.com\/wp-content\/uploads\/2022\/02\/cable-cortado.jpg 413w, https:\/\/goya-tec.com\/wp-content\/uploads\/2022\/02\/cable-cortado-261x300.jpg 261w, https:\/\/goya-tec.com\/wp-content\/uploads\/2022\/02\/cable-cortado-250x287.jpg 250w, https:\/\/goya-tec.com\/wp-content\/uploads\/2022\/02\/cable-cortado-157x180.jpg 157w\" sizes=\"(max-width: 413px) 100vw, 413px\" \/><\/a><\/figure><div class=\"elementor-image-box-content\"><h3 class=\"elementor-image-box-title\"><a href=\"https:\/\/goya-tec.com\/en_us\/productos-cable-operadores\/\">PRODUCTS CABLE OPERATORS<\/a><\/h3><p class=\"elementor-image-box-description\">Integraci\u00f3n CAS con Set Top Box DVB-C: Desarrollo de STB de bajo costo, DOCSIS sobre FTTH, cable coaxial, conectores y controles remotos, para soluciones eficientes en la distribuci\u00f3n de se\u00f1ales y telecomunicaciones.<\/p><\/div><\/div>\t\t\t\t<\/div>\n\t\t\t\t<\/div>\n\t\t\t\t\t<\/div>\n\t\t<\/div>\n\t\t\t\t<div class=\"elementor-column elementor-col-33 elementor-top-column elementor-element elementor-element-0ed710b\" data-id=\"0ed710b\" data-element_type=\"column\">\n\t\t\t<div class=\"elementor-widget-wrap elementor-element-populated\">\n\t\t\t\t\t\t<div class=\"elementor-element elementor-element-0417469 elementor-position-top elementor-widget elementor-widget-image-box\" data-id=\"0417469\" data-element_type=\"widget\" data-widget_type=\"image-box.default\">\n\t\t\t\t<div class=\"elementor-widget-container\">\n\t\t\t\t\t<div class=\"elementor-image-box-wrapper\"><figure class=\"elementor-image-box-img\"><a href=\"https:\/\/goya-tec.com\/en_us\/productos-ftth\/\" tabindex=\"-1\"><img loading=\"lazy\" decoding=\"async\" width=\"366\" height=\"420\" src=\"https:\/\/goya-tec.com\/wp-content\/uploads\/2022\/02\/internet-cortado.jpg\" class=\"elementor-animation-grow attachment-full size-full wp-image-591\" alt=\"\" srcset=\"https:\/\/goya-tec.com\/wp-content\/uploads\/2022\/02\/internet-cortado.jpg 366w, https:\/\/goya-tec.com\/wp-content\/uploads\/2022\/02\/internet-cortado-261x300.jpg 261w, https:\/\/goya-tec.com\/wp-content\/uploads\/2022\/02\/internet-cortado-250x287.jpg 250w, https:\/\/goya-tec.com\/wp-content\/uploads\/2022\/02\/internet-cortado-157x180.jpg 157w\" sizes=\"(max-width: 366px) 100vw, 366px\" \/><\/a><\/figure><div class=\"elementor-image-box-content\"><h3 class=\"elementor-image-box-title\"><a href=\"https:\/\/goya-tec.com\/en_us\/productos-ftth\/\">PRODUCTS FTTH<\/a><\/h3><p class=\"elementor-image-box-description\">Fibras de 24, 48 y 96: Soluciones completas para gabinetes de fibra, ODF, splitters, terminales y ONU\/OLT, garantizando una distribuci\u00f3n \u00f3ptima y confiable en redes de telecomunicaciones de alta capacidad.<\/p><\/div><\/div>\t\t\t\t<\/div>\n\t\t\t\t<\/div>\n\t\t\t\t\t<\/div>\n\t\t<\/div>\n\t\t\t\t\t<\/div>\n\t\t<\/section>\n\t\t\t\t<\/div>","protected":false},"excerpt":{"rendered":"<p>DTH Proyecto Integraci\u00f3n CAS: Soluciones integrales con decodificadores de bajo costo, LNBs optimizados, DTH sobre fibra \u00f3ptica, controles remotos, fuentes de poder, cables y conectores, para una distribuci\u00f3n eficiente y de alta calidad de se\u00f1ales satelitales y \u00f3pticas. PRODUCTOS CABLE OPERADORES Integraci\u00f3n CAS con Set Top Box DVB-C: Desarrollo de STB de bajo costo, DOCSIS [&#8230;]","protected":false},"author":3,"featured_media":0,"parent":0,"menu_order":0,"comment_status":"closed","ping_status":"closed","template":"","meta":{"bgseo_title":"","bgseo_description":"","bgseo_robots_index":"","bgseo_robots_follow":"","om_disable_all_campaigns":false,"_monsterinsights_skip_tracking":false,"_monsterinsights_sitenote_active":false,"_monsterinsights_sitenote_note":"","_monsterinsights_sitenote_category":0,"footnotes":""},"class_list":["post-628","page","type-page","status-publish","hentry"],"yoast_head":"<!-- This site is optimized with the Yoast SEO plugin v24.5 - https:\/\/yoast.com\/wordpress\/plugins\/seo\/ -->\n<title>Productos | Goya-Tec<\/title>\n<meta name=\"robots\" content=\"index, follow, max-snippet:-1, max-image-preview:large, max-video-preview:-1\" \/>\n<link rel=\"canonical\" href=\"https:\/\/goya-tec.com\/en_us\/productos\/\" \/>\n<meta property=\"og:locale\" content=\"en_US\" \/>\n<meta property=\"og:type\" content=\"article\" \/>\n<meta property=\"og:title\" content=\"Productos - Goya-Tec\" \/>\n<meta property=\"og:description\" content=\"DTH Proyecto Integraci\u00f3n CAS: Soluciones integrales con decodificadores de bajo costo, LNBs optimizados, DTH sobre fibra \u00f3ptica, controles remotos, fuentes de poder, cables y conectores, para una distribuci\u00f3n eficiente y de alta calidad de se\u00f1ales satelitales y \u00f3pticas. PRODUCTOS CABLE OPERADORES Integraci\u00f3n CAS con Set Top Box DVB-C: Desarrollo de STB de bajo costo, DOCSIS [...]\" \/>\n<meta property=\"og:url\" content=\"https:\/\/goya-tec.com\/en_us\/productos\/\" \/>\n<meta property=\"og:site_name\" content=\"Goya-Tec\" \/>\n<meta property=\"article:modified_time\" content=\"2025-01-09T11:55:22+00:00\" \/>\n<meta property=\"og:image\" content=\"https:\/\/goya-tec.com\/wp-content\/uploads\/2022\/02\/Captura-de-Pantalla-2022-02-22-a-las-14.44.00.png\" \/>\n\t<meta property=\"og:image:width\" content=\"960\" \/>\n\t<meta property=\"og:image:height\" content=\"400\" \/>\n\t<meta property=\"og:image:type\" content=\"image\/png\" \/>\n<meta name=\"twitter:card\" content=\"summary_large_image\" \/>\n<meta name=\"twitter:label1\" content=\"Est. reading time\" \/>\n\t<meta name=\"twitter:data1\" content=\"2 minutes\" \/>\n<script type=\"application\/ld+json\" class=\"yoast-schema-graph\">{\"@context\":\"https:\/\/schema.org\",\"@graph\":[{\"@type\":\"WebPage\",\"@id\":\"https:\/\/goya-tec.com\/productos\/\",\"url\":\"https:\/\/goya-tec.com\/productos\/\",\"name\":\"Productos - Goya-Tec\",\"isPartOf\":{\"@id\":\"https:\/\/goya-tec.com\/#website\"},\"primaryImageOfPage\":{\"@id\":\"https:\/\/goya-tec.com\/productos\/#primaryimage\"},\"image\":{\"@id\":\"https:\/\/goya-tec.com\/productos\/#primaryimage\"},\"thumbnailUrl\":\"https:\/\/goya-tec.com\/wp-content\/uploads\/2022\/02\/Captura-de-Pantalla-2022-02-22-a-las-14.44.00.png\",\"datePublished\":\"2022-02-22T17:53:28+00:00\",\"dateModified\":\"2025-01-09T11:55:22+00:00\",\"breadcrumb\":{\"@id\":\"https:\/\/goya-tec.com\/productos\/#breadcrumb\"},\"inLanguage\":\"en-US\",\"potentialAction\":[{\"@type\":\"ReadAction\",\"target\":[\"https:\/\/goya-tec.com\/productos\/\"]}]},{\"@type\":\"ImageObject\",\"inLanguage\":\"en-US\",\"@id\":\"https:\/\/goya-tec.com\/productos\/#primaryimage\",\"url\":\"https:\/\/goya-tec.com\/wp-content\/uploads\/2022\/02\/Captura-de-Pantalla-2022-02-22-a-las-14.44.00.png\",\"contentUrl\":\"https:\/\/goya-tec.com\/wp-content\/uploads\/2022\/02\/Captura-de-Pantalla-2022-02-22-a-las-14.44.00.png\"},{\"@type\":\"BreadcrumbList\",\"@id\":\"https:\/\/goya-tec.com\/productos\/#breadcrumb\",\"itemListElement\":[{\"@type\":\"ListItem\",\"position\":1,\"name\":\"Home\",\"item\":\"https:\/\/goya-tec.com\/\"},{\"@type\":\"ListItem\",\"position\":2,\"name\":\"Productos\"}]},{\"@type\":\"WebSite\",\"@id\":\"https:\/\/goya-tec.com\/#website\",\"url\":\"https:\/\/goya-tec.com\/\",\"name\":\"Goya-Tec\",\"description\":\"leaders of dth equipment\",\"potentialAction\":[{\"@type\":\"SearchAction\",\"target\":{\"@type\":\"EntryPoint\",\"urlTemplate\":\"https:\/\/goya-tec.com\/?s={search_term_string}\"},\"query-input\":{\"@type\":\"PropertyValueSpecification\",\"valueRequired\":true,\"valueName\":\"search_term_string\"}}],\"inLanguage\":\"en-US\"}]}<\/script>\n<!-- \/ Yoast SEO plugin. -->","yoast_head_json":{"title":"Productos | Goya-Tec","robots":{"index":"index","follow":"follow","max-snippet":"max-snippet:-1","max-image-preview":"max-image-preview:large","max-video-preview":"max-video-preview:-1"},"canonical":"https:\/\/goya-tec.com\/en_us\/productos\/","og_locale":"en_US","og_type":"article","og_title":"Productos - Goya-Tec","og_description":"DTH Proyecto Integraci\u00f3n CAS: Soluciones integrales con decodificadores de bajo costo, LNBs optimizados, DTH sobre fibra \u00f3ptica, controles remotos, fuentes de poder, cables y conectores, para una distribuci\u00f3n eficiente y de alta calidad de se\u00f1ales satelitales y \u00f3pticas. PRODUCTOS CABLE OPERADORES Integraci\u00f3n CAS con Set Top Box DVB-C: Desarrollo de STB de bajo costo, DOCSIS [...]","og_url":"https:\/\/goya-tec.com\/en_us\/productos\/","og_site_name":"Goya-Tec","article_modified_time":"2025-01-09T11:55:22+00:00","og_image":[{"width":960,"height":400,"url":"https:\/\/goya-tec.com\/wp-content\/uploads\/2022\/02\/Captura-de-Pantalla-2022-02-22-a-las-14.44.00.png","type":"image\/png"}],"twitter_card":"summary_large_image","twitter_misc":{"Est. reading time":"2 minutes"},"schema":{"@context":"https:\/\/schema.org","@graph":[{"@type":"WebPage","@id":"https:\/\/goya-tec.com\/productos\/","url":"https:\/\/goya-tec.com\/productos\/","name":"Productos - Goya-Tec","isPartOf":{"@id":"https:\/\/goya-tec.com\/#website"},"primaryImageOfPage":{"@id":"https:\/\/goya-tec.com\/productos\/#primaryimage"},"image":{"@id":"https:\/\/goya-tec.com\/productos\/#primaryimage"},"thumbnailUrl":"https:\/\/goya-tec.com\/wp-content\/uploads\/2022\/02\/Captura-de-Pantalla-2022-02-22-a-las-14.44.00.png","datePublished":"2022-02-22T17:53:28+00:00","dateModified":"2025-01-09T11:55:22+00:00","breadcrumb":{"@id":"https:\/\/goya-tec.com\/productos\/#breadcrumb"},"inLanguage":"en-US","potentialAction":[{"@type":"ReadAction","target":["https:\/\/goya-tec.com\/productos\/"]}]},{"@type":"ImageObject","inLanguage":"en-US","@id":"https:\/\/goya-tec.com\/productos\/#primaryimage","url":"https:\/\/goya-tec.com\/wp-content\/uploads\/2022\/02\/Captura-de-Pantalla-2022-02-22-a-las-14.44.00.png","contentUrl":"https:\/\/goya-tec.com\/wp-content\/uploads\/2022\/02\/Captura-de-Pantalla-2022-02-22-a-las-14.44.00.png"},{"@type":"BreadcrumbList","@id":"https:\/\/goya-tec.com\/productos\/#breadcrumb","itemListElement":[{"@type":"ListItem","position":1,"name":"Home","item":"https:\/\/goya-tec.com\/"},{"@type":"ListItem","position":2,"name":"Productos"}]},{"@type":"WebSite","@id":"https:\/\/goya-tec.com\/#website","url":"https:\/\/goya-tec.com\/","name":"Goya-Tec","description":"leaders of dth equipment","potentialAction":[{"@type":"SearchAction","target":{"@type":"EntryPoint","urlTemplate":"https:\/\/goya-tec.com\/?s={search_term_string}"},"query-input":{"@type":"PropertyValueSpecification","valueRequired":true,"valueName":"search_term_string"}}],"inLanguage":"en-US"}]}},"_links":{"self":[{"href":"https:\/\/goya-tec.com\/en_us\/wp-json\/wp\/v2\/pages\/628","targetHints":{"allow":["GET"]}}],"collection":[{"href":"https:\/\/goya-tec.com\/en_us\/wp-json\/wp\/v2\/pages"}],"about":[{"href":"https:\/\/goya-tec.com\/en_us\/wp-json\/wp\/v2\/types\/page"}],"author":[{"embeddable":true,"href":"https:\/\/goya-tec.com\/en_us\/wp-json\/wp\/v2\/users\/3"}],"replies":[{"embeddable":true,"href":"https:\/\/goya-tec.com\/en_us\/wp-json\/wp\/v2\/comments?post=628"}],"version-history":[{"count":11,"href":"https:\/\/goya-tec.com\/en_us\/wp-json\/wp\/v2\/pages\/628\/revisions"}],"predecessor-version":[{"id":1454,"href":"https:\/\/goya-tec.com\/en_us\/wp-json\/wp\/v2\/pages\/628\/revisions\/1454"}],"wp:attachment":[{"href":"https:\/\/goya-tec.com\/en_us\/wp-json\/wp\/v2\/media?parent=628"}],"curies":[{"name":"wp","href":"https:\/\/api.w.org\/{rel}","templated":true}]}}