{"id":943,"date":"2022-03-21T17:19:48","date_gmt":"2022-03-21T17:19:48","guid":{"rendered":"https:\/\/goya-tec.com\/?page_id=943"},"modified":"2025-01-09T12:46:41","modified_gmt":"2025-01-09T12:46:41","slug":"elementor-943","status":"publish","type":"page","link":"https:\/\/goya-tec.com\/en_us\/elementor-943\/","title":{"rendered":"GTY350C"},"content":{"rendered":"<div data-elementor-type=\"wp-page\" data-elementor-id=\"943\" class=\"elementor elementor-943\">\n\t\t\t\t\t\t<section class=\"elementor-section elementor-top-section elementor-element elementor-element-6728b53d elementor-section-boxed elementor-section-height-default elementor-section-height-default\" data-id=\"6728b53d\" data-element_type=\"section\" data-settings=\"{&quot;jet_parallax_layout_list&quot;:[{&quot;jet_parallax_layout_image&quot;:{&quot;url&quot;:&quot;&quot;,&quot;id&quot;:&quot;&quot;,&quot;size&quot;:&quot;&quot;},&quot;_id&quot;:&quot;20b5b5a&quot;,&quot;jet_parallax_layout_image_tablet&quot;:{&quot;url&quot;:&quot;&quot;,&quot;id&quot;:&quot;&quot;,&quot;size&quot;:&quot;&quot;},&quot;jet_parallax_layout_image_mobile&quot;:{&quot;url&quot;:&quot;&quot;,&quot;id&quot;:&quot;&quot;,&quot;size&quot;:&quot;&quot;},&quot;jet_parallax_layout_speed&quot;:{&quot;unit&quot;:&quot;%&quot;,&quot;size&quot;:50,&quot;sizes&quot;:[]},&quot;jet_parallax_layout_type&quot;:&quot;scroll&quot;,&quot;jet_parallax_layout_direction&quot;:null,&quot;jet_parallax_layout_fx_direction&quot;:null,&quot;jet_parallax_layout_z_index&quot;:&quot;&quot;,&quot;jet_parallax_layout_bg_x&quot;:50,&quot;jet_parallax_layout_bg_x_tablet&quot;:&quot;&quot;,&quot;jet_parallax_layout_bg_x_mobile&quot;:&quot;&quot;,&quot;jet_parallax_layout_bg_y&quot;:50,&quot;jet_parallax_layout_bg_y_tablet&quot;:&quot;&quot;,&quot;jet_parallax_layout_bg_y_mobile&quot;:&quot;&quot;,&quot;jet_parallax_layout_bg_size&quot;:&quot;auto&quot;,&quot;jet_parallax_layout_bg_size_tablet&quot;:&quot;&quot;,&quot;jet_parallax_layout_bg_size_mobile&quot;:&quot;&quot;,&quot;jet_parallax_layout_animation_prop&quot;:&quot;transform&quot;,&quot;jet_parallax_layout_on&quot;:[&quot;desktop&quot;,&quot;tablet&quot;]}]}\">\n\t\t\t\t\t\t<div class=\"elementor-container elementor-column-gap-default\">\n\t\t\t\t\t<div class=\"elementor-column elementor-col-100 elementor-top-column elementor-element elementor-element-1f8998ed\" data-id=\"1f8998ed\" data-element_type=\"column\">\n\t\t\t<div class=\"elementor-widget-wrap elementor-element-populated\">\n\t\t\t\t\t\t<div class=\"elementor-element elementor-element-2a35cae9 elementor-widget elementor-widget-text-editor\" data-id=\"2a35cae9\" data-element_type=\"widget\" data-widget_type=\"text-editor.default\">\n\t\t\t\t<div class=\"elementor-widget-container\">\n\t\t\t\t\t\t\t\t\t<div class=\"boldgrid-section\">\n<div class=\"container\">\n<div class=\"row\">\n<div class=\"col-md-12 col-xs-12 col-sm-12\">\n\n&nbsp;\n\n<\/div>\n<\/div>\n<\/div>\n<\/div>\t\t\t\t\t\t\t\t<\/div>\n\t\t\t\t<\/div>\n\t\t\t\t\t<\/div>\n\t\t<\/div>\n\t\t\t\t\t<\/div>\n\t\t<\/section>\n\t\t\t\t<section class=\"elementor-section elementor-top-section elementor-element elementor-element-125518ec elementor-section-content-middle elementor-section-boxed elementor-section-height-default elementor-section-height-default\" data-id=\"125518ec\" data-element_type=\"section\" data-settings=\"{&quot;background_background&quot;:&quot;classic&quot;,&quot;jet_parallax_layout_list&quot;:[{&quot;_id&quot;:&quot;9986675&quot;,&quot;jet_parallax_layout_image&quot;:{&quot;url&quot;:&quot;&quot;,&quot;id&quot;:&quot;&quot;,&quot;size&quot;:&quot;&quot;},&quot;jet_parallax_layout_image_tablet&quot;:{&quot;url&quot;:&quot;&quot;,&quot;id&quot;:&quot;&quot;,&quot;size&quot;:&quot;&quot;},&quot;jet_parallax_layout_image_mobile&quot;:{&quot;url&quot;:&quot;&quot;,&quot;id&quot;:&quot;&quot;,&quot;size&quot;:&quot;&quot;},&quot;jet_parallax_layout_speed&quot;:{&quot;unit&quot;:&quot;%&quot;,&quot;size&quot;:50,&quot;sizes&quot;:[]},&quot;jet_parallax_layout_type&quot;:&quot;scroll&quot;,&quot;jet_parallax_layout_direction&quot;:null,&quot;jet_parallax_layout_fx_direction&quot;:null,&quot;jet_parallax_layout_z_index&quot;:&quot;&quot;,&quot;jet_parallax_layout_bg_x&quot;:50,&quot;jet_parallax_layout_bg_x_tablet&quot;:&quot;&quot;,&quot;jet_parallax_layout_bg_x_mobile&quot;:&quot;&quot;,&quot;jet_parallax_layout_bg_y&quot;:50,&quot;jet_parallax_layout_bg_y_tablet&quot;:&quot;&quot;,&quot;jet_parallax_layout_bg_y_mobile&quot;:&quot;&quot;,&quot;jet_parallax_layout_bg_size&quot;:&quot;auto&quot;,&quot;jet_parallax_layout_bg_size_tablet&quot;:&quot;&quot;,&quot;jet_parallax_layout_bg_size_mobile&quot;:&quot;&quot;,&quot;jet_parallax_layout_animation_prop&quot;:&quot;transform&quot;,&quot;jet_parallax_layout_on&quot;:[&quot;desktop&quot;,&quot;tablet&quot;]}]}\">\n\t\t\t\t\t\t<div class=\"elementor-container elementor-column-gap-no\">\n\t\t\t\t\t<div class=\"elementor-column elementor-col-50 elementor-top-column elementor-element elementor-element-4d2fe92\" data-id=\"4d2fe92\" data-element_type=\"column\">\n\t\t\t<div class=\"elementor-widget-wrap elementor-element-populated\">\n\t\t\t\t\t\t<div class=\"elementor-element elementor-element-43802995 elementor-widget elementor-widget-image\" data-id=\"43802995\" data-element_type=\"widget\" data-widget_type=\"image.default\">\n\t\t\t\t<div class=\"elementor-widget-container\">\n\t\t\t\t\t\t\t\t\t\t\t\t\t\t\t<img fetchpriority=\"high\" decoding=\"async\" width=\"642\" height=\"642\" src=\"https:\/\/goya-tec.com\/wp-content\/uploads\/2022\/03\/CATVSAT-Fiber-Optic-Transmitter.png\" class=\"attachment-full size-full wp-image-895\" alt=\"\" srcset=\"https:\/\/goya-tec.com\/wp-content\/uploads\/2022\/03\/CATVSAT-Fiber-Optic-Transmitter.png 642w, https:\/\/goya-tec.com\/wp-content\/uploads\/2022\/03\/CATVSAT-Fiber-Optic-Transmitter-300x300.png 300w, https:\/\/goya-tec.com\/wp-content\/uploads\/2022\/03\/CATVSAT-Fiber-Optic-Transmitter-100x100.png 100w, https:\/\/goya-tec.com\/wp-content\/uploads\/2022\/03\/CATVSAT-Fiber-Optic-Transmitter-600x600.png 600w, https:\/\/goya-tec.com\/wp-content\/uploads\/2022\/03\/CATVSAT-Fiber-Optic-Transmitter-150x150.png 150w, https:\/\/goya-tec.com\/wp-content\/uploads\/2022\/03\/CATVSAT-Fiber-Optic-Transmitter-230x230.png 230w, https:\/\/goya-tec.com\/wp-content\/uploads\/2022\/03\/CATVSAT-Fiber-Optic-Transmitter-400x400.png 400w, https:\/\/goya-tec.com\/wp-content\/uploads\/2022\/03\/CATVSAT-Fiber-Optic-Transmitter-640x640.png 640w, https:\/\/goya-tec.com\/wp-content\/uploads\/2022\/03\/CATVSAT-Fiber-Optic-Transmitter-48x48.png 48w, https:\/\/goya-tec.com\/wp-content\/uploads\/2022\/03\/CATVSAT-Fiber-Optic-Transmitter-250x250.png 250w, https:\/\/goya-tec.com\/wp-content\/uploads\/2022\/03\/CATVSAT-Fiber-Optic-Transmitter-550x550.png 550w, https:\/\/goya-tec.com\/wp-content\/uploads\/2022\/03\/CATVSAT-Fiber-Optic-Transmitter-180x180.png 180w, https:\/\/goya-tec.com\/wp-content\/uploads\/2022\/03\/CATVSAT-Fiber-Optic-Transmitter-500x500.png 500w\" sizes=\"(max-width: 642px) 100vw, 642px\" \/>\t\t\t\t\t\t\t\t\t\t\t\t\t\t\t<\/div>\n\t\t\t\t<\/div>\n\t\t\t\t\t<\/div>\n\t\t<\/div>\n\t\t\t\t<div class=\"elementor-column elementor-col-50 elementor-top-column elementor-element elementor-element-431ebe11\" data-id=\"431ebe11\" data-element_type=\"column\">\n\t\t\t<div class=\"elementor-widget-wrap elementor-element-populated\">\n\t\t\t\t\t\t<div class=\"elementor-element elementor-element-aa11a26 elementor-widget elementor-widget-heading\" data-id=\"aa11a26\" data-element_type=\"widget\" data-widget_type=\"heading.default\">\n\t\t\t\t<div class=\"elementor-widget-container\">\n\t\t\t\t\t<h4 class=\"elementor-heading-title elementor-size-default\">GTY350C 1550nm DFB transmisor<\/h4>\t\t\t\t<\/div>\n\t\t\t\t<\/div>\n\t\t\t\t<div class=\"elementor-element elementor-element-22856cfb elementor-widget elementor-widget-text-editor\" data-id=\"22856cfb\" data-element_type=\"widget\" data-widget_type=\"text-editor.default\">\n\t\t\t\t<div class=\"elementor-widget-container\">\n\t\t\t\t\t\t\t\t\t<p><strong>GTY350C 1550nm DFB Transmitter<\/strong><\/p><p>El <strong>GTY350C<\/strong> es un transmisor de modulaci\u00f3n directa 1550nm DFB, dise\u00f1ado para distribuci\u00f3n de TV anal\u00f3gica, digital y se\u00f1ales CMTS a trav\u00e9s de fibra \u00f3ptica. Utiliza un l\u00e1ser DFB de alta linealidad y tecnolog\u00eda digital de procesamiento autom\u00e1tico de potencia RF, junto con un circuito de pre-distorsi\u00f3n RF desarrollado por GOYA Technology.<\/p><p>Equipado con un microprocesador integrado, supervisa autom\u00e1ticamente el estado de funcionamiento del transmisor, asegurando un rendimiento \u00f3ptimo en todo momento. El <strong>GTY350C<\/strong> es ideal para la distribuci\u00f3n de TV anal\u00f3gica hasta 20 km y transmisi\u00f3n de se\u00f1ales QAM TV a larga distancia hasta 100 km.<\/p>\t\t\t\t\t\t\t\t<\/div>\n\t\t\t\t<\/div>\n\t\t\t\t<div class=\"elementor-element elementor-element-27c38f3 elementor-widget elementor-widget-button\" data-id=\"27c38f3\" data-element_type=\"widget\" data-widget_type=\"button.default\">\n\t\t\t\t<div class=\"elementor-widget-container\">\n\t\t\t\t\t\t\t\t\t<div class=\"elementor-button-wrapper\">\n\t\t\t\t\t<a class=\"elementor-button elementor-button-link elementor-size-sm\" href=\"https:\/\/goya-tec.com\/wp-content\/uploads\/2022\/03\/GYT350C-1550nm-Direct-Modulation-DFB-Transmitter.doc\" download=\"GTY350C\">\n\t\t\t\t\t\t<span class=\"elementor-button-content-wrapper\">\n\t\t\t\t\t\t\t\t\t<span class=\"elementor-button-text\">Descargar Ficha<\/span>\n\t\t\t\t\t<\/span>\n\t\t\t\t\t<\/a>\n\t\t\t\t<\/div>\n\t\t\t\t\t\t\t\t<\/div>\n\t\t\t\t<\/div>\n\t\t\t\t\t<\/div>\n\t\t<\/div>\n\t\t\t\t\t<\/div>\n\t\t<\/section>\n\t\t\t\t<\/div>","protected":false},"excerpt":{"rendered":"<p>&nbsp; GTY350C 1550nm DFB transmisor GTY350C 1550nm DFB Transmitter El GTY350C es un transmisor de modulaci\u00f3n directa 1550nm DFB, dise\u00f1ado para distribuci\u00f3n de TV anal\u00f3gica, digital y se\u00f1ales CMTS a trav\u00e9s de fibra \u00f3ptica. Utiliza un l\u00e1ser DFB de alta linealidad y tecnolog\u00eda digital de procesamiento autom\u00e1tico de potencia RF, junto con un circuito de [&#8230;]","protected":false},"author":3,"featured_media":0,"parent":0,"menu_order":0,"comment_status":"closed","ping_status":"closed","template":"","meta":{"bgseo_title":"","bgseo_description":"","bgseo_robots_index":"index","bgseo_robots_follow":"follow","om_disable_all_campaigns":false,"_monsterinsights_skip_tracking":false,"_monsterinsights_sitenote_active":false,"_monsterinsights_sitenote_note":"","_monsterinsights_sitenote_category":0,"footnotes":""},"class_list":["post-943","page","type-page","status-publish","hentry"],"yoast_head":"<!-- This site is optimized with the Yoast SEO plugin v24.5 - https:\/\/yoast.com\/wordpress\/plugins\/seo\/ -->\n<title>GTY350C | Goya-Tec<\/title>\n<meta name=\"robots\" content=\"index, follow, max-snippet:-1, max-image-preview:large, max-video-preview:-1\" \/>\n<link rel=\"canonical\" href=\"https:\/\/goya-tec.com\/en_us\/elementor-943\/\" \/>\n<meta property=\"og:locale\" content=\"en_US\" \/>\n<meta property=\"og:type\" content=\"article\" \/>\n<meta property=\"og:title\" content=\"GTY350C - Goya-Tec\" \/>\n<meta property=\"og:description\" content=\"&nbsp; GTY350C 1550nm DFB transmisor GTY350C 1550nm DFB Transmitter El GTY350C es un transmisor de modulaci\u00f3n directa 1550nm DFB, dise\u00f1ado para distribuci\u00f3n de TV anal\u00f3gica, digital y se\u00f1ales CMTS a trav\u00e9s de fibra \u00f3ptica. Utiliza un l\u00e1ser DFB de alta linealidad y tecnolog\u00eda digital de procesamiento autom\u00e1tico de potencia RF, junto con un circuito de [...]\" \/>\n<meta property=\"og:url\" content=\"https:\/\/goya-tec.com\/en_us\/elementor-943\/\" \/>\n<meta property=\"og:site_name\" content=\"Goya-Tec\" \/>\n<meta property=\"article:modified_time\" content=\"2025-01-09T12:46:41+00:00\" \/>\n<meta property=\"og:image\" content=\"https:\/\/goya-tec.com\/wp-content\/uploads\/2022\/03\/CATVSAT-Fiber-Optic-Transmitter.png\" \/>\n\t<meta property=\"og:image:width\" content=\"642\" \/>\n\t<meta property=\"og:image:height\" content=\"642\" \/>\n\t<meta property=\"og:image:type\" content=\"image\/png\" \/>\n<meta name=\"twitter:card\" content=\"summary_large_image\" \/>\n<meta name=\"twitter:label1\" content=\"Est. reading time\" \/>\n\t<meta name=\"twitter:data1\" content=\"1 minute\" \/>\n<script type=\"application\/ld+json\" class=\"yoast-schema-graph\">{\"@context\":\"https:\/\/schema.org\",\"@graph\":[{\"@type\":\"WebPage\",\"@id\":\"https:\/\/goya-tec.com\/elementor-943\/\",\"url\":\"https:\/\/goya-tec.com\/elementor-943\/\",\"name\":\"GTY350C - Goya-Tec\",\"isPartOf\":{\"@id\":\"https:\/\/goya-tec.com\/#website\"},\"primaryImageOfPage\":{\"@id\":\"https:\/\/goya-tec.com\/elementor-943\/#primaryimage\"},\"image\":{\"@id\":\"https:\/\/goya-tec.com\/elementor-943\/#primaryimage\"},\"thumbnailUrl\":\"https:\/\/goya-tec.com\/wp-content\/uploads\/2022\/03\/CATVSAT-Fiber-Optic-Transmitter.png\",\"datePublished\":\"2022-03-21T17:19:48+00:00\",\"dateModified\":\"2025-01-09T12:46:41+00:00\",\"breadcrumb\":{\"@id\":\"https:\/\/goya-tec.com\/elementor-943\/#breadcrumb\"},\"inLanguage\":\"en-US\",\"potentialAction\":[{\"@type\":\"ReadAction\",\"target\":[\"https:\/\/goya-tec.com\/elementor-943\/\"]}]},{\"@type\":\"ImageObject\",\"inLanguage\":\"en-US\",\"@id\":\"https:\/\/goya-tec.com\/elementor-943\/#primaryimage\",\"url\":\"https:\/\/goya-tec.com\/wp-content\/uploads\/2022\/03\/CATVSAT-Fiber-Optic-Transmitter.png\",\"contentUrl\":\"https:\/\/goya-tec.com\/wp-content\/uploads\/2022\/03\/CATVSAT-Fiber-Optic-Transmitter.png\"},{\"@type\":\"BreadcrumbList\",\"@id\":\"https:\/\/goya-tec.com\/elementor-943\/#breadcrumb\",\"itemListElement\":[{\"@type\":\"ListItem\",\"position\":1,\"name\":\"Home\",\"item\":\"https:\/\/goya-tec.com\/\"},{\"@type\":\"ListItem\",\"position\":2,\"name\":\"GTY350C\"}]},{\"@type\":\"WebSite\",\"@id\":\"https:\/\/goya-tec.com\/#website\",\"url\":\"https:\/\/goya-tec.com\/\",\"name\":\"Goya-Tec\",\"description\":\"leaders of dth equipment\",\"potentialAction\":[{\"@type\":\"SearchAction\",\"target\":{\"@type\":\"EntryPoint\",\"urlTemplate\":\"https:\/\/goya-tec.com\/?s={search_term_string}\"},\"query-input\":{\"@type\":\"PropertyValueSpecification\",\"valueRequired\":true,\"valueName\":\"search_term_string\"}}],\"inLanguage\":\"en-US\"}]}<\/script>\n<!-- \/ Yoast SEO plugin. -->","yoast_head_json":{"title":"GTY350C | Goya-Tec","robots":{"index":"index","follow":"follow","max-snippet":"max-snippet:-1","max-image-preview":"max-image-preview:large","max-video-preview":"max-video-preview:-1"},"canonical":"https:\/\/goya-tec.com\/en_us\/elementor-943\/","og_locale":"en_US","og_type":"article","og_title":"GTY350C - Goya-Tec","og_description":"&nbsp; GTY350C 1550nm DFB transmisor GTY350C 1550nm DFB Transmitter El GTY350C es un transmisor de modulaci\u00f3n directa 1550nm DFB, dise\u00f1ado para distribuci\u00f3n de TV anal\u00f3gica, digital y se\u00f1ales CMTS a trav\u00e9s de fibra \u00f3ptica. Utiliza un l\u00e1ser DFB de alta linealidad y tecnolog\u00eda digital de procesamiento autom\u00e1tico de potencia RF, junto con un circuito de [...]","og_url":"https:\/\/goya-tec.com\/en_us\/elementor-943\/","og_site_name":"Goya-Tec","article_modified_time":"2025-01-09T12:46:41+00:00","og_image":[{"width":642,"height":642,"url":"https:\/\/goya-tec.com\/wp-content\/uploads\/2022\/03\/CATVSAT-Fiber-Optic-Transmitter.png","type":"image\/png"}],"twitter_card":"summary_large_image","twitter_misc":{"Est. reading time":"1 minute"},"schema":{"@context":"https:\/\/schema.org","@graph":[{"@type":"WebPage","@id":"https:\/\/goya-tec.com\/elementor-943\/","url":"https:\/\/goya-tec.com\/elementor-943\/","name":"GTY350C - Goya-Tec","isPartOf":{"@id":"https:\/\/goya-tec.com\/#website"},"primaryImageOfPage":{"@id":"https:\/\/goya-tec.com\/elementor-943\/#primaryimage"},"image":{"@id":"https:\/\/goya-tec.com\/elementor-943\/#primaryimage"},"thumbnailUrl":"https:\/\/goya-tec.com\/wp-content\/uploads\/2022\/03\/CATVSAT-Fiber-Optic-Transmitter.png","datePublished":"2022-03-21T17:19:48+00:00","dateModified":"2025-01-09T12:46:41+00:00","breadcrumb":{"@id":"https:\/\/goya-tec.com\/elementor-943\/#breadcrumb"},"inLanguage":"en-US","potentialAction":[{"@type":"ReadAction","target":["https:\/\/goya-tec.com\/elementor-943\/"]}]},{"@type":"ImageObject","inLanguage":"en-US","@id":"https:\/\/goya-tec.com\/elementor-943\/#primaryimage","url":"https:\/\/goya-tec.com\/wp-content\/uploads\/2022\/03\/CATVSAT-Fiber-Optic-Transmitter.png","contentUrl":"https:\/\/goya-tec.com\/wp-content\/uploads\/2022\/03\/CATVSAT-Fiber-Optic-Transmitter.png"},{"@type":"BreadcrumbList","@id":"https:\/\/goya-tec.com\/elementor-943\/#breadcrumb","itemListElement":[{"@type":"ListItem","position":1,"name":"Home","item":"https:\/\/goya-tec.com\/"},{"@type":"ListItem","position":2,"name":"GTY350C"}]},{"@type":"WebSite","@id":"https:\/\/goya-tec.com\/#website","url":"https:\/\/goya-tec.com\/","name":"Goya-Tec","description":"leaders of dth equipment","potentialAction":[{"@type":"SearchAction","target":{"@type":"EntryPoint","urlTemplate":"https:\/\/goya-tec.com\/?s={search_term_string}"},"query-input":{"@type":"PropertyValueSpecification","valueRequired":true,"valueName":"search_term_string"}}],"inLanguage":"en-US"}]}},"_links":{"self":[{"href":"https:\/\/goya-tec.com\/en_us\/wp-json\/wp\/v2\/pages\/943","targetHints":{"allow":["GET"]}}],"collection":[{"href":"https:\/\/goya-tec.com\/en_us\/wp-json\/wp\/v2\/pages"}],"about":[{"href":"https:\/\/goya-tec.com\/en_us\/wp-json\/wp\/v2\/types\/page"}],"author":[{"embeddable":true,"href":"https:\/\/goya-tec.com\/en_us\/wp-json\/wp\/v2\/users\/3"}],"replies":[{"embeddable":true,"href":"https:\/\/goya-tec.com\/en_us\/wp-json\/wp\/v2\/comments?post=943"}],"version-history":[{"count":10,"href":"https:\/\/goya-tec.com\/en_us\/wp-json\/wp\/v2\/pages\/943\/revisions"}],"predecessor-version":[{"id":1486,"href":"https:\/\/goya-tec.com\/en_us\/wp-json\/wp\/v2\/pages\/943\/revisions\/1486"}],"wp:attachment":[{"href":"https:\/\/goya-tec.com\/en_us\/wp-json\/wp\/v2\/media?parent=943"}],"curies":[{"name":"wp","href":"https:\/\/api.w.org\/{rel}","templated":true}]}}