{"id":965,"date":"2022-03-21T18:52:02","date_gmt":"2022-03-21T18:52:02","guid":{"rendered":"https:\/\/goya-tec.com\/?page_id=965"},"modified":"2025-01-09T11:46:09","modified_gmt":"2025-01-09T11:46:09","slug":"gyor1000-k","status":"publish","type":"page","link":"https:\/\/goya-tec.com\/en_us\/gyor1000-k\/","title":{"rendered":"GYOR1000-K"},"content":{"rendered":"<div data-elementor-type=\"wp-page\" data-elementor-id=\"965\" class=\"elementor elementor-965\">\n\t\t\t\t\t\t<section class=\"elementor-section elementor-top-section elementor-element elementor-element-38473c1 elementor-section-boxed elementor-section-height-default elementor-section-height-default\" data-id=\"38473c1\" data-element_type=\"section\" data-settings=\"{&quot;jet_parallax_layout_list&quot;:[{&quot;jet_parallax_layout_image&quot;:{&quot;url&quot;:&quot;&quot;,&quot;id&quot;:&quot;&quot;,&quot;size&quot;:&quot;&quot;},&quot;_id&quot;:&quot;533adb9&quot;,&quot;jet_parallax_layout_image_tablet&quot;:{&quot;url&quot;:&quot;&quot;,&quot;id&quot;:&quot;&quot;,&quot;size&quot;:&quot;&quot;},&quot;jet_parallax_layout_image_mobile&quot;:{&quot;url&quot;:&quot;&quot;,&quot;id&quot;:&quot;&quot;,&quot;size&quot;:&quot;&quot;},&quot;jet_parallax_layout_speed&quot;:{&quot;unit&quot;:&quot;%&quot;,&quot;size&quot;:50,&quot;sizes&quot;:[]},&quot;jet_parallax_layout_type&quot;:&quot;scroll&quot;,&quot;jet_parallax_layout_direction&quot;:null,&quot;jet_parallax_layout_fx_direction&quot;:null,&quot;jet_parallax_layout_z_index&quot;:&quot;&quot;,&quot;jet_parallax_layout_bg_x&quot;:50,&quot;jet_parallax_layout_bg_x_tablet&quot;:&quot;&quot;,&quot;jet_parallax_layout_bg_x_mobile&quot;:&quot;&quot;,&quot;jet_parallax_layout_bg_y&quot;:50,&quot;jet_parallax_layout_bg_y_tablet&quot;:&quot;&quot;,&quot;jet_parallax_layout_bg_y_mobile&quot;:&quot;&quot;,&quot;jet_parallax_layout_bg_size&quot;:&quot;auto&quot;,&quot;jet_parallax_layout_bg_size_tablet&quot;:&quot;&quot;,&quot;jet_parallax_layout_bg_size_mobile&quot;:&quot;&quot;,&quot;jet_parallax_layout_animation_prop&quot;:&quot;transform&quot;,&quot;jet_parallax_layout_on&quot;:[&quot;desktop&quot;,&quot;tablet&quot;]}]}\">\n\t\t\t\t\t\t<div class=\"elementor-container elementor-column-gap-default\">\n\t\t\t\t\t<div class=\"elementor-column elementor-col-100 elementor-top-column elementor-element elementor-element-57788d41\" data-id=\"57788d41\" data-element_type=\"column\">\n\t\t\t<div class=\"elementor-widget-wrap elementor-element-populated\">\n\t\t\t\t\t\t<div class=\"elementor-element elementor-element-44958bee elementor-widget elementor-widget-text-editor\" data-id=\"44958bee\" data-element_type=\"widget\" data-widget_type=\"text-editor.default\">\n\t\t\t\t<div class=\"elementor-widget-container\">\n\t\t\t\t\t\t\t\t\t<div class=\"boldgrid-section\">\r\n<div class=\"container\">\r\n<div class=\"row\">\r\n<div class=\"col-md-12 col-xs-12 col-sm-12\">\r\n\r\n&nbsp;\r\n\r\n<\/div>\r\n<\/div>\r\n<\/div>\r\n<\/div>\t\t\t\t\t\t\t\t<\/div>\n\t\t\t\t<\/div>\n\t\t\t\t\t<\/div>\n\t\t<\/div>\n\t\t\t\t\t<\/div>\n\t\t<\/section>\n\t\t\t\t<section class=\"elementor-section elementor-top-section elementor-element elementor-element-605646e elementor-section-content-middle elementor-section-boxed elementor-section-height-default elementor-section-height-default\" data-id=\"605646e\" data-element_type=\"section\" data-settings=\"{&quot;background_background&quot;:&quot;classic&quot;,&quot;jet_parallax_layout_list&quot;:[{&quot;_id&quot;:&quot;9986675&quot;,&quot;jet_parallax_layout_image&quot;:{&quot;url&quot;:&quot;&quot;,&quot;id&quot;:&quot;&quot;,&quot;size&quot;:&quot;&quot;},&quot;jet_parallax_layout_image_tablet&quot;:{&quot;url&quot;:&quot;&quot;,&quot;id&quot;:&quot;&quot;,&quot;size&quot;:&quot;&quot;},&quot;jet_parallax_layout_image_mobile&quot;:{&quot;url&quot;:&quot;&quot;,&quot;id&quot;:&quot;&quot;,&quot;size&quot;:&quot;&quot;},&quot;jet_parallax_layout_speed&quot;:{&quot;unit&quot;:&quot;%&quot;,&quot;size&quot;:50,&quot;sizes&quot;:[]},&quot;jet_parallax_layout_type&quot;:&quot;scroll&quot;,&quot;jet_parallax_layout_direction&quot;:null,&quot;jet_parallax_layout_fx_direction&quot;:null,&quot;jet_parallax_layout_z_index&quot;:&quot;&quot;,&quot;jet_parallax_layout_bg_x&quot;:50,&quot;jet_parallax_layout_bg_x_tablet&quot;:&quot;&quot;,&quot;jet_parallax_layout_bg_x_mobile&quot;:&quot;&quot;,&quot;jet_parallax_layout_bg_y&quot;:50,&quot;jet_parallax_layout_bg_y_tablet&quot;:&quot;&quot;,&quot;jet_parallax_layout_bg_y_mobile&quot;:&quot;&quot;,&quot;jet_parallax_layout_bg_size&quot;:&quot;auto&quot;,&quot;jet_parallax_layout_bg_size_tablet&quot;:&quot;&quot;,&quot;jet_parallax_layout_bg_size_mobile&quot;:&quot;&quot;,&quot;jet_parallax_layout_animation_prop&quot;:&quot;transform&quot;,&quot;jet_parallax_layout_on&quot;:[&quot;desktop&quot;,&quot;tablet&quot;]}]}\">\n\t\t\t\t\t\t<div class=\"elementor-container elementor-column-gap-no\">\n\t\t\t\t\t<div class=\"elementor-column elementor-col-50 elementor-top-column elementor-element elementor-element-78a7d8b\" data-id=\"78a7d8b\" data-element_type=\"column\">\n\t\t\t<div class=\"elementor-widget-wrap elementor-element-populated\">\n\t\t\t\t\t\t<div class=\"elementor-element elementor-element-f879bfc elementor-widget elementor-widget-image\" data-id=\"f879bfc\" data-element_type=\"widget\" data-widget_type=\"image.default\">\n\t\t\t\t<div class=\"elementor-widget-container\">\n\t\t\t\t\t\t\t\t\t\t\t\t\t\t\t<img fetchpriority=\"high\" decoding=\"async\" width=\"1200\" height=\"1200\" src=\"https:\/\/goya-tec.com\/wp-content\/uploads\/2022\/03\/GYOR1000-K-1.png\" class=\"attachment-full size-full wp-image-1042\" alt=\"\" srcset=\"https:\/\/goya-tec.com\/wp-content\/uploads\/2022\/03\/GYOR1000-K-1.png 1200w, https:\/\/goya-tec.com\/wp-content\/uploads\/2022\/03\/GYOR1000-K-1-300x300.png 300w, https:\/\/goya-tec.com\/wp-content\/uploads\/2022\/03\/GYOR1000-K-1-100x100.png 100w, https:\/\/goya-tec.com\/wp-content\/uploads\/2022\/03\/GYOR1000-K-1-600x600.png 600w, https:\/\/goya-tec.com\/wp-content\/uploads\/2022\/03\/GYOR1000-K-1-1024x1024.png 1024w, https:\/\/goya-tec.com\/wp-content\/uploads\/2022\/03\/GYOR1000-K-1-150x150.png 150w, https:\/\/goya-tec.com\/wp-content\/uploads\/2022\/03\/GYOR1000-K-1-768x768.png 768w, https:\/\/goya-tec.com\/wp-content\/uploads\/2022\/03\/GYOR1000-K-1-230x230.png 230w, https:\/\/goya-tec.com\/wp-content\/uploads\/2022\/03\/GYOR1000-K-1-400x400.png 400w, https:\/\/goya-tec.com\/wp-content\/uploads\/2022\/03\/GYOR1000-K-1-640x640.png 640w, https:\/\/goya-tec.com\/wp-content\/uploads\/2022\/03\/GYOR1000-K-1-48x48.png 48w, https:\/\/goya-tec.com\/wp-content\/uploads\/2022\/03\/GYOR1000-K-1-250x250.png 250w, https:\/\/goya-tec.com\/wp-content\/uploads\/2022\/03\/GYOR1000-K-1-550x550.png 550w, https:\/\/goya-tec.com\/wp-content\/uploads\/2022\/03\/GYOR1000-K-1-800x800.png 800w, https:\/\/goya-tec.com\/wp-content\/uploads\/2022\/03\/GYOR1000-K-1-180x180.png 180w, https:\/\/goya-tec.com\/wp-content\/uploads\/2022\/03\/GYOR1000-K-1-500x500.png 500w\" sizes=\"(max-width: 1200px) 100vw, 1200px\" \/>\t\t\t\t\t\t\t\t\t\t\t\t\t\t\t<\/div>\n\t\t\t\t<\/div>\n\t\t\t\t\t<\/div>\n\t\t<\/div>\n\t\t\t\t<div class=\"elementor-column elementor-col-50 elementor-top-column elementor-element elementor-element-bf77987\" data-id=\"bf77987\" data-element_type=\"column\">\n\t\t\t<div class=\"elementor-widget-wrap elementor-element-populated\">\n\t\t\t\t\t\t<div class=\"elementor-element elementor-element-4cb7e01 elementor-widget elementor-widget-heading\" data-id=\"4cb7e01\" data-element_type=\"widget\" data-widget_type=\"heading.default\">\n\t\t\t\t<div class=\"elementor-widget-container\">\n\t\t\t\t\t<h4 class=\"elementor-heading-title elementor-size-default\">GYOR1000-K Optical Node con WDM<\/h4>\t\t\t\t<\/div>\n\t\t\t\t<\/div>\n\t\t\t\t<div class=\"elementor-element elementor-element-f288c00 elementor-widget__width-initial elementor-widget elementor-widget-text-editor\" data-id=\"f288c00\" data-element_type=\"widget\" data-widget_type=\"text-editor.default\">\n\t\t\t\t<div class=\"elementor-widget-container\">\n\t\t\t\t\t\t\t\t\t<p><strong>GYOR1000-K FTTH Optical Node<\/strong> es un receptor \u00f3ptico avanzado dise\u00f1ado para la transmisi\u00f3n eficiente de se\u00f1ales en redes de Fibra hasta el Hogar (FTTH). Este nodo \u00f3ptico soporta <strong>GPON WDM<\/strong> de 1310nm\/1490nm (actualizable a 1270nm\/1577nm para compatibilidad con <strong>XGPON ONU<\/strong>), permitiendo la recepci\u00f3n de se\u00f1ales \u00f3pticas <strong>RF anal\u00f3gicas en 1550nm<\/strong>, as\u00ed como se\u00f1ales <strong>QAM RF<\/strong> desde una Red \u00d3ptica Pasiva (PON). Al mismo tiempo, transmite las se\u00f1ales digitales de 1310nm\/1490nm o 1270nm\/1577nm a los dispositivos ONU.<\/p><p>El <strong>GYOR1000-K<\/strong> es capaz de habilitar tanto el <strong>ONU Goyatech<\/strong> como cualquier otro dispositivo ONU de terceros que cuente con funcionalidad RF, permitiendo la transmisi\u00f3n de canales RF para <strong>difusi\u00f3n de televisi\u00f3n<\/strong> y servicios de <strong>comunicaciones de alta calidad<\/strong>.<\/p><hr \/><h3>Principales caracter\u00edsticas:<\/h3><ul><li><strong>Recepci\u00f3n de se\u00f1ales \u00f3pticas 1550nm y QAM RF<\/strong> a trav\u00e9s de PON.<\/li><li><strong>Compatibilidad con GPON<\/strong> y opci\u00f3n de actualizaci\u00f3n a <strong>XGPON ONU<\/strong> (1270nm\/1577nm).<\/li><li><strong>Transporte de se\u00f1ales digitales<\/strong> a dispositivos ONU en 1310nm\/1490nm o 1270nm\/1577nm.<\/li><li><strong>Funcionalidad RF<\/strong> para la difusi\u00f3n de canales de televisi\u00f3n y otras aplicaciones.<\/li><li>Ideal para <strong>soluciones FTTH<\/strong> de alto rendimiento y <strong>transmisi\u00f3n de servicios multimedia<\/strong>.<\/li><\/ul>\t\t\t\t\t\t\t\t<\/div>\n\t\t\t\t<\/div>\n\t\t\t\t<div class=\"elementor-element elementor-element-12b5a0b elementor-widget elementor-widget-button\" data-id=\"12b5a0b\" data-element_type=\"widget\" data-widget_type=\"button.default\">\n\t\t\t\t<div class=\"elementor-widget-container\">\n\t\t\t\t\t\t\t\t\t<div class=\"elementor-button-wrapper\">\n\t\t\t\t\t<a class=\"elementor-button elementor-button-link elementor-size-sm\" href=\"https:\/\/goya-tec.com\/wp-content\/uploads\/2022\/09\/GYOR1000-K-With-Power-Supply-211009.docx-3.pdf\" download=\"GYOR1000-K\">\n\t\t\t\t\t\t<span class=\"elementor-button-content-wrapper\">\n\t\t\t\t\t\t\t\t\t<span class=\"elementor-button-text\">Descargar Ficha<\/span>\n\t\t\t\t\t<\/span>\n\t\t\t\t\t<\/a>\n\t\t\t\t<\/div>\n\t\t\t\t\t\t\t\t<\/div>\n\t\t\t\t<\/div>\n\t\t\t\t\t<\/div>\n\t\t<\/div>\n\t\t\t\t\t<\/div>\n\t\t<\/section>\n\t\t\t\t<section class=\"elementor-section elementor-top-section elementor-element elementor-element-566559c elementor-section-boxed elementor-section-height-default elementor-section-height-default\" data-id=\"566559c\" data-element_type=\"section\" data-settings=\"{&quot;jet_parallax_layout_list&quot;:[{&quot;jet_parallax_layout_image&quot;:{&quot;url&quot;:&quot;&quot;,&quot;id&quot;:&quot;&quot;,&quot;size&quot;:&quot;&quot;},&quot;_id&quot;:&quot;65ac891&quot;,&quot;jet_parallax_layout_image_tablet&quot;:{&quot;url&quot;:&quot;&quot;,&quot;id&quot;:&quot;&quot;,&quot;size&quot;:&quot;&quot;},&quot;jet_parallax_layout_image_mobile&quot;:{&quot;url&quot;:&quot;&quot;,&quot;id&quot;:&quot;&quot;,&quot;size&quot;:&quot;&quot;},&quot;jet_parallax_layout_speed&quot;:{&quot;unit&quot;:&quot;%&quot;,&quot;size&quot;:50,&quot;sizes&quot;:[]},&quot;jet_parallax_layout_type&quot;:&quot;scroll&quot;,&quot;jet_parallax_layout_direction&quot;:null,&quot;jet_parallax_layout_fx_direction&quot;:null,&quot;jet_parallax_layout_z_index&quot;:&quot;&quot;,&quot;jet_parallax_layout_bg_x&quot;:50,&quot;jet_parallax_layout_bg_x_tablet&quot;:&quot;&quot;,&quot;jet_parallax_layout_bg_x_mobile&quot;:&quot;&quot;,&quot;jet_parallax_layout_bg_y&quot;:50,&quot;jet_parallax_layout_bg_y_tablet&quot;:&quot;&quot;,&quot;jet_parallax_layout_bg_y_mobile&quot;:&quot;&quot;,&quot;jet_parallax_layout_bg_size&quot;:&quot;auto&quot;,&quot;jet_parallax_layout_bg_size_tablet&quot;:&quot;&quot;,&quot;jet_parallax_layout_bg_size_mobile&quot;:&quot;&quot;,&quot;jet_parallax_layout_animation_prop&quot;:&quot;transform&quot;,&quot;jet_parallax_layout_on&quot;:[&quot;desktop&quot;,&quot;tablet&quot;]}]}\">\n\t\t\t\t\t\t<div class=\"elementor-container elementor-column-gap-default\">\n\t\t\t\t\t<div class=\"elementor-column elementor-col-100 elementor-top-column elementor-element elementor-element-b0df530\" data-id=\"b0df530\" data-element_type=\"column\">\n\t\t\t<div class=\"elementor-widget-wrap\">\n\t\t\t\t\t\t\t<\/div>\n\t\t<\/div>\n\t\t\t\t\t<\/div>\n\t\t<\/section>\n\t\t\t\t<\/div>","protected":false},"excerpt":{"rendered":"<p>&nbsp; GYOR1000-K Optical Node con WDM GYOR1000-K FTTH Optical Node es un receptor \u00f3ptico avanzado dise\u00f1ado para la transmisi\u00f3n eficiente de se\u00f1ales en redes de Fibra hasta el Hogar (FTTH). Este nodo \u00f3ptico soporta GPON WDM de 1310nm\/1490nm (actualizable a 1270nm\/1577nm para compatibilidad con XGPON ONU), permitiendo la recepci\u00f3n de se\u00f1ales \u00f3pticas RF anal\u00f3gicas en [&#8230;]","protected":false},"author":3,"featured_media":0,"parent":0,"menu_order":0,"comment_status":"closed","ping_status":"closed","template":"template\/page\/fullwidth.php","meta":{"bgseo_title":"","bgseo_description":"","bgseo_robots_index":"index","bgseo_robots_follow":"follow","om_disable_all_campaigns":false,"_monsterinsights_skip_tracking":false,"_monsterinsights_sitenote_active":false,"_monsterinsights_sitenote_note":"","_monsterinsights_sitenote_category":0,"footnotes":""},"class_list":["post-965","page","type-page","status-publish","hentry"],"yoast_head":"<!-- This site is optimized with the Yoast SEO plugin v24.5 - https:\/\/yoast.com\/wordpress\/plugins\/seo\/ -->\n<title>GYOR1000-K | Goya-Tec<\/title>\n<meta name=\"robots\" content=\"index, follow, max-snippet:-1, max-image-preview:large, max-video-preview:-1\" \/>\n<link rel=\"canonical\" href=\"https:\/\/goya-tec.com\/en_us\/gyor1000-k\/\" \/>\n<meta property=\"og:locale\" content=\"en_US\" \/>\n<meta property=\"og:type\" content=\"article\" \/>\n<meta property=\"og:title\" content=\"GYOR1000-K - Goya-Tec\" \/>\n<meta property=\"og:description\" content=\"&nbsp; GYOR1000-K Optical Node con WDM GYOR1000-K FTTH Optical Node es un receptor \u00f3ptico avanzado dise\u00f1ado para la transmisi\u00f3n eficiente de se\u00f1ales en redes de Fibra hasta el Hogar (FTTH). Este nodo \u00f3ptico soporta GPON WDM de 1310nm\/1490nm (actualizable a 1270nm\/1577nm para compatibilidad con XGPON ONU), permitiendo la recepci\u00f3n de se\u00f1ales \u00f3pticas RF anal\u00f3gicas en [...]\" \/>\n<meta property=\"og:url\" content=\"https:\/\/goya-tec.com\/en_us\/gyor1000-k\/\" \/>\n<meta property=\"og:site_name\" content=\"Goya-Tec\" \/>\n<meta property=\"article:modified_time\" content=\"2025-01-09T11:46:09+00:00\" \/>\n<meta property=\"og:image\" content=\"https:\/\/goya-tec.com\/wp-content\/uploads\/2022\/03\/GYOR1000-K-1.png\" \/>\n\t<meta property=\"og:image:width\" content=\"1200\" \/>\n\t<meta property=\"og:image:height\" content=\"1200\" \/>\n\t<meta property=\"og:image:type\" content=\"image\/png\" \/>\n<meta name=\"twitter:card\" content=\"summary_large_image\" \/>\n<meta name=\"twitter:label1\" content=\"Est. reading time\" \/>\n\t<meta name=\"twitter:data1\" content=\"1 minute\" \/>\n<script type=\"application\/ld+json\" class=\"yoast-schema-graph\">{\"@context\":\"https:\/\/schema.org\",\"@graph\":[{\"@type\":\"WebPage\",\"@id\":\"https:\/\/goya-tec.com\/gyor1000-k\/\",\"url\":\"https:\/\/goya-tec.com\/gyor1000-k\/\",\"name\":\"GYOR1000-K - Goya-Tec\",\"isPartOf\":{\"@id\":\"https:\/\/goya-tec.com\/#website\"},\"primaryImageOfPage\":{\"@id\":\"https:\/\/goya-tec.com\/gyor1000-k\/#primaryimage\"},\"image\":{\"@id\":\"https:\/\/goya-tec.com\/gyor1000-k\/#primaryimage\"},\"thumbnailUrl\":\"https:\/\/goya-tec.com\/wp-content\/uploads\/2022\/03\/GYOR1000-K-1.png\",\"datePublished\":\"2022-03-21T18:52:02+00:00\",\"dateModified\":\"2025-01-09T11:46:09+00:00\",\"breadcrumb\":{\"@id\":\"https:\/\/goya-tec.com\/gyor1000-k\/#breadcrumb\"},\"inLanguage\":\"en-US\",\"potentialAction\":[{\"@type\":\"ReadAction\",\"target\":[\"https:\/\/goya-tec.com\/gyor1000-k\/\"]}]},{\"@type\":\"ImageObject\",\"inLanguage\":\"en-US\",\"@id\":\"https:\/\/goya-tec.com\/gyor1000-k\/#primaryimage\",\"url\":\"https:\/\/goya-tec.com\/wp-content\/uploads\/2022\/03\/GYOR1000-K-1.png\",\"contentUrl\":\"https:\/\/goya-tec.com\/wp-content\/uploads\/2022\/03\/GYOR1000-K-1.png\"},{\"@type\":\"BreadcrumbList\",\"@id\":\"https:\/\/goya-tec.com\/gyor1000-k\/#breadcrumb\",\"itemListElement\":[{\"@type\":\"ListItem\",\"position\":1,\"name\":\"Home\",\"item\":\"https:\/\/goya-tec.com\/\"},{\"@type\":\"ListItem\",\"position\":2,\"name\":\"GYOR1000-K\"}]},{\"@type\":\"WebSite\",\"@id\":\"https:\/\/goya-tec.com\/#website\",\"url\":\"https:\/\/goya-tec.com\/\",\"name\":\"Goya-Tec\",\"description\":\"leaders of dth equipment\",\"potentialAction\":[{\"@type\":\"SearchAction\",\"target\":{\"@type\":\"EntryPoint\",\"urlTemplate\":\"https:\/\/goya-tec.com\/?s={search_term_string}\"},\"query-input\":{\"@type\":\"PropertyValueSpecification\",\"valueRequired\":true,\"valueName\":\"search_term_string\"}}],\"inLanguage\":\"en-US\"}]}<\/script>\n<!-- \/ Yoast SEO plugin. -->","yoast_head_json":{"title":"GYOR1000-K | Goya-Tec","robots":{"index":"index","follow":"follow","max-snippet":"max-snippet:-1","max-image-preview":"max-image-preview:large","max-video-preview":"max-video-preview:-1"},"canonical":"https:\/\/goya-tec.com\/en_us\/gyor1000-k\/","og_locale":"en_US","og_type":"article","og_title":"GYOR1000-K - Goya-Tec","og_description":"&nbsp; GYOR1000-K Optical Node con WDM GYOR1000-K FTTH Optical Node es un receptor \u00f3ptico avanzado dise\u00f1ado para la transmisi\u00f3n eficiente de se\u00f1ales en redes de Fibra hasta el Hogar (FTTH). Este nodo \u00f3ptico soporta GPON WDM de 1310nm\/1490nm (actualizable a 1270nm\/1577nm para compatibilidad con XGPON ONU), permitiendo la recepci\u00f3n de se\u00f1ales \u00f3pticas RF anal\u00f3gicas en [...]","og_url":"https:\/\/goya-tec.com\/en_us\/gyor1000-k\/","og_site_name":"Goya-Tec","article_modified_time":"2025-01-09T11:46:09+00:00","og_image":[{"width":1200,"height":1200,"url":"https:\/\/goya-tec.com\/wp-content\/uploads\/2022\/03\/GYOR1000-K-1.png","type":"image\/png"}],"twitter_card":"summary_large_image","twitter_misc":{"Est. reading time":"1 minute"},"schema":{"@context":"https:\/\/schema.org","@graph":[{"@type":"WebPage","@id":"https:\/\/goya-tec.com\/gyor1000-k\/","url":"https:\/\/goya-tec.com\/gyor1000-k\/","name":"GYOR1000-K - Goya-Tec","isPartOf":{"@id":"https:\/\/goya-tec.com\/#website"},"primaryImageOfPage":{"@id":"https:\/\/goya-tec.com\/gyor1000-k\/#primaryimage"},"image":{"@id":"https:\/\/goya-tec.com\/gyor1000-k\/#primaryimage"},"thumbnailUrl":"https:\/\/goya-tec.com\/wp-content\/uploads\/2022\/03\/GYOR1000-K-1.png","datePublished":"2022-03-21T18:52:02+00:00","dateModified":"2025-01-09T11:46:09+00:00","breadcrumb":{"@id":"https:\/\/goya-tec.com\/gyor1000-k\/#breadcrumb"},"inLanguage":"en-US","potentialAction":[{"@type":"ReadAction","target":["https:\/\/goya-tec.com\/gyor1000-k\/"]}]},{"@type":"ImageObject","inLanguage":"en-US","@id":"https:\/\/goya-tec.com\/gyor1000-k\/#primaryimage","url":"https:\/\/goya-tec.com\/wp-content\/uploads\/2022\/03\/GYOR1000-K-1.png","contentUrl":"https:\/\/goya-tec.com\/wp-content\/uploads\/2022\/03\/GYOR1000-K-1.png"},{"@type":"BreadcrumbList","@id":"https:\/\/goya-tec.com\/gyor1000-k\/#breadcrumb","itemListElement":[{"@type":"ListItem","position":1,"name":"Home","item":"https:\/\/goya-tec.com\/"},{"@type":"ListItem","position":2,"name":"GYOR1000-K"}]},{"@type":"WebSite","@id":"https:\/\/goya-tec.com\/#website","url":"https:\/\/goya-tec.com\/","name":"Goya-Tec","description":"leaders of dth equipment","potentialAction":[{"@type":"SearchAction","target":{"@type":"EntryPoint","urlTemplate":"https:\/\/goya-tec.com\/?s={search_term_string}"},"query-input":{"@type":"PropertyValueSpecification","valueRequired":true,"valueName":"search_term_string"}}],"inLanguage":"en-US"}]}},"_links":{"self":[{"href":"https:\/\/goya-tec.com\/en_us\/wp-json\/wp\/v2\/pages\/965","targetHints":{"allow":["GET"]}}],"collection":[{"href":"https:\/\/goya-tec.com\/en_us\/wp-json\/wp\/v2\/pages"}],"about":[{"href":"https:\/\/goya-tec.com\/en_us\/wp-json\/wp\/v2\/types\/page"}],"author":[{"embeddable":true,"href":"https:\/\/goya-tec.com\/en_us\/wp-json\/wp\/v2\/users\/3"}],"replies":[{"embeddable":true,"href":"https:\/\/goya-tec.com\/en_us\/wp-json\/wp\/v2\/comments?post=965"}],"version-history":[{"count":10,"href":"https:\/\/goya-tec.com\/en_us\/wp-json\/wp\/v2\/pages\/965\/revisions"}],"predecessor-version":[{"id":1449,"href":"https:\/\/goya-tec.com\/en_us\/wp-json\/wp\/v2\/pages\/965\/revisions\/1449"}],"wp:attachment":[{"href":"https:\/\/goya-tec.com\/en_us\/wp-json\/wp\/v2\/media?parent=965"}],"curies":[{"name":"wp","href":"https:\/\/api.w.org\/{rel}","templated":true}]}}