{"id":980,"date":"2022-03-21T19:05:03","date_gmt":"2022-03-21T19:05:03","guid":{"rendered":"https:\/\/goya-tec.com\/?page_id=980"},"modified":"2025-01-09T12:50:11","modified_gmt":"2025-01-09T12:50:11","slug":"gya350","status":"publish","type":"page","link":"https:\/\/goya-tec.com\/en_us\/gya350\/","title":{"rendered":"GYA350"},"content":{"rendered":"<div data-elementor-type=\"wp-page\" data-elementor-id=\"980\" class=\"elementor elementor-980\">\n\t\t\t\t\t\t<section class=\"elementor-section elementor-top-section elementor-element elementor-element-66a7d533 elementor-section-boxed elementor-section-height-default elementor-section-height-default\" data-id=\"66a7d533\" data-element_type=\"section\" data-settings=\"{&quot;jet_parallax_layout_list&quot;:[{&quot;jet_parallax_layout_image&quot;:{&quot;url&quot;:&quot;&quot;,&quot;id&quot;:&quot;&quot;,&quot;size&quot;:&quot;&quot;},&quot;_id&quot;:&quot;57894a3&quot;,&quot;jet_parallax_layout_image_tablet&quot;:{&quot;url&quot;:&quot;&quot;,&quot;id&quot;:&quot;&quot;,&quot;size&quot;:&quot;&quot;},&quot;jet_parallax_layout_image_mobile&quot;:{&quot;url&quot;:&quot;&quot;,&quot;id&quot;:&quot;&quot;,&quot;size&quot;:&quot;&quot;},&quot;jet_parallax_layout_speed&quot;:{&quot;unit&quot;:&quot;%&quot;,&quot;size&quot;:50,&quot;sizes&quot;:[]},&quot;jet_parallax_layout_type&quot;:&quot;scroll&quot;,&quot;jet_parallax_layout_direction&quot;:null,&quot;jet_parallax_layout_fx_direction&quot;:null,&quot;jet_parallax_layout_z_index&quot;:&quot;&quot;,&quot;jet_parallax_layout_bg_x&quot;:50,&quot;jet_parallax_layout_bg_x_tablet&quot;:&quot;&quot;,&quot;jet_parallax_layout_bg_x_mobile&quot;:&quot;&quot;,&quot;jet_parallax_layout_bg_y&quot;:50,&quot;jet_parallax_layout_bg_y_tablet&quot;:&quot;&quot;,&quot;jet_parallax_layout_bg_y_mobile&quot;:&quot;&quot;,&quot;jet_parallax_layout_bg_size&quot;:&quot;auto&quot;,&quot;jet_parallax_layout_bg_size_tablet&quot;:&quot;&quot;,&quot;jet_parallax_layout_bg_size_mobile&quot;:&quot;&quot;,&quot;jet_parallax_layout_animation_prop&quot;:&quot;transform&quot;,&quot;jet_parallax_layout_on&quot;:[&quot;desktop&quot;,&quot;tablet&quot;]}]}\">\n\t\t\t\t\t\t<div class=\"elementor-container elementor-column-gap-default\">\n\t\t\t\t\t<div class=\"elementor-column elementor-col-100 elementor-top-column elementor-element elementor-element-449b05e\" data-id=\"449b05e\" data-element_type=\"column\">\n\t\t\t<div class=\"elementor-widget-wrap elementor-element-populated\">\n\t\t\t\t\t\t<div class=\"elementor-element elementor-element-2366f935 elementor-widget elementor-widget-text-editor\" data-id=\"2366f935\" data-element_type=\"widget\" data-widget_type=\"text-editor.default\">\n\t\t\t\t<div class=\"elementor-widget-container\">\n\t\t\t\t\t\t\t\t\t<div class=\"boldgrid-section\">\r\n<div class=\"container\">\r\n<div class=\"row\">\r\n<div class=\"col-md-12 col-xs-12 col-sm-12\">\r\n\r\n&nbsp;\r\n\r\n<\/div>\r\n<\/div>\r\n<\/div>\r\n<\/div>\t\t\t\t\t\t\t\t<\/div>\n\t\t\t\t<\/div>\n\t\t\t\t\t<\/div>\n\t\t<\/div>\n\t\t\t\t\t<\/div>\n\t\t<\/section>\n\t\t\t\t<section class=\"elementor-section elementor-top-section elementor-element elementor-element-a5e4886 elementor-section-content-middle elementor-section-boxed elementor-section-height-default elementor-section-height-default\" data-id=\"a5e4886\" data-element_type=\"section\" data-settings=\"{&quot;background_background&quot;:&quot;classic&quot;,&quot;jet_parallax_layout_list&quot;:[{&quot;_id&quot;:&quot;9986675&quot;,&quot;jet_parallax_layout_image&quot;:{&quot;url&quot;:&quot;&quot;,&quot;id&quot;:&quot;&quot;,&quot;size&quot;:&quot;&quot;},&quot;jet_parallax_layout_image_tablet&quot;:{&quot;url&quot;:&quot;&quot;,&quot;id&quot;:&quot;&quot;,&quot;size&quot;:&quot;&quot;},&quot;jet_parallax_layout_image_mobile&quot;:{&quot;url&quot;:&quot;&quot;,&quot;id&quot;:&quot;&quot;,&quot;size&quot;:&quot;&quot;},&quot;jet_parallax_layout_speed&quot;:{&quot;unit&quot;:&quot;%&quot;,&quot;size&quot;:50,&quot;sizes&quot;:[]},&quot;jet_parallax_layout_type&quot;:&quot;scroll&quot;,&quot;jet_parallax_layout_direction&quot;:null,&quot;jet_parallax_layout_fx_direction&quot;:null,&quot;jet_parallax_layout_z_index&quot;:&quot;&quot;,&quot;jet_parallax_layout_bg_x&quot;:50,&quot;jet_parallax_layout_bg_x_tablet&quot;:&quot;&quot;,&quot;jet_parallax_layout_bg_x_mobile&quot;:&quot;&quot;,&quot;jet_parallax_layout_bg_y&quot;:50,&quot;jet_parallax_layout_bg_y_tablet&quot;:&quot;&quot;,&quot;jet_parallax_layout_bg_y_mobile&quot;:&quot;&quot;,&quot;jet_parallax_layout_bg_size&quot;:&quot;auto&quot;,&quot;jet_parallax_layout_bg_size_tablet&quot;:&quot;&quot;,&quot;jet_parallax_layout_bg_size_mobile&quot;:&quot;&quot;,&quot;jet_parallax_layout_animation_prop&quot;:&quot;transform&quot;,&quot;jet_parallax_layout_on&quot;:[&quot;desktop&quot;,&quot;tablet&quot;]}]}\">\n\t\t\t\t\t\t<div class=\"elementor-container elementor-column-gap-no\">\n\t\t\t\t\t<div class=\"elementor-column elementor-col-50 elementor-top-column elementor-element elementor-element-c3a0f34\" data-id=\"c3a0f34\" data-element_type=\"column\">\n\t\t\t<div class=\"elementor-widget-wrap elementor-element-populated\">\n\t\t\t\t\t\t<div class=\"elementor-element elementor-element-321bd8a elementor-widget elementor-widget-image\" data-id=\"321bd8a\" data-element_type=\"widget\" data-widget_type=\"image.default\">\n\t\t\t\t<div class=\"elementor-widget-container\">\n\t\t\t\t\t\t\t\t\t\t\t\t\t\t\t<img fetchpriority=\"high\" decoding=\"async\" width=\"1743\" height=\"1743\" src=\"https:\/\/goya-tec.com\/wp-content\/uploads\/2022\/03\/GYA350.png\" class=\"attachment-full size-full wp-image-924\" alt=\"\" srcset=\"https:\/\/goya-tec.com\/wp-content\/uploads\/2022\/03\/GYA350.png 1743w, https:\/\/goya-tec.com\/wp-content\/uploads\/2022\/03\/GYA350-300x300.png 300w, https:\/\/goya-tec.com\/wp-content\/uploads\/2022\/03\/GYA350-100x100.png 100w, https:\/\/goya-tec.com\/wp-content\/uploads\/2022\/03\/GYA350-600x600.png 600w, https:\/\/goya-tec.com\/wp-content\/uploads\/2022\/03\/GYA350-1024x1024.png 1024w, https:\/\/goya-tec.com\/wp-content\/uploads\/2022\/03\/GYA350-150x150.png 150w, https:\/\/goya-tec.com\/wp-content\/uploads\/2022\/03\/GYA350-768x768.png 768w, https:\/\/goya-tec.com\/wp-content\/uploads\/2022\/03\/GYA350-1536x1536.png 1536w, https:\/\/goya-tec.com\/wp-content\/uploads\/2022\/03\/GYA350-230x230.png 230w, https:\/\/goya-tec.com\/wp-content\/uploads\/2022\/03\/GYA350-400x400.png 400w, https:\/\/goya-tec.com\/wp-content\/uploads\/2022\/03\/GYA350-640x640.png 640w, https:\/\/goya-tec.com\/wp-content\/uploads\/2022\/03\/GYA350-48x48.png 48w, https:\/\/goya-tec.com\/wp-content\/uploads\/2022\/03\/GYA350-250x250.png 250w, https:\/\/goya-tec.com\/wp-content\/uploads\/2022\/03\/GYA350-550x550.png 550w, https:\/\/goya-tec.com\/wp-content\/uploads\/2022\/03\/GYA350-800x800.png 800w, https:\/\/goya-tec.com\/wp-content\/uploads\/2022\/03\/GYA350-180x180.png 180w, https:\/\/goya-tec.com\/wp-content\/uploads\/2022\/03\/GYA350-500x500.png 500w\" sizes=\"(max-width: 1743px) 100vw, 1743px\" \/>\t\t\t\t\t\t\t\t\t\t\t\t\t\t\t<\/div>\n\t\t\t\t<\/div>\n\t\t\t\t\t<\/div>\n\t\t<\/div>\n\t\t\t\t<div class=\"elementor-column elementor-col-50 elementor-top-column elementor-element elementor-element-c07c806\" data-id=\"c07c806\" data-element_type=\"column\">\n\t\t\t<div class=\"elementor-widget-wrap elementor-element-populated\">\n\t\t\t\t\t\t<div class=\"elementor-element elementor-element-e30d802 elementor-widget elementor-widget-heading\" data-id=\"e30d802\" data-element_type=\"widget\" data-widget_type=\"heading.default\">\n\t\t\t\t<div class=\"elementor-widget-container\">\n\t\t\t\t\t<h4 class=\"elementor-heading-title elementor-size-default\">GYA350 Series 1550nm Fiber Amplifier<\/h4>\t\t\t\t<\/div>\n\t\t\t\t<\/div>\n\t\t\t\t<div class=\"elementor-element elementor-element-bb38a33 elementor-widget elementor-widget-text-editor\" data-id=\"bb38a33\" data-element_type=\"widget\" data-widget_type=\"text-editor.default\">\n\t\t\t\t<div class=\"elementor-widget-container\">\n\t\t\t\t\t\t\t\t\t<p><strong>Amplificador de Fibra Dopada con Erbio (EDFA) GYA350<\/strong><\/p><p>El <em>GYA350 Series Erbium Doped Fiber Amplifier (EDFA)<\/em> es un equipo clave para la transmisi\u00f3n de se\u00f1ales a larga distancia en aplicaciones como televisi\u00f3n, video digital, telefon\u00eda y datos a 1550 nm. Dise\u00f1ado con circuitos \u00f3pticos y electr\u00f3nicos de alta calidad, el GYA350 ofrece un rendimiento \u00f3ptico y el\u00e9ctrico excepcional, gracias al uso de dispositivos de \u00faltima generaci\u00f3n. Todos los materiales utilizados en el GYA350 cumplen con los estrictos requisitos de RoHS, garantizando un producto confiable, eficiente y respetuoso con el medio ambiente. Ideal para soluciones de telecomunicaciones de alto rendimiento y transmisi\u00f3n de datos de largo alcance.<\/p>\t\t\t\t\t\t\t\t<\/div>\n\t\t\t\t<\/div>\n\t\t\t\t<div class=\"elementor-element elementor-element-a887a54 elementor-widget elementor-widget-button\" data-id=\"a887a54\" data-element_type=\"widget\" data-widget_type=\"button.default\">\n\t\t\t\t<div class=\"elementor-widget-container\">\n\t\t\t\t\t\t\t\t\t<div class=\"elementor-button-wrapper\">\n\t\t\t\t\t<a class=\"elementor-button elementor-button-link elementor-size-sm\" href=\"https:\/\/goya-tec.com\/wp-content\/uploads\/2022\/03\/GYA350-EDFA.doc\" download=\"GYA350\">\n\t\t\t\t\t\t<span class=\"elementor-button-content-wrapper\">\n\t\t\t\t\t\t\t\t\t<span class=\"elementor-button-text\">Descargar Ficha<\/span>\n\t\t\t\t\t<\/span>\n\t\t\t\t\t<\/a>\n\t\t\t\t<\/div>\n\t\t\t\t\t\t\t\t<\/div>\n\t\t\t\t<\/div>\n\t\t\t\t\t<\/div>\n\t\t<\/div>\n\t\t\t\t\t<\/div>\n\t\t<\/section>\n\t\t\t\t<\/div>","protected":false},"excerpt":{"rendered":"<p>&nbsp; GYA350 Series 1550nm Fiber Amplifier Amplificador de Fibra Dopada con Erbio (EDFA) GYA350 El GYA350 Series Erbium Doped Fiber Amplifier (EDFA) es un equipo clave para la transmisi\u00f3n de se\u00f1ales a larga distancia en aplicaciones como televisi\u00f3n, video digital, telefon\u00eda y datos a 1550 nm. Dise\u00f1ado con circuitos \u00f3pticos y electr\u00f3nicos de alta calidad, [&#8230;]","protected":false},"author":3,"featured_media":0,"parent":0,"menu_order":0,"comment_status":"closed","ping_status":"closed","template":"template\/page\/fullwidth.php","meta":{"bgseo_title":"","bgseo_description":"","bgseo_robots_index":"index","bgseo_robots_follow":"follow","om_disable_all_campaigns":false,"_monsterinsights_skip_tracking":false,"_monsterinsights_sitenote_active":false,"_monsterinsights_sitenote_note":"","_monsterinsights_sitenote_category":0,"footnotes":""},"class_list":["post-980","page","type-page","status-publish","hentry"],"yoast_head":"<!-- This site is optimized with the Yoast SEO plugin v24.5 - https:\/\/yoast.com\/wordpress\/plugins\/seo\/ -->\n<title>GYA350 | Goya-Tec<\/title>\n<meta name=\"robots\" content=\"index, follow, max-snippet:-1, max-image-preview:large, max-video-preview:-1\" \/>\n<link rel=\"canonical\" href=\"https:\/\/goya-tec.com\/en_us\/gya350\/\" \/>\n<meta property=\"og:locale\" content=\"en_US\" \/>\n<meta property=\"og:type\" content=\"article\" \/>\n<meta property=\"og:title\" content=\"GYA350 - Goya-Tec\" \/>\n<meta property=\"og:description\" content=\"&nbsp; GYA350 Series 1550nm Fiber Amplifier Amplificador de Fibra Dopada con Erbio (EDFA) GYA350 El GYA350 Series Erbium Doped Fiber Amplifier (EDFA) es un equipo clave para la transmisi\u00f3n de se\u00f1ales a larga distancia en aplicaciones como televisi\u00f3n, video digital, telefon\u00eda y datos a 1550 nm. Dise\u00f1ado con circuitos \u00f3pticos y electr\u00f3nicos de alta calidad, [...]\" \/>\n<meta property=\"og:url\" content=\"https:\/\/goya-tec.com\/en_us\/gya350\/\" \/>\n<meta property=\"og:site_name\" content=\"Goya-Tec\" \/>\n<meta property=\"article:modified_time\" content=\"2025-01-09T12:50:11+00:00\" \/>\n<meta property=\"og:image\" content=\"https:\/\/goya-tec.com\/wp-content\/uploads\/2022\/03\/GYA350.png\" \/>\n\t<meta property=\"og:image:width\" content=\"1743\" \/>\n\t<meta property=\"og:image:height\" content=\"1743\" \/>\n\t<meta property=\"og:image:type\" content=\"image\/png\" \/>\n<meta name=\"twitter:card\" content=\"summary_large_image\" \/>\n<meta name=\"twitter:label1\" content=\"Est. reading time\" \/>\n\t<meta name=\"twitter:data1\" content=\"1 minute\" \/>\n<script type=\"application\/ld+json\" class=\"yoast-schema-graph\">{\"@context\":\"https:\/\/schema.org\",\"@graph\":[{\"@type\":\"WebPage\",\"@id\":\"https:\/\/goya-tec.com\/gya350\/\",\"url\":\"https:\/\/goya-tec.com\/gya350\/\",\"name\":\"GYA350 - Goya-Tec\",\"isPartOf\":{\"@id\":\"https:\/\/goya-tec.com\/#website\"},\"primaryImageOfPage\":{\"@id\":\"https:\/\/goya-tec.com\/gya350\/#primaryimage\"},\"image\":{\"@id\":\"https:\/\/goya-tec.com\/gya350\/#primaryimage\"},\"thumbnailUrl\":\"https:\/\/goya-tec.com\/wp-content\/uploads\/2022\/03\/GYA350.png\",\"datePublished\":\"2022-03-21T19:05:03+00:00\",\"dateModified\":\"2025-01-09T12:50:11+00:00\",\"breadcrumb\":{\"@id\":\"https:\/\/goya-tec.com\/gya350\/#breadcrumb\"},\"inLanguage\":\"en-US\",\"potentialAction\":[{\"@type\":\"ReadAction\",\"target\":[\"https:\/\/goya-tec.com\/gya350\/\"]}]},{\"@type\":\"ImageObject\",\"inLanguage\":\"en-US\",\"@id\":\"https:\/\/goya-tec.com\/gya350\/#primaryimage\",\"url\":\"https:\/\/goya-tec.com\/wp-content\/uploads\/2022\/03\/GYA350.png\",\"contentUrl\":\"https:\/\/goya-tec.com\/wp-content\/uploads\/2022\/03\/GYA350.png\"},{\"@type\":\"BreadcrumbList\",\"@id\":\"https:\/\/goya-tec.com\/gya350\/#breadcrumb\",\"itemListElement\":[{\"@type\":\"ListItem\",\"position\":1,\"name\":\"Home\",\"item\":\"https:\/\/goya-tec.com\/\"},{\"@type\":\"ListItem\",\"position\":2,\"name\":\"GYA350\"}]},{\"@type\":\"WebSite\",\"@id\":\"https:\/\/goya-tec.com\/#website\",\"url\":\"https:\/\/goya-tec.com\/\",\"name\":\"Goya-Tec\",\"description\":\"leaders of dth equipment\",\"potentialAction\":[{\"@type\":\"SearchAction\",\"target\":{\"@type\":\"EntryPoint\",\"urlTemplate\":\"https:\/\/goya-tec.com\/?s={search_term_string}\"},\"query-input\":{\"@type\":\"PropertyValueSpecification\",\"valueRequired\":true,\"valueName\":\"search_term_string\"}}],\"inLanguage\":\"en-US\"}]}<\/script>\n<!-- \/ Yoast SEO plugin. -->","yoast_head_json":{"title":"GYA350 | Goya-Tec","robots":{"index":"index","follow":"follow","max-snippet":"max-snippet:-1","max-image-preview":"max-image-preview:large","max-video-preview":"max-video-preview:-1"},"canonical":"https:\/\/goya-tec.com\/en_us\/gya350\/","og_locale":"en_US","og_type":"article","og_title":"GYA350 - Goya-Tec","og_description":"&nbsp; GYA350 Series 1550nm Fiber Amplifier Amplificador de Fibra Dopada con Erbio (EDFA) GYA350 El GYA350 Series Erbium Doped Fiber Amplifier (EDFA) es un equipo clave para la transmisi\u00f3n de se\u00f1ales a larga distancia en aplicaciones como televisi\u00f3n, video digital, telefon\u00eda y datos a 1550 nm. Dise\u00f1ado con circuitos \u00f3pticos y electr\u00f3nicos de alta calidad, [...]","og_url":"https:\/\/goya-tec.com\/en_us\/gya350\/","og_site_name":"Goya-Tec","article_modified_time":"2025-01-09T12:50:11+00:00","og_image":[{"width":1743,"height":1743,"url":"https:\/\/goya-tec.com\/wp-content\/uploads\/2022\/03\/GYA350.png","type":"image\/png"}],"twitter_card":"summary_large_image","twitter_misc":{"Est. reading time":"1 minute"},"schema":{"@context":"https:\/\/schema.org","@graph":[{"@type":"WebPage","@id":"https:\/\/goya-tec.com\/gya350\/","url":"https:\/\/goya-tec.com\/gya350\/","name":"GYA350 - Goya-Tec","isPartOf":{"@id":"https:\/\/goya-tec.com\/#website"},"primaryImageOfPage":{"@id":"https:\/\/goya-tec.com\/gya350\/#primaryimage"},"image":{"@id":"https:\/\/goya-tec.com\/gya350\/#primaryimage"},"thumbnailUrl":"https:\/\/goya-tec.com\/wp-content\/uploads\/2022\/03\/GYA350.png","datePublished":"2022-03-21T19:05:03+00:00","dateModified":"2025-01-09T12:50:11+00:00","breadcrumb":{"@id":"https:\/\/goya-tec.com\/gya350\/#breadcrumb"},"inLanguage":"en-US","potentialAction":[{"@type":"ReadAction","target":["https:\/\/goya-tec.com\/gya350\/"]}]},{"@type":"ImageObject","inLanguage":"en-US","@id":"https:\/\/goya-tec.com\/gya350\/#primaryimage","url":"https:\/\/goya-tec.com\/wp-content\/uploads\/2022\/03\/GYA350.png","contentUrl":"https:\/\/goya-tec.com\/wp-content\/uploads\/2022\/03\/GYA350.png"},{"@type":"BreadcrumbList","@id":"https:\/\/goya-tec.com\/gya350\/#breadcrumb","itemListElement":[{"@type":"ListItem","position":1,"name":"Home","item":"https:\/\/goya-tec.com\/"},{"@type":"ListItem","position":2,"name":"GYA350"}]},{"@type":"WebSite","@id":"https:\/\/goya-tec.com\/#website","url":"https:\/\/goya-tec.com\/","name":"Goya-Tec","description":"leaders of dth equipment","potentialAction":[{"@type":"SearchAction","target":{"@type":"EntryPoint","urlTemplate":"https:\/\/goya-tec.com\/?s={search_term_string}"},"query-input":{"@type":"PropertyValueSpecification","valueRequired":true,"valueName":"search_term_string"}}],"inLanguage":"en-US"}]}},"_links":{"self":[{"href":"https:\/\/goya-tec.com\/en_us\/wp-json\/wp\/v2\/pages\/980","targetHints":{"allow":["GET"]}}],"collection":[{"href":"https:\/\/goya-tec.com\/en_us\/wp-json\/wp\/v2\/pages"}],"about":[{"href":"https:\/\/goya-tec.com\/en_us\/wp-json\/wp\/v2\/types\/page"}],"author":[{"embeddable":true,"href":"https:\/\/goya-tec.com\/en_us\/wp-json\/wp\/v2\/users\/3"}],"replies":[{"embeddable":true,"href":"https:\/\/goya-tec.com\/en_us\/wp-json\/wp\/v2\/comments?post=980"}],"version-history":[{"count":10,"href":"https:\/\/goya-tec.com\/en_us\/wp-json\/wp\/v2\/pages\/980\/revisions"}],"predecessor-version":[{"id":1490,"href":"https:\/\/goya-tec.com\/en_us\/wp-json\/wp\/v2\/pages\/980\/revisions\/1490"}],"wp:attachment":[{"href":"https:\/\/goya-tec.com\/en_us\/wp-json\/wp\/v2\/media?parent=980"}],"curies":[{"name":"wp","href":"https:\/\/api.w.org\/{rel}","templated":true}]}}