{"id":989,"date":"2022-03-21T19:14:34","date_gmt":"2022-03-21T19:14:34","guid":{"rendered":"https:\/\/goya-tec.com\/?page_id=989"},"modified":"2025-01-09T12:55:30","modified_gmt":"2025-01-09T12:55:30","slug":"gyr1200","status":"publish","type":"page","link":"https:\/\/goya-tec.com\/en_us\/gyr1200\/","title":{"rendered":"GYR1200"},"content":{"rendered":"<div data-elementor-type=\"wp-page\" data-elementor-id=\"989\" class=\"elementor elementor-989\">\n\t\t\t\t\t\t<section class=\"elementor-section elementor-top-section elementor-element elementor-element-5fb54210 elementor-section-boxed elementor-section-height-default elementor-section-height-default\" data-id=\"5fb54210\" data-element_type=\"section\" data-settings=\"{&quot;jet_parallax_layout_list&quot;:[{&quot;jet_parallax_layout_image&quot;:{&quot;url&quot;:&quot;&quot;,&quot;id&quot;:&quot;&quot;,&quot;size&quot;:&quot;&quot;},&quot;_id&quot;:&quot;5e6917e&quot;,&quot;jet_parallax_layout_image_tablet&quot;:{&quot;url&quot;:&quot;&quot;,&quot;id&quot;:&quot;&quot;,&quot;size&quot;:&quot;&quot;},&quot;jet_parallax_layout_image_mobile&quot;:{&quot;url&quot;:&quot;&quot;,&quot;id&quot;:&quot;&quot;,&quot;size&quot;:&quot;&quot;},&quot;jet_parallax_layout_speed&quot;:{&quot;unit&quot;:&quot;%&quot;,&quot;size&quot;:50,&quot;sizes&quot;:[]},&quot;jet_parallax_layout_type&quot;:&quot;scroll&quot;,&quot;jet_parallax_layout_direction&quot;:null,&quot;jet_parallax_layout_fx_direction&quot;:null,&quot;jet_parallax_layout_z_index&quot;:&quot;&quot;,&quot;jet_parallax_layout_bg_x&quot;:50,&quot;jet_parallax_layout_bg_x_tablet&quot;:&quot;&quot;,&quot;jet_parallax_layout_bg_x_mobile&quot;:&quot;&quot;,&quot;jet_parallax_layout_bg_y&quot;:50,&quot;jet_parallax_layout_bg_y_tablet&quot;:&quot;&quot;,&quot;jet_parallax_layout_bg_y_mobile&quot;:&quot;&quot;,&quot;jet_parallax_layout_bg_size&quot;:&quot;auto&quot;,&quot;jet_parallax_layout_bg_size_tablet&quot;:&quot;&quot;,&quot;jet_parallax_layout_bg_size_mobile&quot;:&quot;&quot;,&quot;jet_parallax_layout_animation_prop&quot;:&quot;transform&quot;,&quot;jet_parallax_layout_on&quot;:[&quot;desktop&quot;,&quot;tablet&quot;]}]}\">\n\t\t\t\t\t\t<div class=\"elementor-container elementor-column-gap-default\">\n\t\t\t\t\t<div class=\"elementor-column elementor-col-100 elementor-top-column elementor-element elementor-element-1a7a72e6\" data-id=\"1a7a72e6\" data-element_type=\"column\">\n\t\t\t<div class=\"elementor-widget-wrap elementor-element-populated\">\n\t\t\t\t\t\t<div class=\"elementor-element elementor-element-1b887fd5 elementor-widget elementor-widget-text-editor\" data-id=\"1b887fd5\" data-element_type=\"widget\" data-widget_type=\"text-editor.default\">\n\t\t\t\t<div class=\"elementor-widget-container\">\n\t\t\t\t\t\t\t\t\t<div class=\"boldgrid-section\">\r\n<div class=\"container\">\r\n<div class=\"row\">\r\n<div class=\"col-md-12 col-xs-12 col-sm-12\">\r\n\r\n&nbsp;\r\n\r\n<\/div>\r\n<\/div>\r\n<\/div>\r\n<\/div>\t\t\t\t\t\t\t\t<\/div>\n\t\t\t\t<\/div>\n\t\t\t\t\t<\/div>\n\t\t<\/div>\n\t\t\t\t\t<\/div>\n\t\t<\/section>\n\t\t\t\t<section class=\"elementor-section elementor-top-section elementor-element elementor-element-e347784 elementor-section-content-middle elementor-section-boxed elementor-section-height-default elementor-section-height-default\" data-id=\"e347784\" data-element_type=\"section\" data-settings=\"{&quot;background_background&quot;:&quot;classic&quot;,&quot;jet_parallax_layout_list&quot;:[{&quot;_id&quot;:&quot;9986675&quot;,&quot;jet_parallax_layout_image&quot;:{&quot;url&quot;:&quot;&quot;,&quot;id&quot;:&quot;&quot;,&quot;size&quot;:&quot;&quot;},&quot;jet_parallax_layout_image_tablet&quot;:{&quot;url&quot;:&quot;&quot;,&quot;id&quot;:&quot;&quot;,&quot;size&quot;:&quot;&quot;},&quot;jet_parallax_layout_image_mobile&quot;:{&quot;url&quot;:&quot;&quot;,&quot;id&quot;:&quot;&quot;,&quot;size&quot;:&quot;&quot;},&quot;jet_parallax_layout_speed&quot;:{&quot;unit&quot;:&quot;%&quot;,&quot;size&quot;:50,&quot;sizes&quot;:[]},&quot;jet_parallax_layout_type&quot;:&quot;scroll&quot;,&quot;jet_parallax_layout_direction&quot;:null,&quot;jet_parallax_layout_fx_direction&quot;:null,&quot;jet_parallax_layout_z_index&quot;:&quot;&quot;,&quot;jet_parallax_layout_bg_x&quot;:50,&quot;jet_parallax_layout_bg_x_tablet&quot;:&quot;&quot;,&quot;jet_parallax_layout_bg_x_mobile&quot;:&quot;&quot;,&quot;jet_parallax_layout_bg_y&quot;:50,&quot;jet_parallax_layout_bg_y_tablet&quot;:&quot;&quot;,&quot;jet_parallax_layout_bg_y_mobile&quot;:&quot;&quot;,&quot;jet_parallax_layout_bg_size&quot;:&quot;auto&quot;,&quot;jet_parallax_layout_bg_size_tablet&quot;:&quot;&quot;,&quot;jet_parallax_layout_bg_size_mobile&quot;:&quot;&quot;,&quot;jet_parallax_layout_animation_prop&quot;:&quot;transform&quot;,&quot;jet_parallax_layout_on&quot;:[&quot;desktop&quot;,&quot;tablet&quot;]}]}\">\n\t\t\t\t\t\t<div class=\"elementor-container elementor-column-gap-no\">\n\t\t\t\t\t<div class=\"elementor-column elementor-col-50 elementor-top-column elementor-element elementor-element-1bf0fec\" data-id=\"1bf0fec\" data-element_type=\"column\">\n\t\t\t<div class=\"elementor-widget-wrap elementor-element-populated\">\n\t\t\t\t\t\t<div class=\"elementor-element elementor-element-6942e72 elementor-widget elementor-widget-image\" data-id=\"6942e72\" data-element_type=\"widget\" data-widget_type=\"image.default\">\n\t\t\t\t<div class=\"elementor-widget-container\">\n\t\t\t\t\t\t\t\t\t\t\t\t\t\t\t<img fetchpriority=\"high\" decoding=\"async\" width=\"1348\" height=\"1348\" src=\"https:\/\/goya-tec.com\/wp-content\/uploads\/2022\/03\/Outdoor-Optical-Node.png\" class=\"attachment-full size-full wp-image-925\" alt=\"\" srcset=\"https:\/\/goya-tec.com\/wp-content\/uploads\/2022\/03\/Outdoor-Optical-Node.png 1348w, https:\/\/goya-tec.com\/wp-content\/uploads\/2022\/03\/Outdoor-Optical-Node-300x300.png 300w, https:\/\/goya-tec.com\/wp-content\/uploads\/2022\/03\/Outdoor-Optical-Node-100x100.png 100w, https:\/\/goya-tec.com\/wp-content\/uploads\/2022\/03\/Outdoor-Optical-Node-600x600.png 600w, https:\/\/goya-tec.com\/wp-content\/uploads\/2022\/03\/Outdoor-Optical-Node-1024x1024.png 1024w, https:\/\/goya-tec.com\/wp-content\/uploads\/2022\/03\/Outdoor-Optical-Node-150x150.png 150w, https:\/\/goya-tec.com\/wp-content\/uploads\/2022\/03\/Outdoor-Optical-Node-768x768.png 768w, https:\/\/goya-tec.com\/wp-content\/uploads\/2022\/03\/Outdoor-Optical-Node-230x230.png 230w, https:\/\/goya-tec.com\/wp-content\/uploads\/2022\/03\/Outdoor-Optical-Node-400x400.png 400w, https:\/\/goya-tec.com\/wp-content\/uploads\/2022\/03\/Outdoor-Optical-Node-640x640.png 640w, https:\/\/goya-tec.com\/wp-content\/uploads\/2022\/03\/Outdoor-Optical-Node-48x48.png 48w, https:\/\/goya-tec.com\/wp-content\/uploads\/2022\/03\/Outdoor-Optical-Node-250x250.png 250w, https:\/\/goya-tec.com\/wp-content\/uploads\/2022\/03\/Outdoor-Optical-Node-550x550.png 550w, https:\/\/goya-tec.com\/wp-content\/uploads\/2022\/03\/Outdoor-Optical-Node-800x800.png 800w, https:\/\/goya-tec.com\/wp-content\/uploads\/2022\/03\/Outdoor-Optical-Node-180x180.png 180w, https:\/\/goya-tec.com\/wp-content\/uploads\/2022\/03\/Outdoor-Optical-Node-500x500.png 500w\" sizes=\"(max-width: 1348px) 100vw, 1348px\" \/>\t\t\t\t\t\t\t\t\t\t\t\t\t\t\t<\/div>\n\t\t\t\t<\/div>\n\t\t\t\t\t<\/div>\n\t\t<\/div>\n\t\t\t\t<div class=\"elementor-column elementor-col-50 elementor-top-column elementor-element elementor-element-d07e034\" data-id=\"d07e034\" data-element_type=\"column\">\n\t\t\t<div class=\"elementor-widget-wrap elementor-element-populated\">\n\t\t\t\t\t\t<div class=\"elementor-element elementor-element-60c4b5b elementor-widget elementor-widget-heading\" data-id=\"60c4b5b\" data-element_type=\"widget\" data-widget_type=\"heading.default\">\n\t\t\t\t<div class=\"elementor-widget-container\">\n\t\t\t\t\t<h4 class=\"elementor-heading-title elementor-size-default\">GYR1200 Universal Optical Node <\/h4>\t\t\t\t<\/div>\n\t\t\t\t<\/div>\n\t\t\t\t<div class=\"elementor-element elementor-element-9f513a5 elementor-widget elementor-widget-text-editor\" data-id=\"9f513a5\" data-element_type=\"widget\" data-widget_type=\"text-editor.default\">\n\t\t\t\t<div class=\"elementor-widget-container\">\n\t\t\t\t\t\t\t\t\t<p><strong>Nodo \u00d3ptico GYR1200: Soluci\u00f3n Avanzada para Transmisi\u00f3n de Se\u00f1ales y Modem Cable<\/strong><\/p><p>El <em>GYR1200 Optical Node<\/em> es un nodo \u00f3ptico robusto con una carcasa de aluminio fundido universal, dise\u00f1ado para ofrecer una soluci\u00f3n integral en la transmisi\u00f3n de se\u00f1ales de TV anal\u00f3gica, DVB-C y CMTS DS, as\u00ed como para la gesti\u00f3n de se\u00f1ales de modem cable en modo regular o de r\u00e1faga (burst mode) a trav\u00e9s de fibra bidireccional o fibra secundaria.<\/p><p>Este nodo \u00f3ptico permite una salida de RF de camino de avance (forward path) con un nivel de hasta 108 dB\u00b5V o 112 dB\u00b5V, disponible en configuraciones de puerto \u00fanico o doble, y con un ancho de banda de 1005 MHz o 1218 MHz, seg\u00fan las necesidades de la instalaci\u00f3n. El <em>GYR1200<\/em> es compatible con las tecnolog\u00edas DOCSIS 2.0, DOCSIS 3.0 y DOCSIS 3.1, lo que asegura un rendimiento de alta velocidad y calidad de servicio para las redes de cable y servicios de Internet.<\/p><p>Ideal para redes de distribuci\u00f3n de se\u00f1ales de TV y telecomunicaciones, el GYR1200 ofrece flexibilidad y fiabilidad para operadores de cable, proporcionando una soluci\u00f3n eficiente y escalable para aplicaciones de televisi\u00f3n por cable y transmisi\u00f3n de datos.<\/p>\t\t\t\t\t\t\t\t<\/div>\n\t\t\t\t<\/div>\n\t\t\t\t<div class=\"elementor-element elementor-element-b20ece9 elementor-widget elementor-widget-button\" data-id=\"b20ece9\" data-element_type=\"widget\" data-widget_type=\"button.default\">\n\t\t\t\t<div class=\"elementor-widget-container\">\n\t\t\t\t\t\t\t\t\t<div class=\"elementor-button-wrapper\">\n\t\t\t\t\t<a class=\"elementor-button elementor-button-link elementor-size-sm\" href=\"https:\/\/goya-tec.com\/wp-content\/uploads\/2022\/03\/GYR1200-Universal-Optical-Node.doc\" download=\"GYR1200\">\n\t\t\t\t\t\t<span class=\"elementor-button-content-wrapper\">\n\t\t\t\t\t\t\t\t\t<span class=\"elementor-button-text\">Descargar Ficha<\/span>\n\t\t\t\t\t<\/span>\n\t\t\t\t\t<\/a>\n\t\t\t\t<\/div>\n\t\t\t\t\t\t\t\t<\/div>\n\t\t\t\t<\/div>\n\t\t\t\t\t<\/div>\n\t\t<\/div>\n\t\t\t\t\t<\/div>\n\t\t<\/section>\n\t\t\t\t<\/div>","protected":false},"excerpt":{"rendered":"<p>&nbsp; GYR1200 Universal Optical Node Nodo \u00d3ptico GYR1200: Soluci\u00f3n Avanzada para Transmisi\u00f3n de Se\u00f1ales y Modem Cable El GYR1200 Optical Node es un nodo \u00f3ptico robusto con una carcasa de aluminio fundido universal, dise\u00f1ado para ofrecer una soluci\u00f3n integral en la transmisi\u00f3n de se\u00f1ales de TV anal\u00f3gica, DVB-C y CMTS DS, as\u00ed como para la [&#8230;]","protected":false},"author":3,"featured_media":0,"parent":0,"menu_order":0,"comment_status":"closed","ping_status":"closed","template":"template\/page\/fullwidth.php","meta":{"bgseo_title":"","bgseo_description":"","bgseo_robots_index":"index","bgseo_robots_follow":"follow","om_disable_all_campaigns":false,"_monsterinsights_skip_tracking":false,"_monsterinsights_sitenote_active":false,"_monsterinsights_sitenote_note":"","_monsterinsights_sitenote_category":0,"footnotes":""},"class_list":["post-989","page","type-page","status-publish","hentry"],"yoast_head":"<!-- This site is optimized with the Yoast SEO plugin v24.5 - https:\/\/yoast.com\/wordpress\/plugins\/seo\/ -->\n<title>GYR1200 | Goya-Tec<\/title>\n<meta name=\"robots\" content=\"index, follow, max-snippet:-1, max-image-preview:large, max-video-preview:-1\" \/>\n<link rel=\"canonical\" href=\"https:\/\/goya-tec.com\/en_us\/gyr1200\/\" \/>\n<meta property=\"og:locale\" content=\"en_US\" \/>\n<meta property=\"og:type\" content=\"article\" \/>\n<meta property=\"og:title\" content=\"GYR1200 - Goya-Tec\" \/>\n<meta property=\"og:description\" content=\"&nbsp; GYR1200 Universal Optical Node Nodo \u00d3ptico GYR1200: Soluci\u00f3n Avanzada para Transmisi\u00f3n de Se\u00f1ales y Modem Cable El GYR1200 Optical Node es un nodo \u00f3ptico robusto con una carcasa de aluminio fundido universal, dise\u00f1ado para ofrecer una soluci\u00f3n integral en la transmisi\u00f3n de se\u00f1ales de TV anal\u00f3gica, DVB-C y CMTS DS, as\u00ed como para la [...]\" \/>\n<meta property=\"og:url\" content=\"https:\/\/goya-tec.com\/en_us\/gyr1200\/\" \/>\n<meta property=\"og:site_name\" content=\"Goya-Tec\" \/>\n<meta property=\"article:modified_time\" content=\"2025-01-09T12:55:30+00:00\" \/>\n<meta property=\"og:image\" content=\"https:\/\/goya-tec.com\/wp-content\/uploads\/2022\/03\/Outdoor-Optical-Node.png\" \/>\n\t<meta property=\"og:image:width\" content=\"1348\" \/>\n\t<meta property=\"og:image:height\" content=\"1348\" \/>\n\t<meta property=\"og:image:type\" content=\"image\/png\" \/>\n<meta name=\"twitter:card\" content=\"summary_large_image\" \/>\n<meta name=\"twitter:label1\" content=\"Est. reading time\" \/>\n\t<meta name=\"twitter:data1\" content=\"2 minutes\" \/>\n<script type=\"application\/ld+json\" class=\"yoast-schema-graph\">{\"@context\":\"https:\/\/schema.org\",\"@graph\":[{\"@type\":\"WebPage\",\"@id\":\"https:\/\/goya-tec.com\/gyr1200\/\",\"url\":\"https:\/\/goya-tec.com\/gyr1200\/\",\"name\":\"GYR1200 - Goya-Tec\",\"isPartOf\":{\"@id\":\"https:\/\/goya-tec.com\/#website\"},\"primaryImageOfPage\":{\"@id\":\"https:\/\/goya-tec.com\/gyr1200\/#primaryimage\"},\"image\":{\"@id\":\"https:\/\/goya-tec.com\/gyr1200\/#primaryimage\"},\"thumbnailUrl\":\"https:\/\/goya-tec.com\/wp-content\/uploads\/2022\/03\/Outdoor-Optical-Node.png\",\"datePublished\":\"2022-03-21T19:14:34+00:00\",\"dateModified\":\"2025-01-09T12:55:30+00:00\",\"breadcrumb\":{\"@id\":\"https:\/\/goya-tec.com\/gyr1200\/#breadcrumb\"},\"inLanguage\":\"en-US\",\"potentialAction\":[{\"@type\":\"ReadAction\",\"target\":[\"https:\/\/goya-tec.com\/gyr1200\/\"]}]},{\"@type\":\"ImageObject\",\"inLanguage\":\"en-US\",\"@id\":\"https:\/\/goya-tec.com\/gyr1200\/#primaryimage\",\"url\":\"https:\/\/goya-tec.com\/wp-content\/uploads\/2022\/03\/Outdoor-Optical-Node.png\",\"contentUrl\":\"https:\/\/goya-tec.com\/wp-content\/uploads\/2022\/03\/Outdoor-Optical-Node.png\"},{\"@type\":\"BreadcrumbList\",\"@id\":\"https:\/\/goya-tec.com\/gyr1200\/#breadcrumb\",\"itemListElement\":[{\"@type\":\"ListItem\",\"position\":1,\"name\":\"Home\",\"item\":\"https:\/\/goya-tec.com\/\"},{\"@type\":\"ListItem\",\"position\":2,\"name\":\"GYR1200\"}]},{\"@type\":\"WebSite\",\"@id\":\"https:\/\/goya-tec.com\/#website\",\"url\":\"https:\/\/goya-tec.com\/\",\"name\":\"Goya-Tec\",\"description\":\"leaders of dth equipment\",\"potentialAction\":[{\"@type\":\"SearchAction\",\"target\":{\"@type\":\"EntryPoint\",\"urlTemplate\":\"https:\/\/goya-tec.com\/?s={search_term_string}\"},\"query-input\":{\"@type\":\"PropertyValueSpecification\",\"valueRequired\":true,\"valueName\":\"search_term_string\"}}],\"inLanguage\":\"en-US\"}]}<\/script>\n<!-- \/ Yoast SEO plugin. -->","yoast_head_json":{"title":"GYR1200 | Goya-Tec","robots":{"index":"index","follow":"follow","max-snippet":"max-snippet:-1","max-image-preview":"max-image-preview:large","max-video-preview":"max-video-preview:-1"},"canonical":"https:\/\/goya-tec.com\/en_us\/gyr1200\/","og_locale":"en_US","og_type":"article","og_title":"GYR1200 - Goya-Tec","og_description":"&nbsp; GYR1200 Universal Optical Node Nodo \u00d3ptico GYR1200: Soluci\u00f3n Avanzada para Transmisi\u00f3n de Se\u00f1ales y Modem Cable El GYR1200 Optical Node es un nodo \u00f3ptico robusto con una carcasa de aluminio fundido universal, dise\u00f1ado para ofrecer una soluci\u00f3n integral en la transmisi\u00f3n de se\u00f1ales de TV anal\u00f3gica, DVB-C y CMTS DS, as\u00ed como para la [...]","og_url":"https:\/\/goya-tec.com\/en_us\/gyr1200\/","og_site_name":"Goya-Tec","article_modified_time":"2025-01-09T12:55:30+00:00","og_image":[{"width":1348,"height":1348,"url":"https:\/\/goya-tec.com\/wp-content\/uploads\/2022\/03\/Outdoor-Optical-Node.png","type":"image\/png"}],"twitter_card":"summary_large_image","twitter_misc":{"Est. reading time":"2 minutes"},"schema":{"@context":"https:\/\/schema.org","@graph":[{"@type":"WebPage","@id":"https:\/\/goya-tec.com\/gyr1200\/","url":"https:\/\/goya-tec.com\/gyr1200\/","name":"GYR1200 - Goya-Tec","isPartOf":{"@id":"https:\/\/goya-tec.com\/#website"},"primaryImageOfPage":{"@id":"https:\/\/goya-tec.com\/gyr1200\/#primaryimage"},"image":{"@id":"https:\/\/goya-tec.com\/gyr1200\/#primaryimage"},"thumbnailUrl":"https:\/\/goya-tec.com\/wp-content\/uploads\/2022\/03\/Outdoor-Optical-Node.png","datePublished":"2022-03-21T19:14:34+00:00","dateModified":"2025-01-09T12:55:30+00:00","breadcrumb":{"@id":"https:\/\/goya-tec.com\/gyr1200\/#breadcrumb"},"inLanguage":"en-US","potentialAction":[{"@type":"ReadAction","target":["https:\/\/goya-tec.com\/gyr1200\/"]}]},{"@type":"ImageObject","inLanguage":"en-US","@id":"https:\/\/goya-tec.com\/gyr1200\/#primaryimage","url":"https:\/\/goya-tec.com\/wp-content\/uploads\/2022\/03\/Outdoor-Optical-Node.png","contentUrl":"https:\/\/goya-tec.com\/wp-content\/uploads\/2022\/03\/Outdoor-Optical-Node.png"},{"@type":"BreadcrumbList","@id":"https:\/\/goya-tec.com\/gyr1200\/#breadcrumb","itemListElement":[{"@type":"ListItem","position":1,"name":"Home","item":"https:\/\/goya-tec.com\/"},{"@type":"ListItem","position":2,"name":"GYR1200"}]},{"@type":"WebSite","@id":"https:\/\/goya-tec.com\/#website","url":"https:\/\/goya-tec.com\/","name":"Goya-Tec","description":"leaders of dth equipment","potentialAction":[{"@type":"SearchAction","target":{"@type":"EntryPoint","urlTemplate":"https:\/\/goya-tec.com\/?s={search_term_string}"},"query-input":{"@type":"PropertyValueSpecification","valueRequired":true,"valueName":"search_term_string"}}],"inLanguage":"en-US"}]}},"_links":{"self":[{"href":"https:\/\/goya-tec.com\/en_us\/wp-json\/wp\/v2\/pages\/989","targetHints":{"allow":["GET"]}}],"collection":[{"href":"https:\/\/goya-tec.com\/en_us\/wp-json\/wp\/v2\/pages"}],"about":[{"href":"https:\/\/goya-tec.com\/en_us\/wp-json\/wp\/v2\/types\/page"}],"author":[{"embeddable":true,"href":"https:\/\/goya-tec.com\/en_us\/wp-json\/wp\/v2\/users\/3"}],"replies":[{"embeddable":true,"href":"https:\/\/goya-tec.com\/en_us\/wp-json\/wp\/v2\/comments?post=989"}],"version-history":[{"count":10,"href":"https:\/\/goya-tec.com\/en_us\/wp-json\/wp\/v2\/pages\/989\/revisions"}],"predecessor-version":[{"id":1505,"href":"https:\/\/goya-tec.com\/en_us\/wp-json\/wp\/v2\/pages\/989\/revisions\/1505"}],"wp:attachment":[{"href":"https:\/\/goya-tec.com\/en_us\/wp-json\/wp\/v2\/media?parent=989"}],"curies":[{"name":"wp","href":"https:\/\/api.w.org\/{rel}","templated":true}]}}